{"id":10135,"date":"2024-04-29T11:30:01","date_gmt":"2024-04-29T09:30:01","guid":{"rendered":"https:\/\/goethe-schule-harburg.hamburg.de\/?page_id=10135"},"modified":"2024-05-30T14:57:01","modified_gmt":"2024-05-30T12:57:01","slug":"anmeldung","status":"publish","type":"page","link":"https:\/\/goethe-schule-harburg.hamburg.de\/?page_id=10135","title":{"rendered":"Anmeldung"},"content":{"rendered":"\n<div class=\"wpcf7 no-js\" id=\"wpcf7-f10240-o1\" lang=\"de-DE\" dir=\"ltr\" data-wpcf7-id=\"10240\">\n<div class=\"screen-reader-response\"><p role=\"status\" aria-live=\"polite\" aria-atomic=\"true\"><\/p> <ul><\/ul><\/div>\n<form  action=\"\/index.php?rest_route=%2Fwp%2Fv2%2Fpages%2F10135#wpcf7-f10240-o1\" method=\"post\" class=\"wpcf7-form init\" aria-label=\"Kontaktformular\" enctype=\"multipart\/form-data\" novalidate=\"novalidate\" data-status=\"init\"><p><stong><a target=\"_blank\" class=\"privacy-policy-link\" href=\"https:\/\/schulhomepages.hamburg.de\/?page_id=2954\">Datenschutzerkl\u00e4rung<\/a><\/strong><\/p>\n\n<fieldset class=\"hidden-fields-container\"><input type=\"hidden\" name=\"_wpcf7\" value=\"10240\" \/><input type=\"hidden\" name=\"_wpcf7_version\" value=\"6.1.5\" \/><input type=\"hidden\" name=\"_wpcf7_locale\" value=\"de_DE\" \/><input type=\"hidden\" name=\"_wpcf7_unit_tag\" value=\"wpcf7-f10240-o1\" \/><input type=\"hidden\" name=\"_wpcf7_container_post\" value=\"0\" \/><input type=\"hidden\" name=\"_wpcf7_posted_data_hash\" value=\"\" \/>\n<\/fieldset>\n<p>Erasmus+ Anmeldung<br \/>\nHinweis: Nur mit einer vollst\u00e4ndig ausgef\u00fcllten Bewerbung qualifizierst du dich f\u00fcr die Teilnahme an einem Projekt.<br \/>\n* Pflichtfelder\n<\/p>\n<p>Name des Projektes \/ Project name *<br \/>\n<span class=\"wpcf7-form-control-wrap\" data-name=\"NamedesProjektesProjectName\"><input size=\"40\" maxlength=\"400\" class=\"wpcf7-form-control wpcf7-text wpcf7-validates-as-required\" aria-required=\"true\" aria-invalid=\"false\" value=\"\" type=\"text\" name=\"NamedesProjektesProjectName\" \/><\/span>\n<\/p>\n<p>Pers\u00f6nliche Angaben \/ personal information\n<\/p>\n<p>Vorname \/ First Name *<br \/>\n<span class=\"wpcf7-form-control-wrap\" data-name=\"VornameFirstName\"><input size=\"40\" maxlength=\"400\" class=\"wpcf7-form-control wpcf7-text wpcf7-validates-as-required\" aria-required=\"true\" aria-invalid=\"false\" value=\"\" type=\"text\" name=\"VornameFirstName\" \/><\/span>\n<\/p>\n<p>Nachname \/ Last Name *<br \/>\n<span class=\"wpcf7-form-control-wrap\" data-name=\"NachnameLastName\"><input size=\"40\" maxlength=\"400\" class=\"wpcf7-form-control wpcf7-text wpcf7-validates-as-required\" aria-required=\"true\" aria-invalid=\"false\" value=\"\" type=\"text\" name=\"NachnameLastName\" \/><\/span>\n<\/p>\n<p>Geburtsdatum \/ Date of Birth *<br \/>\n<span class=\"wpcf7-form-control-wrap\" data-name=\"date\"><input class=\"wpcf7-form-control wpcf7-date wpcf7-validates-as-required wpcf7-validates-as-date\" aria-required=\"true\" aria-invalid=\"false\" value=\"\" type=\"date\" name=\"date\" \/><\/span>\n<\/p>\n<p>Passbild \/ Photo *<br \/>\n<span class=\"wpcf7-form-control-wrap\" data-name=\"PassfotoPhoto\"><input size=\"40\" class=\"wpcf7-form-control wpcf7-file\" accept=\"audio\/*,video\/*,image\/*\" aria-invalid=\"false\" type=\"file\" name=\"PassfotoPhoto\" \/><\/span>\n<\/p>\n<p>Stra\u00dfe und Hausnummer \/ Street name *<br \/>\n<span class=\"wpcf7-form-control-wrap\" data-name=\"StraeuHausnummerStreetname\"><input size=\"40\" maxlength=\"400\" class=\"wpcf7-form-control wpcf7-text wpcf7-validates-as-required\" aria-required=\"true\" aria-invalid=\"false\" value=\"\" type=\"text\" name=\"StraeuHausnummerStreetname\" \/><\/span>\n<\/p>\n<p>Postleitzahl \/ Postcode *<br \/>\n<span class=\"wpcf7-form-control-wrap\" data-name=\"PostleitzahlPostcode\"><input size=\"40\" maxlength=\"400\" class=\"wpcf7-form-control wpcf7-text wpcf7-validates-as-required\" aria-required=\"true\" aria-invalid=\"false\" value=\"\" type=\"text\" name=\"PostleitzahlPostcode\" \/><\/span>\n<\/p>\n<p>Stadt \/ City *<br \/>\n<span class=\"wpcf7-form-control-wrap\" data-name=\"StadtCity\"><input size=\"40\" maxlength=\"400\" class=\"wpcf7-form-control wpcf7-text wpcf7-validates-as-required\" aria-required=\"true\" aria-invalid=\"false\" value=\"\" type=\"text\" name=\"StadtCity\" \/><\/span>\n<\/p>\n<p>Klasse \/ Class *<br \/>\n<span class=\"wpcf7-form-control-wrap\" data-name=\"KlasseClass\"><input size=\"40\" maxlength=\"400\" class=\"wpcf7-form-control wpcf7-text wpcf7-validates-as-required\" aria-required=\"true\" aria-invalid=\"false\" value=\"\" type=\"text\" name=\"KlasseClass\" \/><\/span>\n<\/p>\n<p>Klassenleitung \/ Class Teacher *<br \/>\n<span class=\"wpcf7-form-control-wrap\" data-name=\"KlassenleitungClassTeacher\"><input size=\"40\" maxlength=\"400\" class=\"wpcf7-form-control wpcf7-text wpcf7-validates-as-required\" aria-required=\"true\" aria-invalid=\"false\" value=\"\" type=\"text\" name=\"KlassenleitungClassTeacher\" \/><\/span>\n<\/p>\n<p>Telefonnummer Eltern \/ Phone parents *<br \/>\n<span class=\"wpcf7-form-control-wrap\" data-name=\"TelefonnummerElternPhoneparents\"><input size=\"40\" maxlength=\"400\" class=\"wpcf7-form-control wpcf7-tel wpcf7-validates-as-required wpcf7-text wpcf7-validates-as-tel\" aria-required=\"true\" aria-invalid=\"false\" value=\"\" type=\"tel\" name=\"TelefonnummerElternPhoneparents\" \/><\/span>\n<\/p>\n<p>eMail Eltern \/ eMail Parents *<br \/>\n<span class=\"wpcf7-form-control-wrap\" data-name=\"eMailElterneMailParents\"><input size=\"40\" maxlength=\"400\" class=\"wpcf7-form-control wpcf7-email wpcf7-validates-as-required wpcf7-text wpcf7-validates-as-email\" aria-required=\"true\" aria-invalid=\"false\" value=\"\" type=\"email\" name=\"eMailElterneMailParents\" \/><\/span>\n<\/p>\n<p>Deine Telefonnummer \/ Your phone-number *<br \/>\n<span class=\"wpcf7-form-control-wrap\" data-name=\"DeineTelefonnummerYourphone-nummber\"><input size=\"40\" maxlength=\"400\" class=\"wpcf7-form-control wpcf7-tel wpcf7-validates-as-required wpcf7-text wpcf7-validates-as-tel\" aria-required=\"true\" aria-invalid=\"false\" value=\"\" type=\"tel\" name=\"DeineTelefonnummerYourphone-nummber\" \/><\/span>\n<\/p>\n<p>Deine IServ-eMail \/ Your IServ-eMail *<br \/>\n<span class=\"wpcf7-form-control-wrap\" data-name=\"DeineeMailYoureMail\"><input size=\"40\" maxlength=\"400\" class=\"wpcf7-form-control wpcf7-email wpcf7-validates-as-required wpcf7-text wpcf7-validates-as-email\" aria-required=\"true\" aria-invalid=\"false\" value=\"\" type=\"email\" name=\"DeineeMailYoureMail\" \/><\/span>\n<\/p>\n<p>Hobbies *<br \/>\n<span class=\"wpcf7-form-control-wrap\" data-name=\"Hobbies\"><input size=\"40\" maxlength=\"400\" class=\"wpcf7-form-control wpcf7-text wpcf7-validates-as-required\" aria-required=\"true\" aria-invalid=\"false\" value=\"\" type=\"text\" name=\"Hobbies\" \/><\/span>\n<\/p>\n<p>Englischnote \/ English grade *<br \/>\n<span class=\"wpcf7-form-control-wrap\" data-name=\"EnglischnoteEnglishgrade\"><input size=\"40\" maxlength=\"400\" class=\"wpcf7-form-control wpcf7-text wpcf7-validates-as-required\" aria-required=\"true\" aria-invalid=\"false\" value=\"\" type=\"text\" name=\"EnglischnoteEnglishgrade\" \/><\/span>\n<\/p>\n<p>Fremdsprachenkenntnisse \/ Other languages *<br \/>\n<span class=\"wpcf7-form-control-wrap\" data-name=\"FremdsprachenkenntnisseOtherlanguages\"><input size=\"40\" maxlength=\"400\" class=\"wpcf7-form-control wpcf7-text wpcf7-validates-as-required\" aria-required=\"true\" aria-invalid=\"false\" value=\"\" type=\"text\" name=\"FremdsprachenkenntnisseOtherlanguages\" \/><\/span>\n<\/p>\n<p>Musikinstrumente \/ Musical Instruments *<br \/>\n<span class=\"wpcf7-form-control-wrap\" data-name=\"MusikinstrumenteMusicalInstruments\"><input size=\"40\" maxlength=\"400\" class=\"wpcf7-form-control wpcf7-text wpcf7-validates-as-required\" aria-required=\"true\" aria-invalid=\"false\" value=\"\" type=\"text\" name=\"MusikinstrumenteMusicalInstruments\" \/><\/span>\n<\/p>\n<p>Geschwister \/ Siblings *<br \/>\n<span class=\"wpcf7-form-control-wrap\" data-name=\"GeschwisterSiblings\"><input size=\"40\" maxlength=\"400\" class=\"wpcf7-form-control wpcf7-text wpcf7-validates-as-required\" aria-required=\"true\" aria-invalid=\"false\" value=\"\" type=\"text\" name=\"GeschwisterSiblings\" \/><\/span>\n<\/p>\n<p>Haustiere \/ Pets *<br \/>\n<span class=\"wpcf7-form-control-wrap\" data-name=\"HaustierePets\"><input size=\"40\" maxlength=\"400\" class=\"wpcf7-form-control wpcf7-text wpcf7-validates-as-required\" aria-required=\"true\" aria-invalid=\"false\" value=\"\" type=\"text\" name=\"HaustierePets\" \/><\/span>\n<\/p>\n<p>Medizinische Angaben \/ Medical Information\n<\/p>\n<p>Krankheiten \/ Illness *<br \/>\n<span class=\"wpcf7-form-control-wrap\" data-name=\"KrankheitenIllness\"><input size=\"40\" maxlength=\"400\" class=\"wpcf7-form-control wpcf7-text wpcf7-validates-as-required\" aria-required=\"true\" aria-invalid=\"false\" value=\"\" type=\"text\" name=\"KrankheitenIllness\" \/><\/span>\n<\/p>\n<p>Krankenkasse \/ Health insurance agency *<br \/>\n<span class=\"wpcf7-form-control-wrap\" data-name=\"KrankenkasseHealthinsuranceagency\"><input size=\"40\" maxlength=\"400\" class=\"wpcf7-form-control wpcf7-text wpcf7-validates-as-required\" aria-required=\"true\" aria-invalid=\"false\" value=\"\" type=\"text\" name=\"KrankenkasseHealthinsuranceagency\" \/><\/span>\n<\/p>\n<p>Medikamenteneinname \/ Medication *<br \/>\n<span class=\"wpcf7-form-control-wrap\" data-name=\"MedikamenteneinnameMedication\"><input size=\"40\" maxlength=\"400\" class=\"wpcf7-form-control wpcf7-text wpcf7-validates-as-required\" aria-required=\"true\" aria-invalid=\"false\" value=\"\" type=\"text\" name=\"MedikamenteneinnameMedication\" \/><\/span>\n<\/p>\n<p>Allergien \/ Allergies *<br \/>\n<span class=\"wpcf7-form-control-wrap\" data-name=\"AllergienAllergies\"><input size=\"40\" maxlength=\"400\" class=\"wpcf7-form-control wpcf7-text wpcf7-validates-as-required\" aria-required=\"true\" aria-invalid=\"false\" value=\"\" type=\"text\" name=\"AllergienAllergies\" \/><\/span>\n<\/p>\n<p>Sonstiges \/ Else<br \/>\n<span class=\"wpcf7-form-control-wrap\" data-name=\"SonstigesElse\"><textarea cols=\"40\" rows=\"10\" maxlength=\"2000\" class=\"wpcf7-form-control wpcf7-textarea\" aria-invalid=\"false\" name=\"SonstigesElse\"><\/textarea><\/span>\n<\/p>\n<p>Einschr\u00e4nkungen in der Freizeitgestaltung \/ Activities *\n<\/p>\n<p>Ist ihr Sohn \/ ihre Tochter f\u00fcr gewisse Sportaktivit\u00e4ten (z. B. Schwimmen, Radfahren, Wandern, Bootsfahren usw.) k\u00f6rperlich eingeschr\u00e4nkt?<br \/>\nDoes your son \/ daughter experience limitations when performing recreational activites (e.g. swimming, hiking, mountainbiking etc.)?\n<\/p>\n<p><span class=\"wpcf7-form-control-wrap\" data-name=\"Nein\"><span class=\"wpcf7-form-control wpcf7-acceptance optional\"><span class=\"wpcf7-list-item\"><input type=\"checkbox\" name=\"Nein\" value=\"1\" aria-invalid=\"false\" \/><\/span><\/span><\/span> Nein \/ No\n<\/p>\n<p>Ja, und zwar \/ Yes, specifically<br \/>\n<span class=\"wpcf7-form-control-wrap\" data-name=\"Jaundzwar\"><textarea cols=\"40\" rows=\"10\" maxlength=\"2000\" class=\"wpcf7-form-control wpcf7-textarea\" aria-invalid=\"false\" name=\"Jaundzwar\"><\/textarea><\/span>\n<\/p>\n<p>Schwimmen ist ausschlie\u00dflich an von Rettungsschwimmern beaufsichtigten Orten und auf eigene Gefahr zul\u00e4ssig.<br \/>\nDarf Ihre Tochter \/ Ihr Sohn schwimmen \/ Rad fahren \/ wandern \/ Boot fahren?<br \/>\nSwimming is restricted to areas overseen by lifeguards and at one's own risk. Is your daughter \/ son allowed to swim, bike, hike, cruise?\n<\/p>\n<p><span class=\"wpcf7-form-control-wrap\" data-name=\"Ja\"><span class=\"wpcf7-form-control wpcf7-acceptance optional\"><span class=\"wpcf7-list-item\"><input type=\"checkbox\" name=\"Ja\" value=\"1\" aria-invalid=\"false\" \/><\/span><\/span><\/span> Ja \/ Yes\n<\/p>\n<p>Nein, und zwar \/ No, specifically<br \/>\n<span class=\"wpcf7-form-control-wrap\" data-name=\"Neinundzwar\"><textarea cols=\"40\" rows=\"10\" maxlength=\"2000\" class=\"wpcf7-form-control wpcf7-textarea\" aria-invalid=\"false\" name=\"Neinundzwar\"><\/textarea><\/span>\n<\/p>\n<p>Verhaltensregeln \/ Code of conduct *\n<\/p>\n<p>Damit unser Aufenthalt f\u00fcr alle ein sch\u00f6nes Erlebnis wird, m\u00fcssen einige Regeln beachtet werden, die f\u00fcr Schulfahrten im Allgemeinen gelten. Hierbei ist es rechtlich unerheblich, ob Ihre Tochter \/ Ihr Sohn vollj\u00e4hrig ist oder nicht:\n<\/p>\n<p>1) Die Anweisungen der Lehrkr\u00e4fte und erziehungsbeauftragten Personen sind stets zu befolgen. Es wird um ein diszipliniertes Verhalten der Sch\u00fcler bei Flug-, Bus- und Bahnfahrten und bei den Ausfl\u00fcgen gebeten.\n<\/p>\n<p>2) Reisedokumente: F\u00fcr die G\u00fcltigkeit der Reisedokumente, die Einhaltung der Einreisebestimmungen des Ziellandes sowie die Beachtung s\u00e4mtlicher Visabestimmungen sowie der jeweiligen Zollvorschriften sind Sie als Erziehungsberechtigter verantwortlich. Dazu geh\u00f6rt auch die Beachtung des Aufenthaltsstatus bei Nicht-EU-B\u00fcrgern. Entstehende Mehrkosten sind von Ihnen zu \u00fcbernehmen.\n<\/p>\n<p>3) P\u00fcnktlichkeit: Sollte es durch Versp\u00e4tungen o.\u00e4. zu Verz\u00f6gerungen kommen, tragen Sie als Erziehungsberechtigter die dadurch entstehenden Kosten. Diese werden dann nicht erstattet.\n<\/p>\n<p>4) Sitzpl\u00e4tze: Die Sitzpl\u00e4tze sind einzuhalten. Das Stehen im Gang ist aus Sicherheitsgr\u00fcnden untersagt. Jeder Teilnehmer ist f\u00fcr die Sauberkeit seines Sitzplatzes verantwortlich. Bei der An-\/ Abfahrt herrscht absolutes Rauch- und Alkoholverbot.\n<\/p>\n<p>5) Gep\u00e4ck: Nach M\u00f6glichkeit eine gro\u00dfe Reisetasche oder ein Koffer sowie eine kleine Tasche oder Rucksack f\u00fcr das Handgep\u00e4ck.\n<\/p>\n<p>6) Jugendschutzgesetz: Der Austausch ist eine Schulveranstaltung, es gilt die strikte Einhaltung des Jugendschutzgesetzes: generelles Verbot von Alkohol und Drogen sowie Waffen jeglicher Art (bei Versto\u00df werden die verbotenen Gegenst\u00e4nde eingesammelt, es erfolgt keine R\u00fcckgabe und kein finanzieller Ersatz, weitere Disziplinarma\u00dfnahmen sind m\u00f6glich).\n<\/p>\n<p>7) Freizeit: Alle Sch\u00fclerInnen m\u00fcssen sich sp\u00e4testens bis zur jeweils vereinbarten Zeit in der Unterkunft einfinden. Im Freizeitbereich gilt: nicht mit Unbekannten mitgehen oder mitfahren, keine Gesch\u00e4fte t\u00e4tigen, nichts unterschreiben, Fremden gegen\u00fcber keine Angaben zur Person machen. Es besteht die Gefahr von Taschendiebstehlen oder \u00dcbervorteilung bei Taschenspielertricks.\n<\/p>\n<p>8) R\u00fccksichtnahme: Diszipliniertes Verhalten und R\u00fccksichtnahme gegen\u00fcber Mitmenschen und anderen G\u00e4sten in der Unterkunft sind anzustreben (z.B. Lautst\u00e4rke).\n<\/p>\n<p>9) Regelverletzung: Sollte Ihre Tochter \/ Ihr Sohn durch fahrl\u00e4ssiges Verhalten oder fortgesetzte, grobe Disziplinlosigkeit das Gelingen der Reise gef\u00e4hrden, werden Sie von uns telefonisch davon in Kenntnis gesetzt und aufgefordert, gegebenenfalls Ihre Tochter \/ Ihren Sohn im Zielgebiet abzuholen. Alle dadurch entstehenden Kosten tragen Sie als Erziehungsberechtigter. Falls Ihr Sohn \/ Ihre Tochter nicht selbst abgeholt werden kann, wird die Sch\u00fclerin \/ der Sch\u00fcler auf Ihre Kosten ohne Begleitung nach Hause geschickt.\n<\/p>\n<p>10) Wertgegenst\u00e4nde: Auf Wertgegenst\u00e4nde, Personalausweise\/Reisep\u00e4sse und Geld ist selbst zu achten (kein Versicherungsschutz).\n<\/p>\n<p>11) Hausordnung: Zur Disziplin und Ordnung in der Unterkunft muss die Hausordnung beachtet und strikt eingehalten werden. Im Schadensfall muss der Schaden durch den Verursacher in voller H\u00f6he getragen werden.\n<\/p>\n<p>12) Austausch: Wir sind uns bewusst, dass es sich bei allen Projekten um AUSTAUSCHPROJEKTE handelt. Mit der Teilnahme erkl\u00e4ren wir uns bereit, im Gegenzug eine:n Gastsch\u00fcler:in f\u00fcr den zweiten Teil des Austausches bei uns zuhause aufzunehmen.\n<\/p>\n<p>13) Krankheit: Nach der Anmeldung zum Austauschprogramm besteht lediglich die M\u00f6glichkeit zur Abmeldung aufgrund von Krankheit als alleiniger Grund zur Nicht-Teilnahme.\n<\/p>\n<p>14) Info-Abend: Die Teilnahme von Sch\u00fcler:in und Erziehungsberechtigten an einem vorbereitenden Info-Abend vor dem Austauschprogramm ist verpflichtend f\u00fcr die Teilnahme. (Unentschuldigte) Nicht-Teilnahme f\u00fchrt zum sofortigen Ausschluss vom Programm.\n<\/p>\n<p>Wir (Eltern und Kind) haben die Verhaltensregeln und die Einverst\u00e4ndniserkl\u00e4rung gelesen und akzeptiert.<br \/>\nWe (parents and students) have read the code of conduct and agree for the student to take part in the exchange.\n<\/p>\n<p><span class=\"wpcf7-form-control-wrap\" data-name=\"Kenntnisnahme\"><span class=\"wpcf7-form-control wpcf7-acceptance\"><span class=\"wpcf7-list-item\"><input type=\"checkbox\" name=\"Kenntnisnahme\" value=\"1\" aria-invalid=\"false\" \/><\/span><\/span><\/span> Mein Kind und ich stimmen den Regeln zu \/ my child and I agree to the terms.\n<\/p>\n<p><span id=\"wpcf7-69e347686d3e5-wrapper\" class=\"wpcf7-form-control-wrap pot01-wrap\" style=\"display:none !important; visibility:hidden !important;\"><input type=\"hidden\" name=\"pot01-time-start\" value=\"1776502632\"><input type=\"hidden\" name=\"pot01-time-check\" value=\"6\"><label for=\"wpcf7-69e347686d3e5-field\" class=\"hp-message\">Bitte lasse dieses Feld leer.<\/label><input id=\"wpcf7-69e347686d3e5-field\"  class=\"wpcf7-form-control wpcf7-text\" type=\"text\" name=\"pot01\" value=\"\" size=\"40\" tabindex=\"-1\" autocomplete=\"new-password\" \/><\/span>\n<\/p>\n<p><span class=\"wpcf7-form-control-wrap\" data-name=\"Kenntnisnahme\"><span class=\"wpcf7-form-control wpcf7-acceptance\"><span class=\"wpcf7-list-item\"><input type=\"checkbox\" name=\"Kenntnisnahme\" value=\"1\" aria-invalid=\"false\" \/><\/span><\/span><\/span> Hiermit best\u00e4tige ich als Erziehungsberechtigte:r meines Kindes, die Anmeldung zum Austauschprogramm durchgef\u00fchrt zu haben.\n<\/p>\n<p>F\u00fcr den Austausch in Hamburg k\u00f6nnen wir bei uns zuhause aufnehmen (Mehrfachauswahl m\u00f6glich):<br \/>\nFor the visit in Hamburg we can host a (check at least one box):\n<\/p>\n<p><span class=\"wpcf7-form-control-wrap\" data-name=\"AufnahmeGast\"><span class=\"wpcf7-form-control wpcf7-checkbox wpcf7-validates-as-required\"><span class=\"wpcf7-list-item first\"><label><input type=\"checkbox\" name=\"AufnahmeGast[]\" value=\"Sch\u00fcler \/ Boy\" \/><span class=\"wpcf7-list-item-label\">Sch\u00fcler \/ Boy<\/span><\/label><\/span><span class=\"wpcf7-list-item\"><label><input type=\"checkbox\" name=\"AufnahmeGast[]\" value=\"Sch\u00fclerin \/ Girl\" \/><span class=\"wpcf7-list-item-label\">Sch\u00fclerin \/ Girl<\/span><\/label><\/span><span class=\"wpcf7-list-item\"><label><input type=\"checkbox\" name=\"AufnahmeGast[]\" value=\"egal \/ I don&#039;t care\" \/><span class=\"wpcf7-list-item-label\">egal \/ I don&#039;t care<\/span><\/label><\/span><span class=\"wpcf7-list-item last\"><label><input type=\"checkbox\" name=\"AufnahmeGast[]\" value=\"auch zwei G\u00e4ste m\u00f6glich \/ two guests also possible\" \/><span class=\"wpcf7-list-item-label\">auch zwei G\u00e4ste m\u00f6glich \/ two guests also possible<\/span><\/label><\/span><\/span><\/span>\n<\/p>\n<p>Ihre Nachricht \/ Additional information<br \/>\n<span class=\"wpcf7-form-control-wrap\" data-name=\"Nachricht\"><textarea cols=\"40\" rows=\"10\" maxlength=\"2000\" class=\"wpcf7-form-control wpcf7-textarea\" aria-invalid=\"false\" name=\"Nachricht\"><\/textarea><\/span>\n<\/p>\n<p><input class=\"wpcf7-form-control wpcf7-submit has-spinner\" type=\"submit\" value=\"Senden \/ send\" \/>\n<\/p><div class=\"wpcf7-response-output\" aria-hidden=\"true\"><\/div>\n<\/form>\n<\/div>\n\n<p>&nbsp;<\/p>\n","protected":false},"excerpt":{"rendered":"<p>&nbsp;<\/p>\n","protected":false},"author":1702,"featured_media":0,"parent":0,"menu_order":0,"comment_status":"closed","ping_status":"closed","template":"","meta":{"_acf_changed":false,"footnotes":""},"class_list":["post-10135","page","type-page","status-publish","hentry"],"acf":[],"_links":{"self":[{"href":"https:\/\/goethe-schule-harburg.hamburg.de\/index.php?rest_route=\/wp\/v2\/pages\/10135","targetHints":{"allow":["GET"]}}],"collection":[{"href":"https:\/\/goethe-schule-harburg.hamburg.de\/index.php?rest_route=\/wp\/v2\/pages"}],"about":[{"href":"https:\/\/goethe-schule-harburg.hamburg.de\/index.php?rest_route=\/wp\/v2\/types\/page"}],"author":[{"embeddable":true,"href":"https:\/\/goethe-schule-harburg.hamburg.de\/index.php?rest_route=\/wp\/v2\/users\/1702"}],"replies":[{"embeddable":true,"href":"https:\/\/goethe-schule-harburg.hamburg.de\/index.php?rest_route=%2Fwp%2Fv2%2Fcomments&post=10135"}],"version-history":[{"count":2,"href":"https:\/\/goethe-schule-harburg.hamburg.de\/index.php?rest_route=\/wp\/v2\/pages\/10135\/revisions"}],"predecessor-version":[{"id":10242,"href":"https:\/\/goethe-schule-harburg.hamburg.de\/index.php?rest_route=\/wp\/v2\/pages\/10135\/revisions\/10242"}],"wp:attachment":[{"href":"https:\/\/goethe-schule-harburg.hamburg.de\/index.php?rest_route=%2Fwp%2Fv2%2Fmedia&parent=10135"}],"curies":[{"name":"wp","href":"https:\/\/api.w.org\/{rel}","templated":true}]}}