{"id":10823,"date":"2024-09-30T12:01:14","date_gmt":"2024-09-30T10:01:14","guid":{"rendered":"https:\/\/goethe-schule-harburg.hamburg.de\/?page_id=10823"},"modified":"2024-10-07T11:46:47","modified_gmt":"2024-10-07T09:46:47","slug":"step-by-step-2","status":"publish","type":"page","link":"https:\/\/goethe-schule-harburg.hamburg.de\/?page_id=10823","title":{"rendered":"\u00bbStep by Step\u00ab"},"content":{"rendered":"<p>&nbsp;<\/p>\n<p><a href=\"https:\/\/www.stepbystep-hh.de\"><img loading=\"lazy\" decoding=\"async\" class=\"wp-image-10924 size-full aligncenter\" src=\"https:\/\/goethe-schule-harburg.hamburg.de\/wp-content\/uploads\/sites\/155\/2024\/10\/SBS_Logo_RGB.png\" alt=\"\" width=\"295\" height=\"152\"><\/a><\/p>\n<p>&nbsp;<\/p>\n<p style=\"text-align: center\"><em><strong>\u00bbStep by Step\u00ab<\/strong> ist ein Tanzprojekt von conecco gUG \u2013 Kultur, Entwicklung und Management in Kooperation mit der Bu\u0308rgerStiftung Hamburg. Gemeinsam entwickeln sie mit professionellen Choreograf*innen partizipative Projekte im Bereich Zeitgen\u00f6ssischer Tanz mit Kindern und Jugendlichen, insbesondere mit Schulen und in Stadtteilen mit Entwicklungspotenzial der Metropolregion Hamburg. Seit 2007 haben insgesamt 45 Schulen mit rund 4600 Schu\u0308ler*innen aus 29 Stadtteilen aller Hamburger Bezirke an \u00bbStep by Step\u00ab teilgenommen.<\/em><\/p>\n<p style=\"text-align: center\"><img loading=\"lazy\" decoding=\"async\" class=\"alignnone size-medium wp-image-10925\" src=\"https:\/\/goethe-schule-harburg.hamburg.de\/wp-content\/uploads\/sites\/155\/2024\/10\/Titelfoto_Flyer-149x300.jpg\" alt=\"\" width=\"149\" height=\"300\" srcset=\"https:\/\/goethe-schule-harburg.hamburg.de\/wp-content\/uploads\/sites\/155\/2024\/10\/Titelfoto_Flyer-149x300.jpg 149w, https:\/\/goethe-schule-harburg.hamburg.de\/wp-content\/uploads\/sites\/155\/2024\/10\/Titelfoto_Flyer-507x1024.jpg 507w, https:\/\/goethe-schule-harburg.hamburg.de\/wp-content\/uploads\/sites\/155\/2024\/10\/Titelfoto_Flyer-768x1550.jpg 768w, https:\/\/goethe-schule-harburg.hamburg.de\/wp-content\/uploads\/sites\/155\/2024\/10\/Titelfoto_Flyer-761x1536.jpg 761w, https:\/\/goethe-schule-harburg.hamburg.de\/wp-content\/uploads\/sites\/155\/2024\/10\/Titelfoto_Flyer-1015x2048.jpg 1015w, https:\/\/goethe-schule-harburg.hamburg.de\/wp-content\/uploads\/sites\/155\/2024\/10\/Titelfoto_Flyer-1024x2066.jpg 1024w, https:\/\/goethe-schule-harburg.hamburg.de\/wp-content\/uploads\/sites\/155\/2024\/10\/Titelfoto_Flyer-535x1080.jpg 535w, https:\/\/goethe-schule-harburg.hamburg.de\/wp-content\/uploads\/sites\/155\/2024\/10\/Titelfoto_Flyer.jpg 1223w\" sizes=\"auto, (max-width: 149px) 100vw, 149px\" \/><\/p>\n<p style=\"text-align: left\">Im Schuljahr 2023\/2024 tanzten an der GSH die Klassen IVK 5-6 &nbsp;mit Frau Glockner und Frau Rapp sowie die 6e mit Frau Reuter und der Choreografin Pepita Carstens zwei Schulstunden w\u00f6chentlich und in vereinbarten Intensivprobenzeiten. Im aktuellen Schuljahr 2024\/2025 sind es die Klassen 5e mit Frau Reuter und die 6e mit Frau von Harling und Herrn Sander, die an dem Tanzprojekt teilnehmen.<\/p>\n<p style=\"text-align: left\"><strong>\u00bbStep by Step\u00ab<\/strong> macht zeitgen\u00f6ssischen Tanz als unmittelbare Ausdrucksform erfahrbar, akzeptiert und fordert die Bewegungsm\u00f6glichkeiten und Kreativit\u00e4t der Schu\u0308ler*innen heraus sowie st\u00e4rkt deren Selbstwirksamkeit und Gemeinschaft.<\/p>\n<p style=\"text-align: left\"><strong>Tanz schafft Austausch und Erfahrungen.<\/strong><br \/>\n\u00dcber das eigentliche Tanztraining hinaus erleben die Schu\u0308ler*innen bei Exkursionen oder u\u0308ber<br \/>\nG\u00e4ste im Unterricht Hamburgs Tanz- und Theaterlandschaft hautnah. Sie schauen hinter die Kulissen, sehen bei Lecture Performances, Proben und Auffu\u0308hrungen zu oder tauschen sich mit Choreograf*innen, Dramaturg*innen und T\u00e4nzer*innen aus.<\/p>\n<p style=\"text-align: left\">Die \u00bbStep by Step\u00ab Klassen bei einer Bu\u0308hnenfu\u0308hrung im Ernst Deutsch Theater:<\/p>\n<p><a href=\"https:\/\/www.stepbystep-hh.de\/aktuelles\/buehnenfuehrung_2023\/\">https:\/\/www.stepbystep-hh.de\/aktuelles\/buehnenfuehrung_2023\/<\/a><\/p>\n<p style=\"text-align: left\">Lecture Performance der \u00bbStep by Step\u00ab Choreograf*innen im Studio 1 in der Dosenfabrik<\/p>\n<p><a href=\"https:\/\/www.stepbystep-hh.de\/aktuelles\/lecture-performance-2024\/\">https:\/\/www.stepbystep-hh.de\/aktuelles\/lecture-performance-2024\/<\/a><\/p>\n<p>&nbsp;<\/p>\n<p style=\"text-align: left\"><strong>Applaus macht stark<br \/>\n<\/strong>Ein wesentliches Element von \u00bbStep by Step\u00ab sind Auffu\u0308hrungen der tanzenden Klassen. Gemeinsam mit den Tanzp\u00e4dagog*innen erarbeiten die Schu\u0308ler*innen eine Choreografie. Das Schuljahr 2023\/24 stand unter dem Motto \u00bbUmwelt\u00ab. Neben Pr\u00e4sentationen in der Schule und\/oder im Stadtteil organisiert die Projektleitung j\u00e4hrlich eine zentrale Auffu\u0308hrung in Hamburg, in der die teilnehmenden Klassen zum Abschluss des Schuljahres ihre Stu\u0308cke pr\u00e4sentieren. Im Schuljahr 2023\/24 fanden sie am 27. und 28. Juni 2024 im Ernst Deutsch Theater statt.<\/p>\n<p style=\"text-align: left\">Anbei ein paar Eindr\u00fccke der Show:<\/p>\n<p>&nbsp;<\/p>\n<p style=\"text-align: left\"><div class=\"rl-gallery-container rl-loading\" id=\"rl-gallery-container-1\" data-gallery_id=\"10906\"> <div class=\"rl-gallery rl-basicgrid-gallery \" id=\"rl-gallery-1\" data-gallery_no=\"1\"> <div class=\"rl-gallery-item\"><a href=\"https:\/\/goethe-schule-harburg.hamburg.de\/wp-content\/uploads\/sites\/155\/2024\/10\/24.06.27_EDT_SBS_Goethe_IVK_6e_Pepita_AnjaBeutler.de_102-scaled.jpg\" title=\"\" data-rl_title=\"\" class=\"rl-gallery-link\" data-rl_caption=\"\" data-rel=\"lightbox-gallery-1\"><img loading=\"lazy\" decoding=\"async\" src=\"https:\/\/goethe-schule-harburg.hamburg.de\/wp-content\/uploads\/sites\/155\/2024\/10\/24.06.27_EDT_SBS_Goethe_IVK_6e_Pepita_AnjaBeutler.de_102-300x200.jpg\" width=\"300\" height=\"200\" alt=\"\" \/><\/a><\/div><div class=\"rl-gallery-item\"><a href=\"https:\/\/goethe-schule-harburg.hamburg.de\/wp-content\/uploads\/sites\/155\/2024\/10\/24.06.27_EDT_SBS_Goethe_IVK_6e_Pepita_AnjaBeutler.de_099-scaled.jpg\" title=\"\" data-rl_title=\"\" class=\"rl-gallery-link\" data-rl_caption=\"\" data-rel=\"lightbox-gallery-1\"><img loading=\"lazy\" decoding=\"async\" src=\"https:\/\/goethe-schule-harburg.hamburg.de\/wp-content\/uploads\/sites\/155\/2024\/10\/24.06.27_EDT_SBS_Goethe_IVK_6e_Pepita_AnjaBeutler.de_099-300x200.jpg\" width=\"300\" height=\"200\" alt=\"\" \/><\/a><\/div><div class=\"rl-gallery-item\"><a href=\"https:\/\/goethe-schule-harburg.hamburg.de\/wp-content\/uploads\/sites\/155\/2024\/10\/24.06.27_EDT_SBS_Goethe_IVK_6e_Pepita_AnjaBeutler.de_055-scaled.jpg\" title=\"\" data-rl_title=\"\" class=\"rl-gallery-link\" data-rl_caption=\"\" data-rel=\"lightbox-gallery-1\"><img loading=\"lazy\" decoding=\"async\" src=\"https:\/\/goethe-schule-harburg.hamburg.de\/wp-content\/uploads\/sites\/155\/2024\/10\/24.06.27_EDT_SBS_Goethe_IVK_6e_Pepita_AnjaBeutler.de_055-300x200.jpg\" width=\"300\" height=\"200\" alt=\"\" \/><\/a><\/div><div class=\"rl-gallery-item\"><a href=\"https:\/\/goethe-schule-harburg.hamburg.de\/wp-content\/uploads\/sites\/155\/2024\/10\/24.06.27_EDT_SBS_Goethe_IVK_6e_Pepita_AnjaBeutler.de_054-scaled.jpg\" title=\"\" data-rl_title=\"\" class=\"rl-gallery-link\" data-rl_caption=\"\" data-rel=\"lightbox-gallery-1\"><img loading=\"lazy\" decoding=\"async\" src=\"https:\/\/goethe-schule-harburg.hamburg.de\/wp-content\/uploads\/sites\/155\/2024\/10\/24.06.27_EDT_SBS_Goethe_IVK_6e_Pepita_AnjaBeutler.de_054-300x200.jpg\" width=\"300\" height=\"200\" alt=\"\" \/><\/a><\/div><div class=\"rl-gallery-item\"><a href=\"https:\/\/goethe-schule-harburg.hamburg.de\/wp-content\/uploads\/sites\/155\/2024\/10\/24.06.27_EDT_SBS_Goethe_IVK_6e_Pepita_AnjaBeutler.de_036-scaled.jpg\" title=\"\" data-rl_title=\"\" class=\"rl-gallery-link\" data-rl_caption=\"\" data-rel=\"lightbox-gallery-1\"><img loading=\"lazy\" decoding=\"async\" src=\"https:\/\/goethe-schule-harburg.hamburg.de\/wp-content\/uploads\/sites\/155\/2024\/10\/24.06.27_EDT_SBS_Goethe_IVK_6e_Pepita_AnjaBeutler.de_036-300x200.jpg\" width=\"300\" height=\"200\" alt=\"\" \/><\/a><\/div><div class=\"rl-gallery-item\"><a href=\"https:\/\/goethe-schule-harburg.hamburg.de\/wp-content\/uploads\/sites\/155\/2024\/10\/24.06.27_EDT_SBS_Goethe_IVK_6e_Pepita_AnjaBeutler.de_027-scaled.jpg\" title=\"\" data-rl_title=\"\" class=\"rl-gallery-link\" data-rl_caption=\"\" data-rel=\"lightbox-gallery-1\"><img loading=\"lazy\" decoding=\"async\" src=\"https:\/\/goethe-schule-harburg.hamburg.de\/wp-content\/uploads\/sites\/155\/2024\/10\/24.06.27_EDT_SBS_Goethe_IVK_6e_Pepita_AnjaBeutler.de_027-300x200.jpg\" width=\"300\" height=\"200\" alt=\"\" \/><\/a><\/div><div class=\"rl-gallery-item\"><a href=\"https:\/\/goethe-schule-harburg.hamburg.de\/wp-content\/uploads\/sites\/155\/2024\/10\/24.06.27_EDT_SBS_Goethe_IVK_6e_Pepita_AnjaBeutler.de_018-scaled.jpg\" title=\"\" data-rl_title=\"\" class=\"rl-gallery-link\" data-rl_caption=\"\" data-rel=\"lightbox-gallery-1\"><img loading=\"lazy\" decoding=\"async\" src=\"https:\/\/goethe-schule-harburg.hamburg.de\/wp-content\/uploads\/sites\/155\/2024\/10\/24.06.27_EDT_SBS_Goethe_IVK_6e_Pepita_AnjaBeutler.de_018-300x200.jpg\" width=\"300\" height=\"200\" alt=\"\" \/><\/a><\/div><div class=\"rl-gallery-item\"><a href=\"https:\/\/goethe-schule-harburg.hamburg.de\/wp-content\/uploads\/sites\/155\/2024\/10\/24.06.27_EDT_SBS_Goethe_IVK_5_6_Pepita_AnjaBeutler.de_75-scaled.jpg\" title=\"\" data-rl_title=\"\" class=\"rl-gallery-link\" data-rl_caption=\"\" data-rel=\"lightbox-gallery-1\"><img loading=\"lazy\" decoding=\"async\" src=\"https:\/\/goethe-schule-harburg.hamburg.de\/wp-content\/uploads\/sites\/155\/2024\/10\/24.06.27_EDT_SBS_Goethe_IVK_5_6_Pepita_AnjaBeutler.de_75-300x200.jpg\" width=\"300\" height=\"200\" alt=\"\" \/><\/a><\/div><div class=\"rl-gallery-item\"><a href=\"https:\/\/goethe-schule-harburg.hamburg.de\/wp-content\/uploads\/sites\/155\/2024\/10\/24.06.27_EDT_SBS_Goethe_IVK_5_6_Pepita_AnjaBeutler.de_62-scaled.jpg\" title=\"\" data-rl_title=\"\" class=\"rl-gallery-link\" data-rl_caption=\"\" data-rel=\"lightbox-gallery-1\"><img loading=\"lazy\" decoding=\"async\" src=\"https:\/\/goethe-schule-harburg.hamburg.de\/wp-content\/uploads\/sites\/155\/2024\/10\/24.06.27_EDT_SBS_Goethe_IVK_5_6_Pepita_AnjaBeutler.de_62-300x200.jpg\" width=\"300\" height=\"200\" alt=\"\" \/><\/a><\/div><div class=\"rl-gallery-item\"><a href=\"https:\/\/goethe-schule-harburg.hamburg.de\/wp-content\/uploads\/sites\/155\/2024\/10\/24.06.27_EDT_SBS_Goethe_IVK_5_6_Pepita_AnjaBeutler.de_48-scaled.jpg\" title=\"\" data-rl_title=\"\" class=\"rl-gallery-link\" data-rl_caption=\"\" data-rel=\"lightbox-gallery-1\"><img loading=\"lazy\" decoding=\"async\" src=\"https:\/\/goethe-schule-harburg.hamburg.de\/wp-content\/uploads\/sites\/155\/2024\/10\/24.06.27_EDT_SBS_Goethe_IVK_5_6_Pepita_AnjaBeutler.de_48-300x200.jpg\" width=\"300\" height=\"200\" alt=\"\" \/><\/a><\/div><div class=\"rl-gallery-item\"><a href=\"https:\/\/goethe-schule-harburg.hamburg.de\/wp-content\/uploads\/sites\/155\/2024\/10\/24.06.27_EDT_SBS_Goethe_IVK_5_6_Pepita_AnjaBeutler.de_07-scaled.jpg\" title=\"\" data-rl_title=\"\" class=\"rl-gallery-link\" data-rl_caption=\"\" data-rel=\"lightbox-gallery-1\"><img loading=\"lazy\" decoding=\"async\" src=\"https:\/\/goethe-schule-harburg.hamburg.de\/wp-content\/uploads\/sites\/155\/2024\/10\/24.06.27_EDT_SBS_Goethe_IVK_5_6_Pepita_AnjaBeutler.de_07-300x200.jpg\" width=\"300\" height=\"200\" alt=\"\" \/><\/a><\/div><div class=\"rl-gallery-item\"><a href=\"https:\/\/goethe-schule-harburg.hamburg.de\/wp-content\/uploads\/sites\/155\/2024\/10\/24.06.27_EDT_SBS_Goethe_IVK_5_6_Pepita_AnjaBeutler.de_19-scaled.jpg\" title=\"\" data-rl_title=\"\" class=\"rl-gallery-link\" data-rl_caption=\"\" data-rel=\"lightbox-gallery-1\"><img loading=\"lazy\" decoding=\"async\" src=\"https:\/\/goethe-schule-harburg.hamburg.de\/wp-content\/uploads\/sites\/155\/2024\/10\/24.06.27_EDT_SBS_Goethe_IVK_5_6_Pepita_AnjaBeutler.de_19-300x200.jpg\" width=\"300\" height=\"200\" alt=\"\" \/><\/a><\/div><div class=\"rl-gallery-item\"><a href=\"https:\/\/goethe-schule-harburg.hamburg.de\/wp-content\/uploads\/sites\/155\/2024\/10\/24.06.27_EDT_SBS_Goethe_IVK_5_6_Pepita_AnjaBeutler.de_30-scaled.jpg\" title=\"\" data-rl_title=\"\" class=\"rl-gallery-link\" data-rl_caption=\"\" data-rel=\"lightbox-gallery-1\"><img loading=\"lazy\" decoding=\"async\" src=\"https:\/\/goethe-schule-harburg.hamburg.de\/wp-content\/uploads\/sites\/155\/2024\/10\/24.06.27_EDT_SBS_Goethe_IVK_5_6_Pepita_AnjaBeutler.de_30-300x200.jpg\" width=\"300\" height=\"200\" alt=\"\" \/><\/a><\/div><div class=\"rl-gallery-item\"><a href=\"https:\/\/goethe-schule-harburg.hamburg.de\/wp-content\/uploads\/sites\/155\/2024\/10\/24.06.27_EDT_SBS_Goethe_IVK_5_6_Pepita_AnjaBeutler.de_40-scaled.jpg\" title=\"\" data-rl_title=\"\" class=\"rl-gallery-link\" data-rl_caption=\"\" data-rel=\"lightbox-gallery-1\"><img loading=\"lazy\" decoding=\"async\" src=\"https:\/\/goethe-schule-harburg.hamburg.de\/wp-content\/uploads\/sites\/155\/2024\/10\/24.06.27_EDT_SBS_Goethe_IVK_5_6_Pepita_AnjaBeutler.de_40-300x200.jpg\" width=\"300\" height=\"200\" alt=\"\" \/><\/a><\/div> <\/div> <\/div><\/p>\n<p style=\"text-align: left\">&nbsp;<\/p>\n<p><img loading=\"lazy\" decoding=\"async\" class=\"alignnone size-full wp-image-10923\" src=\"https:\/\/goethe-schule-harburg.hamburg.de\/wp-content\/uploads\/sites\/155\/2024\/10\/conecco_gUG_pfade_cmyk.jpg\" alt=\"\" width=\"288\" height=\"80\"> <img loading=\"lazy\" decoding=\"async\" class=\"alignnone size-medium wp-image-10927\" src=\"https:\/\/goethe-schule-harburg.hamburg.de\/wp-content\/uploads\/sites\/155\/2024\/10\/bsh_logo_RGB_zoom_600.jpg-300x116.jpeg\" alt=\"\" width=\"300\" height=\"116\" srcset=\"https:\/\/goethe-schule-harburg.hamburg.de\/wp-content\/uploads\/sites\/155\/2024\/10\/bsh_logo_RGB_zoom_600.jpg-300x116.jpeg 300w, https:\/\/goethe-schule-harburg.hamburg.de\/wp-content\/uploads\/sites\/155\/2024\/10\/bsh_logo_RGB_zoom_600.jpg.jpeg 600w\" sizes=\"auto, (max-width: 300px) 100vw, 300px\" \/><\/p>\n","protected":false},"excerpt":{"rendered":"<p>&nbsp; &nbsp; \u00bbStep by Step\u00ab ist ein Tanzprojekt von conecco gUG \u2013 Kultur, Entwicklung und Management in Kooperation mit der Bu\u0308rgerStiftung Hamburg. Gemeinsam entwickeln sie mit professionellen Choreograf*innen partizipative Projekte im Bereich Zeitgen\u00f6ssischer Tanz mit Kindern und Jugendlichen, insbesondere mit Schulen und in Stadtteilen mit Entwicklungspotenzial der Metropolregion Hamburg. Seit 2007 haben insgesamt 45 Schulen&hellip; <br \/> <a class=\"read-more\" href=\"https:\/\/goethe-schule-harburg.hamburg.de\/?page_id=10823\">Weiterlesen<\/a><\/p>\n","protected":false},"author":1702,"featured_media":0,"parent":0,"menu_order":0,"comment_status":"closed","ping_status":"closed","template":"","meta":{"_acf_changed":false,"footnotes":""},"class_list":["post-10823","page","type-page","status-publish","hentry"],"acf":[],"_links":{"self":[{"href":"https:\/\/goethe-schule-harburg.hamburg.de\/index.php?rest_route=\/wp\/v2\/pages\/10823","targetHints":{"allow":["GET"]}}],"collection":[{"href":"https:\/\/goethe-schule-harburg.hamburg.de\/index.php?rest_route=\/wp\/v2\/pages"}],"about":[{"href":"https:\/\/goethe-schule-harburg.hamburg.de\/index.php?rest_route=\/wp\/v2\/types\/page"}],"author":[{"embeddable":true,"href":"https:\/\/goethe-schule-harburg.hamburg.de\/index.php?rest_route=\/wp\/v2\/users\/1702"}],"replies":[{"embeddable":true,"href":"https:\/\/goethe-schule-harburg.hamburg.de\/index.php?rest_route=%2Fwp%2Fv2%2Fcomments&post=10823"}],"version-history":[{"count":9,"href":"https:\/\/goethe-schule-harburg.hamburg.de\/index.php?rest_route=\/wp\/v2\/pages\/10823\/revisions"}],"predecessor-version":[{"id":10935,"href":"https:\/\/goethe-schule-harburg.hamburg.de\/index.php?rest_route=\/wp\/v2\/pages\/10823\/revisions\/10935"}],"wp:attachment":[{"href":"https:\/\/goethe-schule-harburg.hamburg.de\/index.php?rest_route=%2Fwp%2Fv2%2Fmedia&parent=10823"}],"curies":[{"name":"wp","href":"https:\/\/api.w.org\/{rel}","templated":true}]}}