{"id":11,"date":"2015-03-06T16:09:48","date_gmt":"2015-03-06T15:09:48","guid":{"rendered":"http:\/\/goethe-schule-harburg.schulhomepages.hamburg.de\/?page_id=11"},"modified":"2024-07-01T10:30:36","modified_gmt":"2024-07-01T08:30:36","slug":"kontakt","status":"publish","type":"page","link":"https:\/\/goethe-schule-harburg.hamburg.de\/?page_id=11","title":{"rendered":"Kontakt"},"content":{"rendered":"<h1>KONTAKT<\/h1>\n<p>&nbsp;<\/p>\n<h2>Hauptstandort Ei\u00dfendorfer Stra\u00dfe<\/h2>\n<h2><img loading=\"lazy\" decoding=\"async\" class=\"size-full wp-image-1001 alignleft\" src=\"https:\/\/goethe-schule-harburg.hamburg.de\/wp-content\/uploads\/sites\/155\/2015\/03\/eissendorfer.jpg\" alt=\"eissendorfer\" width=\"300\" height=\"200\"><\/h2>\n<p>Schulleitung und Klassen 5-10<\/p>\n<p>Goethe-Schule-Harburg<br \/>\nStadtteilschule<br \/>\nEi\u00dfendorfer Stra\u00dfe 26<br \/>\n21073 Hamburg<\/p>\n<p>Telefon: 428 871 0 (ab 07:30 Uhr)<br \/>\nTelefax: 428 871 272<\/p>\n<p>Leitzahl: 620\/5070<br \/>\n<a title=\"Geb\u00e4udeplan\" href=\"https:\/\/goethe-schule-harburg.hamburg.de\/wp-content\/uploads\/sites\/155\/2020\/02\/findex_2020.pdf\"><img loading=\"lazy\" decoding=\"async\" class=\"margin alignleft wp-image-87 size-medium\" src=\"https:\/\/goethe-schule-harburg.hamburg.de\/wp-content\/uploads\/sites\/155\/2020\/02\/findex_2020.jpg\" alt=\"\" width=\"211\" height=\"800\"><\/a>E-Mail: <a href=\"mailto:goethe-schule-harburg@bsb.hamburg.de\">goethe-schule-harburg@bsb.hamburg.de<\/a><\/p>\n<p>Sekretariat: Frau Kaplan, Frau Scheithauer,&nbsp; &nbsp; &nbsp;<br \/>\nFrau T\u00fcrkyilmaz, Frau Zellermann<\/p>\n<p style=\"padding-left: 317px\">\u00d6ffnungszeiten:<br \/>\nMontag: 07:00 &#8211; 15:00<br \/>\nDienstag: 07:00 &#8211; 15:30 Uhr<br \/>\nMittwoch: 07:00 &#8211; 13:30 und 14:30 &#8211; 15:00 Uhr<br \/>\nDonnerstag: 07:00 &#8211; 15:30 Uhr<br \/>\nFreitag: 07:00 &#8211; 14:00 Uhr<\/p>\n<p style=\"padding-left: 317px\">Hausmeisterteam: Frau Opitz, Herr Opitz,&nbsp; &nbsp; &nbsp;<br \/>\nHerr Isserstedt<\/p>\n<p>&nbsp;<\/p>\n<h2>Standort Bunatwiete<\/h2>\n<p><img loading=\"lazy\" decoding=\"async\" class=\"size-full wp-image-999 alignleft\" src=\"https:\/\/goethe-schule-harburg.hamburg.de\/wp-content\/uploads\/sites\/155\/2015\/11\/bunatwiete.jpg\" alt=\"bunatwiete\" width=\"300\" height=\"212\"><\/p>\n<p>Klassen 11-13<\/p>\n<p>Goethe-Schule-Harburg<br \/>\nStandort Bunatwiete<br \/>\nBunatwiete 20<br \/>\n21073 Hamburg<\/p>\n<p>Telefon: (040) 428 871 310<br \/>\nTelefax: (040) 428 871 322<\/p>\n<p style=\"padding-left: 317px\">Leitzahl: 619\/5070<\/p>\n<p style=\"padding-left: 317px\">Abteilungsleiter: Herr B\u00e4nsch<br \/>\nSekretariat: Frau Reinhold<\/p>\n<p style=\"padding-left: 317px\">\u00d6ffnungszeiten:<br \/>\nMontag, Dienstag: 7:30 \u2013 15:00 Uhr<br \/>\nMittwoch: 7:30 \u2013 13:00 Uhr<br \/>\nDonnerstag: 7:30 \u2013 15:00 Uhr<br \/>\nFreitag: 7:30 \u2013 14:00 Uhr<\/p>\n<p style=\"padding-left: 317px\">Hausmeister: Herr Kupsch, Tel. 428 871 313<\/p>\n<p>&nbsp;<\/p>\n","protected":false},"excerpt":{"rendered":"<p>KONTAKT &nbsp; Hauptstandort Ei\u00dfendorfer Stra\u00dfe Schulleitung und Klassen 5-10 Goethe-Schule-Harburg Stadtteilschule Ei\u00dfendorfer Stra\u00dfe 26 21073 Hamburg Telefon: 428 871 0 (ab 07:30 Uhr) Telefax: 428 871 272 Leitzahl: 620\/5070 E-Mail: goethe-schule-harburg@bsb.hamburg.de Sekretariat: Frau Kaplan, Frau Scheithauer,&nbsp; &nbsp; &nbsp; Frau T\u00fcrkyilmaz, Frau Zellermann \u00d6ffnungszeiten: Montag: 07:00 &#8211; 15:00 Dienstag: 07:00 &#8211; 15:30 Uhr Mittwoch: 07:00 &#8211;&hellip; <br \/> <a class=\"read-more\" href=\"https:\/\/goethe-schule-harburg.hamburg.de\/?page_id=11\">Weiterlesen<\/a><\/p>\n","protected":false},"author":247,"featured_media":0,"parent":0,"menu_order":0,"comment_status":"closed","ping_status":"closed","template":"","meta":{"_acf_changed":false,"footnotes":""},"class_list":["post-11","page","type-page","status-publish","hentry"],"acf":[],"_links":{"self":[{"href":"https:\/\/goethe-schule-harburg.hamburg.de\/index.php?rest_route=\/wp\/v2\/pages\/11","targetHints":{"allow":["GET"]}}],"collection":[{"href":"https:\/\/goethe-schule-harburg.hamburg.de\/index.php?rest_route=\/wp\/v2\/pages"}],"about":[{"href":"https:\/\/goethe-schule-harburg.hamburg.de\/index.php?rest_route=\/wp\/v2\/types\/page"}],"author":[{"embeddable":true,"href":"https:\/\/goethe-schule-harburg.hamburg.de\/index.php?rest_route=\/wp\/v2\/users\/247"}],"replies":[{"embeddable":true,"href":"https:\/\/goethe-schule-harburg.hamburg.de\/index.php?rest_route=%2Fwp%2Fv2%2Fcomments&post=11"}],"version-history":[{"count":25,"href":"https:\/\/goethe-schule-harburg.hamburg.de\/index.php?rest_route=\/wp\/v2\/pages\/11\/revisions"}],"predecessor-version":[{"id":10532,"href":"https:\/\/goethe-schule-harburg.hamburg.de\/index.php?rest_route=\/wp\/v2\/pages\/11\/revisions\/10532"}],"wp:attachment":[{"href":"https:\/\/goethe-schule-harburg.hamburg.de\/index.php?rest_route=%2Fwp%2Fv2%2Fmedia&parent=11"}],"curies":[{"name":"wp","href":"https:\/\/api.w.org\/{rel}","templated":true}]}}