{"id":11052,"date":"2024-11-14T09:23:54","date_gmt":"2024-11-14T08:23:54","guid":{"rendered":"https:\/\/goethe-schule-harburg.hamburg.de\/?page_id=11052"},"modified":"2024-11-14T09:37:49","modified_gmt":"2024-11-14T08:37:49","slug":"klimaschutz","status":"publish","type":"page","link":"https:\/\/goethe-schule-harburg.hamburg.de\/?page_id=11052","title":{"rendered":"Klimaschutz"},"content":{"rendered":"\n<div><span style=\"color: #4f7a28;font-family: Arial\"><b>Klima &#8211; wir handeln!<\/b><\/span><\/div>\n<div><span style=\"font-family: Arial\">&nbsp;<\/span><\/div>\n<div>\n<p><span style=\"font-family: Arial\">Klimaschutz ist eine der gr\u00f6\u00dften Herausforderungen des 21. Jahrhunderts. Hierf\u00fcr sind alle aufgerufen, Ma\u00dfnahmen zum Schutz des Klimas einzuleiten. Wir, die Goethe Schule Harburg<i>, <\/i>sind dabei und handeln! Unsere Schule stellt sich aktiv ihrer Verantwortung zum Klimaschutz.&nbsp;<\/span><\/p>\n<p><span style=\"font-family: Arial\">Unser langfristiges Ziel ist es, dass unsere Schule bis 2050 eine deutliche Reduktion der CO2-Emissionen erreicht. Wir, die Goethe Schule Harburg<i>, <\/i>sehen uns in der Verantwortung einen Beitrag zum Klimaschutz zu leisten. Den Klimaschutzplan sehen wir als Planungshilfe und Evaluationsinstrument und arbeiten st\u00e4ndig an der Umsetzung unserer Ziele. Im Klimaschutzplan unserer Schule ist festgeschrieben, dass:&nbsp;<\/span><\/p>\n<ul>\n<li><span style=\"font-family: Arial\">unsere Sch\u00fclerinnen und Sch\u00fcler Handlungskompetenzen in dem Themenfeld \u201eKlimawandel und Klimaschutz\u201c erwerben und&nbsp;<\/span><\/li>\n<li><span style=\"font-family: Arial\">wir mit Ma\u00dfnahmen zur CO2-Reduktion einen Beitrag zum konkreten Klimaschutz leisten.&nbsp;<\/span><\/li>\n<\/ul>\n<p><span style=\"font-family: Arial\">Als p\u00e4dagogische Institution und Verbraucher von nicht unerheblichen Ressourcen, sind wir also in einer Doppelrolle beteiligt. Diese Rolle wollen wir nutzen um in den kommenden Jahren Umwelt- und Klimaschutz noch st\u00e4rker in die Unterrichtsf\u00e4cher zu bringen, damit die Schulgemeinschaft sich mit dem Thema klimagerechtes Verhalten weiter auseinandersetzt.&nbsp;<\/span><\/p>\n<h3><span style=\"font-family: Arial\">Klimaschutzbeauftragte<\/span><\/h3>\n<p><span style=\"color: #1a1a1a;font-family: Arial\">Susanne Sch\u00fcler , Kattrin Zander, Vasca Scheppelmann<\/span><\/p>\n<p><span style=\"font-family: Arial\"><span style=\"color: #1a1a1a\">Hier geht es zum <\/span><a href=\"https:\/\/goethe-schule-harburg.hamburg.de\/?page_id=11073\"><span style=\"color: #0061ff\">tabellarischen Klimaschutzplan<\/span><\/a><span style=\"color: #1a1a1a\"> 2024 sowie dem <\/span><a href=\"https:\/\/goethe-schule-harburg.hamburg.de\/?page_id=11068\"><span style=\"color: #0061ff\">Klimaschutzplan<\/span><\/a><span style=\"color: #1a1a1a\">&nbsp;<\/span><\/span><\/p>\n<\/div>\n","protected":false},"excerpt":{"rendered":"<p>Klima &#8211; wir handeln! &nbsp; Klimaschutz ist eine der gr\u00f6\u00dften Herausforderungen des 21. Jahrhunderts. Hierf\u00fcr sind alle aufgerufen, Ma\u00dfnahmen zum Schutz des Klimas einzuleiten. Wir, die Goethe Schule Harburg, sind dabei und handeln! Unsere Schule stellt sich aktiv ihrer Verantwortung zum Klimaschutz.&nbsp; Unser langfristiges Ziel ist es, dass unsere Schule bis 2050 eine deutliche Reduktion&hellip; <br \/> <a class=\"read-more\" href=\"https:\/\/goethe-schule-harburg.hamburg.de\/?page_id=11052\">Weiterlesen<\/a><\/p>\n","protected":false},"author":1702,"featured_media":0,"parent":0,"menu_order":0,"comment_status":"closed","ping_status":"closed","template":"","meta":{"_acf_changed":false,"footnotes":""},"class_list":["post-11052","page","type-page","status-publish","hentry"],"acf":[],"_links":{"self":[{"href":"https:\/\/goethe-schule-harburg.hamburg.de\/index.php?rest_route=\/wp\/v2\/pages\/11052","targetHints":{"allow":["GET"]}}],"collection":[{"href":"https:\/\/goethe-schule-harburg.hamburg.de\/index.php?rest_route=\/wp\/v2\/pages"}],"about":[{"href":"https:\/\/goethe-schule-harburg.hamburg.de\/index.php?rest_route=\/wp\/v2\/types\/page"}],"author":[{"embeddable":true,"href":"https:\/\/goethe-schule-harburg.hamburg.de\/index.php?rest_route=\/wp\/v2\/users\/1702"}],"replies":[{"embeddable":true,"href":"https:\/\/goethe-schule-harburg.hamburg.de\/index.php?rest_route=%2Fwp%2Fv2%2Fcomments&post=11052"}],"version-history":[{"count":8,"href":"https:\/\/goethe-schule-harburg.hamburg.de\/index.php?rest_route=\/wp\/v2\/pages\/11052\/revisions"}],"predecessor-version":[{"id":11076,"href":"https:\/\/goethe-schule-harburg.hamburg.de\/index.php?rest_route=\/wp\/v2\/pages\/11052\/revisions\/11076"}],"wp:attachment":[{"href":"https:\/\/goethe-schule-harburg.hamburg.de\/index.php?rest_route=%2Fwp%2Fv2%2Fmedia&parent=11052"}],"curies":[{"name":"wp","href":"https:\/\/api.w.org\/{rel}","templated":true}]}}