{"id":1112,"date":"2016-02-12T14:42:21","date_gmt":"2016-02-12T13:42:21","guid":{"rendered":"http:\/\/goethe-schule-harburg.schulhomepages.hamburg.de\/?page_id=1112"},"modified":"2022-11-14T13:33:53","modified_gmt":"2022-11-14T12:33:53","slug":"preise-und-auszeichnungen","status":"publish","type":"page","link":"https:\/\/goethe-schule-harburg.hamburg.de\/?page_id=1112","title":{"rendered":"Preise und Auszeichnungen"},"content":{"rendered":"<h1>PREISE UND AUSZEICHNUNGEN<\/h1>\n<p>&nbsp;<\/p>\n<p><img loading=\"lazy\" decoding=\"async\" class=\"alignnone size-medium wp-image-8414\" src=\"https:\/\/goethe-schule-harburg.hamburg.de\/wp-content\/uploads\/sites\/155\/2022\/11\/erasmusplus-logo-all-en-300dpi-300x121.jpg\" alt=\"\" width=\"300\" height=\"121\" srcset=\"https:\/\/goethe-schule-harburg.hamburg.de\/wp-content\/uploads\/sites\/155\/2022\/11\/erasmusplus-logo-all-en-300dpi-300x121.jpg 300w, https:\/\/goethe-schule-harburg.hamburg.de\/wp-content\/uploads\/sites\/155\/2022\/11\/erasmusplus-logo-all-en-300dpi-1024x415.jpg 1024w, https:\/\/goethe-schule-harburg.hamburg.de\/wp-content\/uploads\/sites\/155\/2022\/11\/erasmusplus-logo-all-en-300dpi-768x311.jpg 768w, https:\/\/goethe-schule-harburg.hamburg.de\/wp-content\/uploads\/sites\/155\/2022\/11\/erasmusplus-logo-all-en-300dpi.jpg 1042w\" sizes=\"auto, (max-width: 300px) 100vw, 300px\" \/><\/p>\n<p>Unsere Schule hat sich erfolgreich f\u00fcr das F\u00f6rderprogramm der Europ\u00e4ischen Union &#8222;Erasmus+&#8220; akkreditiert.<\/p>\n<p>\u201eDie F\u00f6rderung der europaweiten Zusammenarbeit in allen Bildungsbereichen ist ein wichtiges Anliegen der Europ\u00e4ischen Union. Das erfolgreiche EU-Programm &#8222;Erasmus+&#8220; f\u00fcr Bildung, Jugend und Sport wird deshalb fortgef\u00fchrt. Auf dem Weg zu einem gemeinsamen Europ\u00e4ischen Bildungsraum kommt dem Programm eine Schl\u00fcsselrolle zu. Zwischen 2021 und 2027 steht dazu ein Gesamtbudget von ca. 26 Milliarden Euro zur Verf\u00fcgung.<\/p>\n<p>&#8222;Erasmus+&#8220; soll lebenslanges Lernen f\u00f6rdern, nachhaltiges Wachstum erm\u00f6glichen, sozialen Zusammenhalt und die europ\u00e4ische Identit\u00e4t st\u00e4rken sowie Innovationen vorantreiben. Im Zentrum des Programms stehen dabei die Themen Inklusion und Diversit\u00e4t, Digitalisierung, politische Bildung und Nachhaltigkeit, die eng miteinander verbunden sind.\u201c<\/p>\n<p>&nbsp;<\/p>\n<p>&nbsp;<\/p>\n<p><img loading=\"lazy\" decoding=\"async\" class=\"wp-image-1833 alignleft\" src=\"https:\/\/goethe-schule-harburg.hamburg.de\/wp-content\/uploads\/sites\/155\/2020\/01\/logo_heart_save_school.png\" alt=\"\" width=\"170\" height=\"92\">Am Dienstag, den 17.12.19 \u00fcberreichte Dr. Martin Buchholz, der Gr\u00fcnder der Herzretter Initiative vom &#8222;Ich kann Leben retten! e.V., der GSH feierlich die Auszeichnung \u201eHeart Safe School\u201c sowie einen Defibrillator. Der Defibrillator ist mittlerweile im B-Geb\u00e4ude der Schule montiert und hilft uns, im Notfall Leben zu retten.<\/p>\n<p>Die Schule hat es sich zur Aufgabe gemacht, auch in den kommenden Jahren alle M\u00e4dchen und Jungen der sechsten Klassen in einem speziell f\u00fcr sie ausgerichteten <a href=\"https:\/\/goethe-schule-harburg.hamburg.de\/?p=6348\">Training<\/a> in den lebensrettenden Erstma\u00dfnahmen auszubilden. Denn Leben retten kann jeder!<\/p>\n<hr>\n<p><img loading=\"lazy\" decoding=\"async\" class=\"wp-image-1833 alignleft\" src=\"https:\/\/goethe-schule-harburg.hamburg.de\/wp-content\/uploads\/sites\/155\/2019\/09\/moinzukunft-logo.jpg\" alt=\"\" width=\"170\" height=\"92\">Marcel Busch, Melanie Busch und Nele Wittwer gewinnen noch nach ihrem Abitur beim Hamburger Klimawettbewerb #moinzukunft ein \u00f6kologisches Forschungspraktikum im Sch\u00fclerlabor OPENSEA Helgoland des Alfred-Wegener-Instituts. Die Urkunden werden am 12. September 2019 vom Umweltsenator Jens Kerstan feierlich \u00fcbergeben.<\/p>\n<hr>\n<p><img loading=\"lazy\" decoding=\"async\" class=\"wp-image-1833 alignleft\" src=\"https:\/\/goethe-schule-harburg.hamburg.de\/wp-content\/uploads\/sites\/155\/2017\/12\/logo_abgedreht.jpg\" alt=\"\" width=\"170\" height=\"92\" srcset=\"https:\/\/goethe-schule-harburg.hamburg.de\/wp-content\/uploads\/sites\/155\/2017\/12\/logo_abgedreht.jpg 418w, https:\/\/goethe-schule-harburg.hamburg.de\/wp-content\/uploads\/sites\/155\/2017\/12\/logo_abgedreht-300x163.jpg 300w\" sizes=\"auto, (max-width: 170px) 100vw, 170px\" \/>Mit ihrem Musikvideo zum Song \u201eSpanky\u201c des Hamburger Musikers und Schauspielers Jacques Palminger &amp; 440 Hz Trio haben die Sch\u00fcler des ERWAN-Kurses <strong><em>Beat Up<\/em><\/strong> beim 29. Nachwuchsfilmfestival <strong>abgedreht!<\/strong> den 1. Preis in der Kategorie \u201eBester Sch\u00fclerfilm\u201c gewonnen.<\/p>\n<hr>\n<p><img loading=\"lazy\" decoding=\"async\" class=\"alignleft wp-image-1687 size-full\" src=\"https:\/\/goethe-schule-harburg.hamburg.de\/wp-content\/uploads\/sites\/155\/2016\/02\/logo-schule-ohne-rassismus-e1500368784726.jpg\" alt=\"\" width=\"198\" height=\"77\">Die GSH ist eine <strong>Schule ohne Rassismus \u2014 Schule mit Courage<\/strong>. Mehr als 80 Prozent unserer Schulgemeinschaft hat mit ihrer Unterschrift gezeigt, dass sie sich an der GSH aktiv gegen jede Form von Diskriminierung einsetzen wollen.<\/p>\n<hr>\n<p><img loading=\"lazy\" decoding=\"async\" class=\"wp-image-1688 alignleft\" src=\"https:\/\/goethe-schule-harburg.hamburg.de\/wp-content\/uploads\/sites\/155\/2017\/12\/logo-berufsorientierung.jpg\" alt=\"\" width=\"220\" height=\"111\">Die GSH ist erneut vom Zentrum Schule &amp; Wirtschaft des Landesinstituts f\u00fcr Lehrerbildung und Schulentwicklung mit dem Qualit\u00e4tssiegel <strong>Schule mit vorbildlicher Berufsorientierung (2017-2020)<\/strong> ausgezeichnet worden. Das Siegel wird f\u00fcr drei Jahre verliehen und w\u00fcrdigt die au\u00dferordentlich engagierte Berufsorientierung. Besonders geehrt wurden von allen Siegel-Schulen bundesweit nur 28 mit dem besonderen Qualit\u00e4tsmerkmal \u201eSIEGELBotschafter-Schule 2017\u201c \u2014 und die GSH geh\u00f6rt dazu!<\/p>\n<hr>\n<p>Die Klasse <strong>10vl<\/strong> hat sich im Zeitraum von September 2016 bis Januar 2017 einer besonderen Herausforderung gestellt. Die Sch\u00fclerinnen und Sch\u00fcler haben im Rahmen des <strong>#Sendepause-Wettbewerbs<\/strong> ihre Handys von 8 bis 16 Uhr vollst\u00e4ndig aus ihrem Leben verbannt. Daf\u00fcr wurde die 10vl von der <strong>AOK Rheinland\/Hamburg<\/strong> ausgezeichnet und mit einem Konzertbesuch beim Musiker Felix Jaehn belohnt.<\/p>\n<hr>\n<div id=\"attachment_1333\" style=\"width: 190px\" class=\"wp-caption alignleft\"><img loading=\"lazy\" decoding=\"async\" aria-describedby=\"caption-attachment-1333\" class=\"wp-image-1333 size-full\" src=\"https:\/\/goethe-schule-harburg.hamburg.de\/wp-content\/uploads\/sites\/155\/2016\/02\/logo-fotoklima_klein.jpg\" width=\"180\" height=\"140\"><p id=\"caption-attachment-1333\" class=\"wp-caption-text\">Bild HH\/LI<\/p><\/div>\n<p>Die <strong>7mo<\/strong> &#8211; &#8218;Save The Moment&#8216; von Frau Spiering gewinnt f\u00fcr die Goethe-Schule-Harburg gleich mit zwei Wettbewerbsteams eine Multivisionsshow f\u00fcr 700 Sch\u00fclerInnen im Wert von 2.000,- Euro f\u00fcr die GSH bei dem Bildungs- und Fotoprojekt des Landesinstitutes <strong>FotoKlima 2015\/16<\/strong>.<br \/>\nAm 14.07.2016 fand die Preisverleihung durch den Schirmherrn Senator f\u00fcr Umwelt und Energie Kerstan im Landesinstitut der Hansestadt Hamburg statt. Das Team von <strong>Smilla Grenz<\/strong>, <strong>Hannah Jannasch<\/strong>, <strong>Julian Lubitz<\/strong> und <strong>Melina von Piechowski<\/strong> gewann mit der Fotoserie \u201eKlimaGerechtigkeit statt KlimaFlucht\u201c. Mit ihrer Fotoserie \u201eVom KlimaS\u00fcnder zum KlimaSch\u00fctzer\u201c erhielten folgende Sch\u00fclerInnen den Preis: <strong>Katja Ernst<\/strong>, <strong>Marlon Preu\u00df<\/strong>, <strong>Safi Sheragha<\/strong> und <strong>Julia Wiese<\/strong>.<\/p>\n<hr>\n<p><img loading=\"lazy\" decoding=\"async\" class=\"alignright wp-image-1184\" src=\"https:\/\/goethe-schule-harburg.hamburg.de\/wp-content\/uploads\/sites\/155\/2017\/01\/logo-umweltschule_klein.jpg\" alt=\"logo - umweltschule_klein\" width=\"130\" height=\"129\" srcset=\"https:\/\/goethe-schule-harburg.hamburg.de\/wp-content\/uploads\/sites\/155\/2017\/01\/logo-umweltschule_klein.jpg 160w, https:\/\/goethe-schule-harburg.hamburg.de\/wp-content\/uploads\/sites\/155\/2017\/01\/logo-umweltschule_klein-150x150.jpg 150w\" sizes=\"auto, (max-width: 130px) 100vw, 130px\" \/>Die GSH nahm 2015 erneut erfolgreich an der j\u00e4hrlichen Ausschreibung \u201e<strong>Umweltschule in Europa\/Internationale Agenda 21-Schule<\/strong>\u201c teil und konnten die Jury vor allem mit ihren Projekten in den Bereichen &#8222;Klima und Natur erleben&#8220; \u00fcberzeugen. Die GSH kann auf eine lange Tradition als Umweltschule zur\u00fcckblicken, sie tr\u00e4gt diesen Titel seit 1998.<\/p>\n<p>&nbsp;<\/p>\n<hr>\n<p><a href=\"https:\/\/goethe-schule-harburg.hamburg.de\/wp-content\/uploads\/sites\/155\/2015\/07\/logo-nabu.jpg\" rel=\"attachment wp-att-915\" data-rel=\"lightbox\" data-rl_title=\"\" data-rl_caption=\"\" title=\"\"><img loading=\"lazy\" decoding=\"async\" class=\"size-full wp-image-915 alignleft\" src=\"https:\/\/goethe-schule-harburg.hamburg.de\/wp-content\/uploads\/sites\/155\/2015\/07\/logo-nabu.jpg\" alt=\"logo - nabu\" width=\"160\" height=\"105\"><\/a>Die <strong>8ups<\/strong> hat am <strong>Hanse-Umweltpreis 2015<\/strong> teilgenommen und aufgrund der durchgef\u00fchrten Umweltprojekte den <strong>3. Platz<\/strong> erreicht. Der Wettbewerb wird vom NABU ausgeschrieben und von der Umweltbeh\u00f6rde sowie diversen Sponsoren unterst\u00fctzt. Umweltsenator Kerstan gratulierte den Sch\u00fclerinnen und Sch\u00fclern und \u00fcberreichte ihnen einen Scheck \u00fcber \u20ac 1000.-.<\/p>\n<hr>\n<p><a href=\"https:\/\/goethe-schule-harburg.hamburg.de\/wp-content\/uploads\/sites\/155\/2016\/01\/2016_01_04-logo-bundeszentrale.jpg\" rel=\"attachment wp-att-1103\" data-rel=\"lightbox\" data-rl_title=\"\" data-rl_caption=\"\" title=\"\"><img loading=\"lazy\" decoding=\"async\" class=\"top alignright wp-image-1103 size-full\" src=\"https:\/\/goethe-schule-harburg.hamburg.de\/wp-content\/uploads\/sites\/155\/2016\/01\/2016_01_04-logo-bundeszentrale.jpg\" alt=\"2016_01_04 logo bundeszentrale\" width=\"300\" height=\"97\"><\/a>Die Sch\u00fclerinnen und Sch\u00fcler der <strong>8wb<\/strong> haben sich unter der Aufgabenstellung &#8222;Spannende Geschichte! Wir gehen auf Spurensuche&#8220; mit dem Thema Judentum in Hamburg besch\u00e4ftigt und zu Geschichte und Gegenwart des Judentums in Harburg und Hamburg recherchiert. F\u00fcr die bei der Bundeszentrale f\u00fcr politische Bildung eingereichte Wandzeitung hat die 8wb einen Klassensatz verschiedener Jugendb\u00fccher gewonnen.<\/p>\n<hr>\n<p><img loading=\"lazy\" decoding=\"async\" class=\"top alignleft wp-image-1185 size-full\" src=\"https:\/\/goethe-schule-harburg.hamburg.de\/wp-content\/uploads\/sites\/155\/2017\/01\/logo-klimaschule_klein.jpg\" alt=\"logo - klimaschule_klein\" width=\"140\" height=\"139\" srcset=\"https:\/\/goethe-schule-harburg.hamburg.de\/wp-content\/uploads\/sites\/155\/2017\/01\/logo-klimaschule_klein.jpg 140w, https:\/\/goethe-schule-harburg.hamburg.de\/wp-content\/uploads\/sites\/155\/2017\/01\/logo-klimaschule_klein-150x150.jpg 150w\" sizes=\"auto, (max-width: 140px) 100vw, 140px\" \/>Der GSH wurde f\u00fcr zwei weitere Jahre das Siegel der <strong>Klimaschule<\/strong> verliehen. Die GSH verpflichtet sich in diesem Zusammenhang zum einen zu einer Reduzierung der CO2-Emissionen, die durch den Schulbetrieb verursacht werden, und zum anderen zur St\u00e4rkung der Klima-Kompetenzen der Schulgemeinschaft. Die kurz- und l\u00e4ngerfristigen Ziele werden in einem schuleigenen Klimaschutzplan festgeschrieben.<\/p>\n<hr>\n<p><a href=\"https:\/\/goethe-schule-harburg.hamburg.de\/wp-content\/uploads\/sites\/155\/2017\/01\/logo-natex.jpg\" rel=\"attachment wp-att-1115\" data-rel=\"lightbox\" data-rl_title=\"\" data-rl_caption=\"\" title=\"\"><img loading=\"lazy\" decoding=\"async\" class=\"top alignleft wp-image-1115 size-full\" src=\"https:\/\/goethe-schule-harburg.hamburg.de\/wp-content\/uploads\/sites\/155\/2017\/01\/logo-natex.jpg\" alt=\"logo - natex\" width=\"270\" height=\"85\"><\/a>Beim <strong>NATEX\u2013Wettbewerb 2014\/15<\/strong> haben <strong>Justin Karock<\/strong> (7ups), <strong>Kristina Becker<\/strong> (8wb) und <strong>Ulrike Koziol<\/strong> (8vl) den <strong>2. Preis<\/strong> gewonnen. Unter der \u00dcberschrift &#8222;Haste T\u00f6ne?&#8220; ging es um das Wassergl\u00e4ser, die T\u00f6ne erzeugen sollten (also Frequenzanalyse in Abh\u00e4ngigkeit der F\u00fcllh\u00f6he). Im zweiten Teil &#8222;Ist das alles Quark?&#8220; behandelten die Sch\u00fclerinnen und Sch\u00fcler die Herstellung von Kreide aus nat\u00fcrlichen Substanzen.<\/p>\n<hr>\n<p>Im Rahmen des <strong>Fotowettbewerbs<\/strong> &#8222;Tischlein deck\u2019 dich&#8220;, initiiert von der Beh\u00f6rde f\u00fcr Kultur und Medien zusammen mit der Beh\u00f6rde f\u00fcr Bildung und Sport, hat die <strong>9k<\/strong> von Frau Spiering teilgenommen. Ihre Arbeiten wurden im Winter 2014 im Haus der Photographie\/Deichtorhallen ausgestellt.<\/p>\n<hr>\n<p><a href=\"https:\/\/goethe-schule-harburg.hamburg.de\/wp-content\/uploads\/sites\/155\/2017\/01\/logo-bildungspreis.jpg\" rel=\"attachment wp-att-1120\" data-rel=\"lightbox\" data-rl_title=\"\" data-rl_caption=\"\" title=\"\"><img loading=\"lazy\" decoding=\"async\" class=\"alignleft wp-image-1120 size-full\" src=\"https:\/\/goethe-schule-harburg.hamburg.de\/wp-content\/uploads\/sites\/155\/2017\/01\/logo-bildungspreis-e1500368545219.jpg\" alt=\"logo - bildungspreis\" width=\"148\" height=\"120\"><\/a>Der GSH-Schulchor <strong>Gospel Train<\/strong> wurde im Theater Kehrwieder Stage Entertainment mit dem <strong>Hamburger Bildungspreis 2014<\/strong> der Hamburger Sparkasse und dem Hamburger Abendblatt ausgezeichnet.<\/p>\n<p>&nbsp;<\/p>\n<hr>\n<p><strong>Ladji Keita<\/strong> hat den <strong>Harburger Musikpreis<\/strong> gewonnen.<\/p>\n<hr>\n<p><strong>Cecen B\u00fcsra<\/strong>, <strong>Halusa Larissa<\/strong>, <strong>Jawa Sherly<\/strong> und <strong>J\u00fcrgens Ronja<\/strong> haben den <strong>2. Platz<\/strong> beim Landesfinale <strong>Sch\u00fclerkochpokal<\/strong>\/17. Bundeswettbewerb 2013\/14 gewonnen.<\/p>\n<hr>\n<p><strong><a href=\"https:\/\/goethe-schule-harburg.hamburg.de\/wp-content\/uploads\/sites\/155\/2017\/01\/logo-jugend-forscht.jpg\" rel=\"attachment wp-att-1117\" data-rel=\"lightbox\" data-rl_title=\"\" data-rl_caption=\"\" title=\"\"><img loading=\"lazy\" decoding=\"async\" class=\"top alignleft wp-image-1117 size-full\" src=\"https:\/\/goethe-schule-harburg.hamburg.de\/wp-content\/uploads\/sites\/155\/2017\/01\/logo-jugend-forscht.jpg\" alt=\"logo - jugend forscht\" width=\"100\" height=\"100\" srcset=\"https:\/\/goethe-schule-harburg.hamburg.de\/wp-content\/uploads\/sites\/155\/2017\/01\/logo-jugend-forscht.jpg 100w, https:\/\/goethe-schule-harburg.hamburg.de\/wp-content\/uploads\/sites\/155\/2017\/01\/logo-jugend-forscht-150x150.jpg 150w\" sizes=\"auto, (max-width: 100px) 100vw, 100px\" \/><\/a>Lukas L\u00fcllau<\/strong>, <strong>Niklas Claasen<\/strong> und <strong>Jonas Zeiske<\/strong> haben am Landeswettbewerb Hamburg <strong>Jugend forscht 2013<\/strong> mit einer Arbeit aus dem Fachgebiet Biologie teilgenommen und den <strong>2. Preis<\/strong> erhalten. Ihr Thema: &#8222;Ein Hauch von Afrika? Vogelwelt im Tropen-Aquarium Hagenbeck&#8220;.<\/p>\n<hr>\n<p>Bei dem <strong>NATEX\u2013Wettbewerb 2013\/14<\/strong> gewannen <strong>Pascal Busch<\/strong>, <strong>Melanie Busch<\/strong> und <strong>Marcel Busch<\/strong> der Klasse <strong>9n<\/strong> einen <strong>1. Preis<\/strong>. Sie experimentierten und forschten zu zwei Themen: Unter der \u00dcberschrift &#8222;Alles in trocknen T\u00fcchern?&#8220; ging es um das Wasseraufnahmeverm\u00f6gen verschiedener Substanzen. Im zweiten Teil &#8222;Aus Schwarz macht Wei\u00df&#8220; behandelten sie das Zerlegen von Farbstoffen und deren neue Zusammensetzung. Als Preise erhielten sie mehrere gro\u00dfe Experimentierk\u00e4sten und T-Shirts.<\/p>\n<hr>\n<p><strong>Michel Kruschwitz<\/strong> hat den <strong>Harburger Musikpreis<\/strong> gewonnen.<\/p>\n<p>&nbsp;<\/p>\n","protected":false},"excerpt":{"rendered":"<p>PREISE UND AUSZEICHNUNGEN &nbsp; Unsere Schule hat sich erfolgreich f\u00fcr das F\u00f6rderprogramm der Europ\u00e4ischen Union &#8222;Erasmus+&#8220; akkreditiert. \u201eDie F\u00f6rderung der europaweiten Zusammenarbeit in allen Bildungsbereichen ist ein wichtiges Anliegen der Europ\u00e4ischen Union. Das erfolgreiche EU-Programm &#8222;Erasmus+&#8220; f\u00fcr Bildung, Jugend und Sport wird deshalb fortgef\u00fchrt. Auf dem Weg zu einem gemeinsamen Europ\u00e4ischen Bildungsraum kommt dem Programm&hellip; <br \/> <a class=\"read-more\" href=\"https:\/\/goethe-schule-harburg.hamburg.de\/?page_id=1112\">Weiterlesen<\/a><\/p>\n","protected":false},"author":275,"featured_media":0,"parent":723,"menu_order":0,"comment_status":"closed","ping_status":"closed","template":"","meta":{"_acf_changed":false,"footnotes":""},"class_list":["post-1112","page","type-page","status-publish","hentry"],"acf":[],"_links":{"self":[{"href":"https:\/\/goethe-schule-harburg.hamburg.de\/index.php?rest_route=\/wp\/v2\/pages\/1112","targetHints":{"allow":["GET"]}}],"collection":[{"href":"https:\/\/goethe-schule-harburg.hamburg.de\/index.php?rest_route=\/wp\/v2\/pages"}],"about":[{"href":"https:\/\/goethe-schule-harburg.hamburg.de\/index.php?rest_route=\/wp\/v2\/types\/page"}],"author":[{"embeddable":true,"href":"https:\/\/goethe-schule-harburg.hamburg.de\/index.php?rest_route=\/wp\/v2\/users\/275"}],"replies":[{"embeddable":true,"href":"https:\/\/goethe-schule-harburg.hamburg.de\/index.php?rest_route=%2Fwp%2Fv2%2Fcomments&post=1112"}],"version-history":[{"count":5,"href":"https:\/\/goethe-schule-harburg.hamburg.de\/index.php?rest_route=\/wp\/v2\/pages\/1112\/revisions"}],"predecessor-version":[{"id":8416,"href":"https:\/\/goethe-schule-harburg.hamburg.de\/index.php?rest_route=\/wp\/v2\/pages\/1112\/revisions\/8416"}],"up":[{"embeddable":true,"href":"https:\/\/goethe-schule-harburg.hamburg.de\/index.php?rest_route=\/wp\/v2\/pages\/723"}],"wp:attachment":[{"href":"https:\/\/goethe-schule-harburg.hamburg.de\/index.php?rest_route=%2Fwp%2Fv2%2Fmedia&parent=1112"}],"curies":[{"name":"wp","href":"https:\/\/api.w.org\/{rel}","templated":true}]}}