{"id":118,"date":"2015-03-11T19:38:17","date_gmt":"2015-03-11T18:38:17","guid":{"rendered":"http:\/\/goethe-schule-harburg.schulhomepages.hamburg.de\/?page_id=118"},"modified":"2024-09-16T08:44:30","modified_gmt":"2024-09-16T06:44:30","slug":"ganztagsschule","status":"publish","type":"page","link":"https:\/\/goethe-schule-harburg.hamburg.de\/?page_id=118","title":{"rendered":"Ganztagsschule"},"content":{"rendered":"<h1>GANZTAGSSCHULE<\/h1>\n<p>&nbsp;<\/p>\n<table style=\"height: 859px;width: 100%\">\n<tbody>\n<tr style=\"height: 100%\">\n<td style=\"border-color: #ffffff;height: 859px\"><span style=\"font-size: 13pt;line-height: 140%\">Seit dem Schuljahr 2005\/2006 ist die Goethe Schule Harburg teilgebundene Ganztagsschule. Lernen in der Ganztagsschule bedeutet mehr als nur Unterricht im \u00fcblichen Sinne. Der erweiterte Zeitrahmen erm\u00f6glicht es, Lernprozesse in Ruhe anzubahnen, die Zuwendung zu intensivieren und die Wissensvermittlung flexibel zu gestalten.<br \/>\n<em class=\"invis\">\u2003<\/em><br \/>\nDazu geh\u00f6ren die Formen des offenen Unterrichts, die Initiativen zum selbstst\u00e4ndigen Lernen, der handlungs- und projektorientierte Unterricht, aber auch die Individualisierung der F\u00f6rderma\u00dfnahmen und die Ver\u00e4nderung der etablierten Hausaufgabenpraxis.<br \/>\n<em class=\"invis\">\u2003<\/em><br \/>\nNat\u00fcrlich geh\u00f6rt zu unserem Konzept auch die Mittagspause, in der jeder Sch\u00fcler die M\u00f6glichkeit hat, in unserer Kantine ein abwechslungsreiches und vielf\u00e4ltiges Essensangebot wahrzunehmen.<br \/>\n<em class=\"invis\">\u2003<\/em><br \/>\nUnsere Ziele des ganzt\u00e4gigen Lernens sind neben der Verst\u00e4rkung des individuellen Lernens die Intensivierung der Sprachund Lesef\u00f6rderung und die F\u00f6rderung der Grundkenntnisse und -f\u00e4higkeiten in Mathematik und Deutsch. Au\u00dferdem geht es um eine St\u00e4rkung der sozialen Kompetenz und ein Lernen im Einklang mit dem Biorhythmus durch eine Verbindung aus bew\u00e4hrter Praxis und innovativen Ans\u00e4tzen.<br \/>\n<em class=\"invis\">\u2003<\/em><br \/>\nIn Kooperation mit au\u00dferschulischen Partnern (z.B. TU-Harburg, Kunsthalle, Helms- Museum oder Schauspielhaus) findet eine Intensivierung des forschenden Lernens statt. Ein weitergehendes Ziel besteht in der Vereinbarkeit von Schule, Familie und Berufst\u00e4tigkeit.<\/span><\/p>\n<h1>ERWAN \u2013 ERWEITERTES ANGEBOT<\/h1>\n<p>&nbsp;<\/p>\n<table width=\"100%\">\n<tbody>\n<tr>\n<td>Ebenso sicher wie Wissensvermittlung und Leistungsentwicklung die vorrangigen Interessen der Goethe Schule Harburg sind, so sicher ist auch, dass sich unsere Schule besonders wegen des Ganztagskonzepts nicht darauf beschr\u00e4nken darf.<br \/>\n<em class=\"invis\">\u2003<\/em><br \/>\nGerade die scheinbar nachrangigen Bereiche des schulischen Angebotes verhelfen oftmals viel deutlicher zur Zufriedenheit des Einzelnen. Ihr Kind kann das, was es unter Schule versteht, als bleibenden Gewinn seiner Lern- und Schulzeit mit ins Leben nehmen.<br \/>\n<em class=\"invis\">\u2003<\/em><br \/>\nSomit kommt dem Angebot der Goethe Schule Harburg an au\u00dferunterrichtlichen Neigungskursen und Arbeitsgemeinschaften eine hohe Bedeutung zu. Diese Bereiche hei\u00dfen bei uns <strong>\u201eErweitertes Angebot\u201c<\/strong>, das liebevoll von allen <strong>ErwAn<\/strong>&nbsp;abgek\u00fcrzt wird. Insbesondere in diesem Bereich ist das Engagement von Eltern, Lehrern, Honorarkr\u00e4ften und ehemaligen Sch\u00fclern erfreulich rege.<\/p>\n<p>Schaut gerne vorbei: <a href=\"https:\/\/gsh-erwan.de\/\">https:\/\/gsh-erwan.de\/<\/a><\/td>\n<\/tr>\n<\/tbody>\n<\/table>\n<\/td>\n<td style=\"border-color: #ffffff;vertical-align: top;height: 859px\">&nbsp;<\/td>\n<\/tr>\n<\/tbody>\n<\/table>\n<p>&nbsp;<\/p>\n","protected":false},"excerpt":{"rendered":"<p>GANZTAGSSCHULE &nbsp; Seit dem Schuljahr 2005\/2006 ist die Goethe Schule Harburg teilgebundene Ganztagsschule. Lernen in der Ganztagsschule bedeutet mehr als nur Unterricht im \u00fcblichen Sinne. Der erweiterte Zeitrahmen erm\u00f6glicht es, Lernprozesse in Ruhe anzubahnen, die Zuwendung zu intensivieren und die Wissensvermittlung flexibel zu gestalten. \u2003 Dazu geh\u00f6ren die Formen des offenen Unterrichts, die Initiativen zum&hellip; <br \/> <a class=\"read-more\" href=\"https:\/\/goethe-schule-harburg.hamburg.de\/?page_id=118\">Weiterlesen<\/a><\/p>\n","protected":false},"author":186,"featured_media":0,"parent":723,"menu_order":4,"comment_status":"closed","ping_status":"closed","template":"","meta":{"_acf_changed":false,"footnotes":""},"class_list":["post-118","page","type-page","status-publish","hentry"],"acf":[],"_links":{"self":[{"href":"https:\/\/goethe-schule-harburg.hamburg.de\/index.php?rest_route=\/wp\/v2\/pages\/118","targetHints":{"allow":["GET"]}}],"collection":[{"href":"https:\/\/goethe-schule-harburg.hamburg.de\/index.php?rest_route=\/wp\/v2\/pages"}],"about":[{"href":"https:\/\/goethe-schule-harburg.hamburg.de\/index.php?rest_route=\/wp\/v2\/types\/page"}],"author":[{"embeddable":true,"href":"https:\/\/goethe-schule-harburg.hamburg.de\/index.php?rest_route=\/wp\/v2\/users\/186"}],"replies":[{"embeddable":true,"href":"https:\/\/goethe-schule-harburg.hamburg.de\/index.php?rest_route=%2Fwp%2Fv2%2Fcomments&post=118"}],"version-history":[{"count":14,"href":"https:\/\/goethe-schule-harburg.hamburg.de\/index.php?rest_route=\/wp\/v2\/pages\/118\/revisions"}],"predecessor-version":[{"id":10789,"href":"https:\/\/goethe-schule-harburg.hamburg.de\/index.php?rest_route=\/wp\/v2\/pages\/118\/revisions\/10789"}],"up":[{"embeddable":true,"href":"https:\/\/goethe-schule-harburg.hamburg.de\/index.php?rest_route=\/wp\/v2\/pages\/723"}],"wp:attachment":[{"href":"https:\/\/goethe-schule-harburg.hamburg.de\/index.php?rest_route=%2Fwp%2Fv2%2Fmedia&parent=118"}],"curies":[{"name":"wp","href":"https:\/\/api.w.org\/{rel}","templated":true}]}}