{"id":120,"date":"2015-03-11T19:40:27","date_gmt":"2015-03-11T18:40:27","guid":{"rendered":"http:\/\/goethe-schule-harburg.schulhomepages.hamburg.de\/?page_id=120"},"modified":"2023-09-15T08:04:51","modified_gmt":"2023-09-15T06:04:51","slug":"erweitertes-angebot","status":"publish","type":"page","link":"https:\/\/goethe-schule-harburg.hamburg.de\/?page_id=120","title":{"rendered":"ErwAn &#8211; Erweitertes Angebot 5-13"},"content":{"rendered":"<h1><a href=\"http:\/\/www.gsh-erwan.de\">ERWAN &#8211; ERWEITERTES ANGEBOT<\/a><\/h1>\n<p>&nbsp;<\/p>\n<table style=\"height: 100%\" width=\"100%\">\n<tbody>\n<tr style=\"height: 100%\">\n<td style=\"border-color: #ffffff;vertical-align: top\"><span style=\"font-size: 13pt;line-height: 140%\">Ebenso sicher wie Wissensvermittlung und Leistungsentwicklung die vorrangigen Interessen der Goethe Schule Harburg sind, so sicher ist auch, dass sich unsere Schule besonders wegen des Ganztagskonzepts nicht darauf beschr\u00e4nken darf.<br \/>\n<em class=\"invis\">\u2003<\/em><br \/>\nGerade die scheinbar nachrangigen Bereiche des schulischen Angebotes verhelfen oftmals viel deutlicher zur Zufriedenheit des Einzelnen. Ihr Kind kann das, was es unter Schule versteht, als bleibenden Gewinn seiner Lern- und Schulzeit mit ins Leben nehmen.<br \/>\n<em class=\"invis\">\u2003<\/em><br \/>\nSomit kommt dem Angebot der Goethe Schule Harburg an au\u00dferunterrichtlichen Neigungskursen und Arbeitsgemeinschaften eine hohe Bedeutung zu. Diese Bereiche hei\u00dfen bei uns <strong>\u201eErweitertes Angebot\u201c<\/strong>, das liebevoll von allen <strong>ErwAn<\/strong>&nbsp;abgek\u00fcrzt wird. Insbesondere in diesem Bereich ist das Engagement von Eltern, Lehrern, Honorarkr\u00e4ften und ehemaligen Sch\u00fclern erfreulich rege.<br \/>\n<em class=\"invis\">\u2003<\/em><br \/>\nAnsprechpartner f\u00fcr ErwAn: <a href=\"https:\/\/goethe-schule-harburg.hamburg.de\/?page_id=1689#fu\">Nadia Jamila Knopp<\/a><\/span><\/td>\n<td style=\"border-color: #ffffff;vertical-align: top\">&nbsp;<\/td>\n<\/tr>\n<\/tbody>\n<\/table>\n<p><a href=\"http:\/\/www.gsh-erwan.de\"><img loading=\"lazy\" decoding=\"async\" class=\"size-medium wp-image-9284 aligncenter\" src=\"https:\/\/goethe-schule-harburg.hamburg.de\/wp-content\/uploads\/sites\/155\/2023\/09\/QR-Erwan-300x300.jpg\" alt=\"\" width=\"300\" height=\"300\" srcset=\"https:\/\/goethe-schule-harburg.hamburg.de\/wp-content\/uploads\/sites\/155\/2023\/09\/QR-Erwan-300x300.jpg 300w, https:\/\/goethe-schule-harburg.hamburg.de\/wp-content\/uploads\/sites\/155\/2023\/09\/QR-Erwan-150x150.jpg 150w, https:\/\/goethe-schule-harburg.hamburg.de\/wp-content\/uploads\/sites\/155\/2023\/09\/QR-Erwan.jpg 377w\" sizes=\"auto, (max-width: 300px) 100vw, 300px\" \/><\/a><\/p>\n","protected":false},"excerpt":{"rendered":"<p>ERWAN &#8211; ERWEITERTES ANGEBOT &nbsp; Ebenso sicher wie Wissensvermittlung und Leistungsentwicklung die vorrangigen Interessen der Goethe Schule Harburg sind, so sicher ist auch, dass sich unsere Schule besonders wegen des Ganztagskonzepts nicht darauf beschr\u00e4nken darf. \u2003 Gerade die scheinbar nachrangigen Bereiche des schulischen Angebotes verhelfen oftmals viel deutlicher zur Zufriedenheit des Einzelnen. Ihr Kind kann&hellip; <br \/> <a class=\"read-more\" href=\"https:\/\/goethe-schule-harburg.hamburg.de\/?page_id=120\">Weiterlesen<\/a><\/p>\n","protected":false},"author":186,"featured_media":0,"parent":33,"menu_order":20,"comment_status":"closed","ping_status":"closed","template":"","meta":{"_acf_changed":false,"footnotes":""},"class_list":["post-120","page","type-page","status-publish","hentry"],"acf":[],"_links":{"self":[{"href":"https:\/\/goethe-schule-harburg.hamburg.de\/index.php?rest_route=\/wp\/v2\/pages\/120","targetHints":{"allow":["GET"]}}],"collection":[{"href":"https:\/\/goethe-schule-harburg.hamburg.de\/index.php?rest_route=\/wp\/v2\/pages"}],"about":[{"href":"https:\/\/goethe-schule-harburg.hamburg.de\/index.php?rest_route=\/wp\/v2\/types\/page"}],"author":[{"embeddable":true,"href":"https:\/\/goethe-schule-harburg.hamburg.de\/index.php?rest_route=\/wp\/v2\/users\/186"}],"replies":[{"embeddable":true,"href":"https:\/\/goethe-schule-harburg.hamburg.de\/index.php?rest_route=%2Fwp%2Fv2%2Fcomments&post=120"}],"version-history":[{"count":23,"href":"https:\/\/goethe-schule-harburg.hamburg.de\/index.php?rest_route=\/wp\/v2\/pages\/120\/revisions"}],"predecessor-version":[{"id":9286,"href":"https:\/\/goethe-schule-harburg.hamburg.de\/index.php?rest_route=\/wp\/v2\/pages\/120\/revisions\/9286"}],"up":[{"embeddable":true,"href":"https:\/\/goethe-schule-harburg.hamburg.de\/index.php?rest_route=\/wp\/v2\/pages\/33"}],"wp:attachment":[{"href":"https:\/\/goethe-schule-harburg.hamburg.de\/index.php?rest_route=%2Fwp%2Fv2%2Fmedia&parent=120"}],"curies":[{"name":"wp","href":"https:\/\/api.w.org\/{rel}","templated":true}]}}