{"id":12404,"date":"2026-01-16T10:15:37","date_gmt":"2026-01-16T09:15:37","guid":{"rendered":"https:\/\/goethe-schule-harburg.hamburg.de\/?page_id=12404"},"modified":"2026-02-24T10:11:11","modified_gmt":"2026-02-24T09:11:11","slug":"krankmeldung","status":"publish","type":"page","link":"https:\/\/goethe-schule-harburg.hamburg.de\/?page_id=12404","title":{"rendered":"Krankmeldung Kollegium"},"content":{"rendered":"\n<div class=\"wp-block-file alignright\"><a id=\"wp-block-file--media-ac1e3a26-c622-4ef1-bbe4-a3ea430cca98\" href=\"https:\/\/goethe-schule-harburg.hamburg.de\/wp-content\/uploads\/sites\/155\/2026\/02\/Sonderurlaubsantrag.pdf\">Hier findet ihr einen Antrag auf \u201eSonderurlaub mit Bez\u00fcgen\u201c f\u00fcr eine Kind-krank-Meldung,<br>der dann bitte ausgef\u00fcllt und unterschrieben ans Schulb\u00fcro geschickt werden muss.<\/a><\/div>\n\n\n\n<div class=\"wpcf7 no-js\" id=\"wpcf7-f10693-o1\" lang=\"de-DE\" dir=\"ltr\" data-wpcf7-id=\"10693\">\n<div class=\"screen-reader-response\"><p role=\"status\" aria-live=\"polite\" aria-atomic=\"true\"><\/p> <ul><\/ul><\/div>\n<form  action=\"\/index.php?rest_route=%2Fwp%2Fv2%2Fpages%2F12404#wpcf7-f10693-o1\" method=\"post\" class=\"wpcf7-form init\" aria-label=\"Kontaktformular\" enctype=\"multipart\/form-data\" novalidate=\"novalidate\" data-status=\"init\"><p><stong><a target=\"_blank\" class=\"privacy-policy-link\" href=\"https:\/\/schulhomepages.hamburg.de\/?page_id=2954\">Datenschutzerkl\u00e4rung<\/a><\/strong><\/p>\n\n<fieldset class=\"hidden-fields-container\"><input type=\"hidden\" name=\"_wpcf7\" value=\"10693\" \/><input type=\"hidden\" name=\"_wpcf7_version\" value=\"6.1.5\" \/><input type=\"hidden\" name=\"_wpcf7_locale\" value=\"de_DE\" \/><input type=\"hidden\" name=\"_wpcf7_unit_tag\" value=\"wpcf7-f10693-o1\" \/><input type=\"hidden\" name=\"_wpcf7_container_post\" value=\"0\" \/><input type=\"hidden\" name=\"_wpcf7_posted_data_hash\" value=\"\" \/>\n<\/fieldset>\n<p>K\u00fcrzel:<br \/>\n<span class=\"wpcf7-form-control-wrap\" data-name=\"Kuerzel\"><input size=\"40\" maxlength=\"400\" class=\"wpcf7-form-control wpcf7-text wpcf7-validates-as-required\" aria-required=\"true\" aria-invalid=\"false\" value=\"\" type=\"text\" name=\"Kuerzel\" \/><\/span>\n<\/p>\n<p>Abwesenheit<br \/>\nvon: <span class=\"wpcf7-form-control-wrap\" data-name=\"von\"><input class=\"wpcf7-form-control wpcf7-date wpcf7-validates-as-required wpcf7-validates-as-date\" aria-required=\"true\" aria-invalid=\"false\" value=\"\" type=\"date\" name=\"von\" \/><\/span><br \/>\nbis: <span class=\"wpcf7-form-control-wrap\" data-name=\"bis\"><input class=\"wpcf7-form-control wpcf7-date wpcf7-validates-as-required wpcf7-validates-as-date\" aria-required=\"true\" aria-invalid=\"false\" value=\"\" type=\"date\" name=\"bis\" \/><\/span>\n<\/p>\n<p>Grund: <span class=\"wpcf7-form-control-wrap\" data-name=\"select-193\"><select class=\"wpcf7-form-control wpcf7-select wpcf7-validates-as-required\" aria-required=\"true\" aria-invalid=\"false\" name=\"select-193\"><option value=\"\">Bitte ausw\u00e4hlen:<\/option><option value=\"Krank\">Krank<\/option><option value=\"Kind-Krank\">Kind-Krank<\/option><\/select><\/span>\n<\/p>\n<p>1.\/2. Stunde abgesagt:<span class=\"wpcf7-form-control-wrap\" data-name=\"abgesagt\"><span class=\"wpcf7-form-control wpcf7-radio\"><span class=\"wpcf7-list-item first\"><label><input type=\"radio\" name=\"abgesagt\" value=\"Ja\" \/><span class=\"wpcf7-list-item-label\">Ja<\/span><\/label><\/span><span class=\"wpcf7-list-item last\"><label><input type=\"radio\" name=\"abgesagt\" value=\"Nein\" \/><span class=\"wpcf7-list-item-label\">Nein<\/span><\/label><\/span><\/span><\/span>\n<\/p>\n<p>ggf. Doppelbesetzung (K\u00fcrzel): <span class=\"wpcf7-form-control-wrap\" data-name=\"kurzedoppel\"><input size=\"40\" maxlength=\"20\" class=\"wpcf7-form-control wpcf7-text\" aria-invalid=\"false\" value=\"\" type=\"text\" name=\"kurzedoppel\" \/><\/span>\n<\/p>\n<p>Krankmeldung in elektronischer Form vorhanden?<br \/>\n<span class=\"wpcf7-form-control-wrap\" data-name=\"eAU\"><span class=\"wpcf7-form-control wpcf7-radio\"><span class=\"wpcf7-list-item first\"><label><input type=\"radio\" name=\"eAU\" value=\"Ja\" \/><span class=\"wpcf7-list-item-label\">Ja<\/span><\/label><\/span><span class=\"wpcf7-list-item last\"><label><input type=\"radio\" name=\"eAU\" value=\"Nein\" \/><span class=\"wpcf7-list-item-label\">Nein<\/span><\/label><\/span><\/span><\/span>\n<\/p>\n<p>Vertretungsmaterial in WebUntis?<br \/>\n<span class=\"wpcf7-form-control-wrap\" data-name=\"WebUntis\"><span class=\"wpcf7-form-control wpcf7-radio\"><span class=\"wpcf7-list-item first\"><label><input type=\"radio\" name=\"WebUntis\" value=\"Ja\" \/><span class=\"wpcf7-list-item-label\">Ja<\/span><\/label><\/span><span class=\"wpcf7-list-item last\"><label><input type=\"radio\" name=\"WebUntis\" value=\"Nein\" \/><span class=\"wpcf7-list-item-label\">Nein<\/span><\/label><\/span><\/span><\/span><br \/>\n<span id=\"wpcf7-69de2c92218e3-wrapper\" class=\"wpcf7-form-control-wrap pot-wrap\" style=\"display:none !important; visibility:hidden !important;\"><label for=\"wpcf7-69de2c92218e3-field\" class=\"hp-message\">Bitte lasse dieses Feld leer.<\/label><input id=\"wpcf7-69de2c92218e3-field\"  class=\"wpcf7-form-control wpcf7-text\" type=\"text\" name=\"pot\" value=\"\" size=\"40\" tabindex=\"-1\" autocomplete=\"new-password\" \/><\/span><br \/>\nE-Mail-Adresse zur Empfangsbest\u00e4tigung:<br \/>\n<span class=\"wpcf7-form-control-wrap\" data-name=\"KUK-Mail\"><input size=\"40\" maxlength=\"400\" class=\"wpcf7-form-control wpcf7-text\" aria-invalid=\"false\" value=\"\" type=\"text\" name=\"KUK-Mail\" \/><\/span>\n<\/p>\n<p>Weitere wichtige Informationen oder Anmerkungen:<br \/>\n<span class=\"wpcf7-form-control-wrap\" data-name=\"text-anmerkung\"><input size=\"40\" maxlength=\"150\" class=\"wpcf7-form-control wpcf7-text\" aria-invalid=\"false\" placeholder=\"maximal 150 Zeichen\" value=\"\" type=\"text\" name=\"text-anmerkung\" \/><\/span>\n<\/p>\n<p>ggf. Attest hochladen:<br \/>\n<span class=\"wpcf7-form-control-wrap\" data-name=\"Anlage\"><input size=\"40\" class=\"wpcf7-form-control wpcf7-file\" accept=\"audio\/*,video\/*,image\/*\" aria-invalid=\"false\" type=\"file\" name=\"Anlage\" \/><\/span>\n<\/p>\n<p><input class=\"wpcf7-form-control wpcf7-submit has-spinner\" type=\"submit\" value=\"Senden\" \/>\n<\/p><div class=\"wpcf7-response-output\" aria-hidden=\"true\"><\/div>\n<\/form>\n<\/div>\n\n\n\n","protected":false},"excerpt":{"rendered":"","protected":false},"author":1702,"featured_media":0,"parent":0,"menu_order":0,"comment_status":"closed","ping_status":"closed","template":"","meta":{"_acf_changed":false,"footnotes":""},"class_list":["post-12404","page","type-page","status-publish","hentry"],"acf":[],"_links":{"self":[{"href":"https:\/\/goethe-schule-harburg.hamburg.de\/index.php?rest_route=\/wp\/v2\/pages\/12404","targetHints":{"allow":["GET"]}}],"collection":[{"href":"https:\/\/goethe-schule-harburg.hamburg.de\/index.php?rest_route=\/wp\/v2\/pages"}],"about":[{"href":"https:\/\/goethe-schule-harburg.hamburg.de\/index.php?rest_route=\/wp\/v2\/types\/page"}],"author":[{"embeddable":true,"href":"https:\/\/goethe-schule-harburg.hamburg.de\/index.php?rest_route=\/wp\/v2\/users\/1702"}],"replies":[{"embeddable":true,"href":"https:\/\/goethe-schule-harburg.hamburg.de\/index.php?rest_route=%2Fwp%2Fv2%2Fcomments&post=12404"}],"version-history":[{"count":11,"href":"https:\/\/goethe-schule-harburg.hamburg.de\/index.php?rest_route=\/wp\/v2\/pages\/12404\/revisions"}],"predecessor-version":[{"id":12537,"href":"https:\/\/goethe-schule-harburg.hamburg.de\/index.php?rest_route=\/wp\/v2\/pages\/12404\/revisions\/12537"}],"wp:attachment":[{"href":"https:\/\/goethe-schule-harburg.hamburg.de\/index.php?rest_route=%2Fwp%2Fv2%2Fmedia&parent=12404"}],"curies":[{"name":"wp","href":"https:\/\/api.w.org\/{rel}","templated":true}]}}