{"id":12503,"date":"2026-02-18T08:52:09","date_gmt":"2026-02-18T07:52:09","guid":{"rendered":"https:\/\/goethe-schule-harburg.hamburg.de\/?page_id=12503"},"modified":"2026-02-18T08:59:00","modified_gmt":"2026-02-18T07:59:00","slug":"sprachbildung-und-sprachfoerderung","status":"publish","type":"page","link":"https:\/\/goethe-schule-harburg.hamburg.de\/?page_id=12503","title":{"rendered":"Sprachbildung und Sprachf\u00f6rderung"},"content":{"rendered":"\n<p style=\"font-weight: 400\">\u201e<em>Sprachliche Kompetenzen sind eine grundlegende Voraussetzung f\u00fcr einen erfolgreichen Schulbesuch, ein gelingendes Berufsleben und die aktive Teilnahme an der Gesellschaft<\/em>.\u201c<\/p>\n<p style=\"font-weight: 400\">Durch die Umsetzung des Sprachf\u00f6rderkonzepts der GSH wird genau dieses Ziel verfolgt:<\/p>\n<p style=\"font-weight: 400\">Sprache und Ausdruck sollen verbessert und gest\u00e4rkt werden und in jedem Unterricht und in der additiven F\u00f6rderung sollen die sprachlichen Kompetenzen weiterentwickelt werden.<\/p>\n<p style=\"font-weight: 400\">Das Sprachf\u00f6rderkonzept der GSH gliedert die Sprachf\u00f6rderung in drei Schwerpunkte:<\/p>\n<table style=\"width: 100%;border-collapse: collapse\" border=\"1\">\n<tbody>\n<tr>\n<td style=\"width: 33.333333%\" width=\"233\">\n<p><strong>Integrative Sprachbildung<\/strong><\/p>\n<\/td>\n<td style=\"width: 33.333333%\">\n<div><b>Mehrsprachigkeit und DaZ-F\u00f6rderung<\/b><\/div>\n<\/td>\n<td style=\"width: 33.333333%\">\n<div><b>Lesen und additive Sprachf\u00f6rderung (\u00a728a)<\/b><\/div>\n<\/td>\n<\/tr>\n<\/tbody>\n<\/table>\n<p style=\"font-weight: 400\"><strong>Integrative Sprachbildung<\/strong><\/p>\n<p style=\"font-weight: 400\">Sprachliche F\u00e4higkeiten spielen in allen Schulf\u00e4chern und in jeglicher Kommunikation eine Rolle. Durch sprachsensiblen Fachunterricht wird an der GSH gew\u00e4hrleistet, dass der Umgang mit Ausdruck und Sprache, bzw. Fachsprache stetig gef\u00f6rdert, reflektiert und verbessert wird.<\/p>\n<p style=\"font-weight: 400\">Aber auch durch Kommunikation miteinander (wie im Klassenrat, in der Beratung und Betreuung\/Anker) werden die sprachlichen F\u00e4higkeiten und die Gespr\u00e4chskultur gest\u00e4rkt und weiterentwickelt.<\/p>\n<p style=\"font-weight: 400\">So werden beispielsweise im Anker Sch\u00fclerinnen und Sch\u00fcler bei der Reflexion \u00fcber Verhalten dabei begleitet, diese schriftlich zu formulieren und die Reflexion anschlie\u00dfend gemeinsam mit der Lehrkraft zu besprechen.<\/p>\n<p style=\"font-weight: 400\"><strong>Mehrsprachigkeit und DaZ-F\u00f6rderung<\/strong><\/p>\n<p style=\"font-weight: 400\">In jedem Jahrgang finden DaZ-Kurse f\u00fcr Sch\u00fclerinnen und Sch\u00fcler statt, die besonders die Lernvoraussetzungen von Kindern ber\u00fccksichtigen, die Deutsch als Fremdsprache\/Zweitsprache lernen.<\/p>\n<p style=\"font-weight: 400\">Die Sch\u00fclerinnen und Sch\u00fcler werden dar\u00fcberhinausgehend auch die folgenden Jahre begleitet und durch die die IVK-Koordination bez\u00fcglich Ma\u00dfnahmen und Erleichterungen (zum Beispiel Verl\u00e4ngerung von Einlese- und Vorbereitungszeit in Pr\u00fcfungen) betreut und beraten.<\/p>\n<p style=\"font-weight: 400\"><strong>Lesen und additive Sprachf\u00f6rderung<\/strong><\/p>\n<p style=\"font-weight: 400\">Die additive Sprachf\u00f6rderung ist ein wichtiger Baustein, um die sprachlichen F\u00e4higkeiten zu verbessern. In den Jahrg\u00e4ngen 5-6 ist die Sprachf\u00f6rderung fest im Stundenplan integriert und findet meist mit der Deutschlehrkraft der Klasse statt.<\/p>\n<p style=\"font-weight: 400\">In den Jahrg\u00e4ngen 7-10 werden additive Sprachf\u00f6rderkurse individuell gew\u00e4hlt, um gut in den eigenen Stundenplan eingebunden werden zu k\u00f6nnen und eine verl\u00e4ssliche Teilnahme zu gew\u00e4hrleisten.<\/p>\n<p style=\"font-weight: 400\">Zur Diagnostik f\u00fchren wir an der GSH in allen Jahrg\u00e4ngen das Testverfahren <strong>SCHNABEL <\/strong>durch. Bei der Testung werden verschiedene Rechtschreibph\u00e4nomene abgefragt, um die Rechtschreibf\u00e4higkeiten der einzelnen Sch\u00fclerinnen und Sch\u00fcler zu ermitteln.<\/p>\n<p style=\"font-weight: 400\">So k\u00f6nnen gezielt Ma\u00dfnahmen ergriffen werden, um die Lese- und Schreibfertigen der Sch\u00fcler und Sch\u00fclerinnen zu verbessern.<\/p>\n<p style=\"font-weight: 400\">In den Jahrg\u00e4ngen 5+6 wird au\u00dferdem noch jeden Tag gelesen: die GSH eine sogenannte BiSS-Schule (BiSS = <strong>Bi<\/strong>ldung durch <strong>S<\/strong>prache und<strong> S<\/strong>chrift). &nbsp;T\u00e4glich werden gemeinsam mit der Klasse ca. 20 Minuten verschiedene Texte mit unterschiedlichen Lautleseverfahren gelesen.<\/p>\n<p style=\"font-weight: 400\">Dadurch soll sich die Lesefl\u00fcssigkeit und das Leseverstehen der Sch\u00fclerinnen und Sch\u00fcler verbessern, was mithilfe des neuen Hamburger Lesefl\u00fcssigkeitstests <strong>Lift<\/strong> (<strong>L<\/strong>esen \u2013 <strong>I<\/strong>ndividuelle <strong>F<\/strong>ertigkeiten <strong>T<\/strong>esten) \u00fcberpr\u00fcft wird.<\/p>\n<p><span style=\"font-weight: 400\">Anhand der Testung, bei der in kurzer Zeit eine bestimmte Anzahl von S\u00e4tzen gelesen wird, l\u00e4sst sich ermitteln, wie fl\u00fcssig die Kinder lesen k\u00f6nnen und welche Fortschritte durch das Lesetraining gemacht wurden.<\/span><\/p>\n","protected":false},"excerpt":{"rendered":"<p>\u201eSprachliche Kompetenzen sind eine grundlegende Voraussetzung f\u00fcr einen erfolgreichen Schulbesuch, ein gelingendes Berufsleben und die aktive Teilnahme an der Gesellschaft.\u201c Durch die Umsetzung des Sprachf\u00f6rderkonzepts der GSH wird genau dieses Ziel verfolgt: Sprache und Ausdruck sollen verbessert und gest\u00e4rkt werden und in jedem Unterricht und in der additiven F\u00f6rderung sollen die sprachlichen Kompetenzen weiterentwickelt werden.&hellip; <br \/> <a class=\"read-more\" href=\"https:\/\/goethe-schule-harburg.hamburg.de\/?page_id=12503\">Weiterlesen<\/a><\/p>\n","protected":false},"author":1702,"featured_media":0,"parent":0,"menu_order":0,"comment_status":"closed","ping_status":"closed","template":"","meta":{"_acf_changed":false,"footnotes":""},"class_list":["post-12503","page","type-page","status-publish","hentry"],"acf":[],"_links":{"self":[{"href":"https:\/\/goethe-schule-harburg.hamburg.de\/index.php?rest_route=\/wp\/v2\/pages\/12503","targetHints":{"allow":["GET"]}}],"collection":[{"href":"https:\/\/goethe-schule-harburg.hamburg.de\/index.php?rest_route=\/wp\/v2\/pages"}],"about":[{"href":"https:\/\/goethe-schule-harburg.hamburg.de\/index.php?rest_route=\/wp\/v2\/types\/page"}],"author":[{"embeddable":true,"href":"https:\/\/goethe-schule-harburg.hamburg.de\/index.php?rest_route=\/wp\/v2\/users\/1702"}],"replies":[{"embeddable":true,"href":"https:\/\/goethe-schule-harburg.hamburg.de\/index.php?rest_route=%2Fwp%2Fv2%2Fcomments&post=12503"}],"version-history":[{"count":3,"href":"https:\/\/goethe-schule-harburg.hamburg.de\/index.php?rest_route=\/wp\/v2\/pages\/12503\/revisions"}],"predecessor-version":[{"id":12509,"href":"https:\/\/goethe-schule-harburg.hamburg.de\/index.php?rest_route=\/wp\/v2\/pages\/12503\/revisions\/12509"}],"wp:attachment":[{"href":"https:\/\/goethe-schule-harburg.hamburg.de\/index.php?rest_route=%2Fwp%2Fv2%2Fmedia&parent=12503"}],"curies":[{"name":"wp","href":"https:\/\/api.w.org\/{rel}","templated":true}]}}