{"id":1437,"date":"2016-11-14T17:10:11","date_gmt":"2016-11-14T16:10:11","guid":{"rendered":"http:\/\/goethe-schule-harburg.schulhomepages.hamburg.de\/?page_id=1437"},"modified":"2023-12-01T10:00:07","modified_gmt":"2023-12-01T09:00:07","slug":"schulsprecherteam","status":"publish","type":"page","link":"https:\/\/goethe-schule-harburg.hamburg.de\/?page_id=1437","title":{"rendered":"Schulsprecherteam"},"content":{"rendered":"<p>Das Schulsprecherteam besteht aus Sch\u00fclerinnen und Sch\u00fclern der Mittel- und Oberstufe und ist f\u00fcr zwei Schuljahre gew\u00e4hlt (Best\u00e4tigung nach einem Jahr). Dieses Team vertritt die Sch\u00fclerinnen und Sch\u00fcler der GSH. Das bedeutet, dass das Team sich in seiner Arbeit f\u00fcr die Interessen und Belange der gesamten Sch\u00fclerschaft einsetzt.<\/p>\n<p>Mit diesem Ziel arbeitet das Schulsprecherteam eng mit der Schulleitung und den Verbindungslehrern zusammen. Dar\u00fcber hinaus arbeiten Vertreter des Teams regelm\u00e4\u00dfig in Arbeitsgruppen zu Themen der Schulgemeinschaft mit. Das Team tauscht sich auch regelm\u00e4\u00dfig mit dem Elternrat aus, entsendet Vertreter in Aussch\u00fcsse und kooperiert mit den Sch\u00fclervertretungen anderer Schulen.<\/p>\n<p>Das Schulsprecherteam beruft mehrmals im Schuljahr den Sch\u00fclerrat der GSH ein, der aus den gew\u00e4hlten Klassensprechern und Klassensprecherinnen besteht. Der Sch\u00fclerrat wird vom Schulsprecherteam moderiert; dort werden aktuelle Fragen und Themen diskutiert und beschlossen.<\/p>\n<p>Neben der Arbeit an aktuellen Anliegen gestaltet das Schulsprecherteam w\u00e4hrend eines Jahres eine Reihe von Projekten, z.B. eine Blutspendeaktion, einen Adventskalender f\u00fcr die Unter- und Mittelstufe, eine Valentinstagsaktion und zum Abschluss des Schuljahres ein gro\u00dfes Sommerfest f\u00fcr die ganze Schulgemeinschaft.<\/p>\n<p>Zu erreichen ist das Schulsprecherteam unter: <a href=\"mailto:schulsprecherteam@goethe-schule-harburg.de\">schulsprecherteam@goethe-schule-harburg.de<\/a><\/p>\n<p>&nbsp;<\/p>\n","protected":false},"excerpt":{"rendered":"<p>Das Schulsprecherteam besteht aus Sch\u00fclerinnen und Sch\u00fclern der Mittel- und Oberstufe und ist f\u00fcr zwei Schuljahre gew\u00e4hlt (Best\u00e4tigung nach einem Jahr). Dieses Team vertritt die Sch\u00fclerinnen und Sch\u00fcler der GSH. Das bedeutet, dass das Team sich in seiner Arbeit f\u00fcr die Interessen und Belange der gesamten Sch\u00fclerschaft einsetzt. Mit diesem Ziel arbeitet das Schulsprecherteam eng&hellip; <br \/> <a class=\"read-more\" href=\"https:\/\/goethe-schule-harburg.hamburg.de\/?page_id=1437\">Weiterlesen<\/a><\/p>\n","protected":false},"author":275,"featured_media":0,"parent":376,"menu_order":0,"comment_status":"closed","ping_status":"closed","template":"","meta":{"_acf_changed":false,"footnotes":""},"class_list":["post-1437","page","type-page","status-publish","hentry"],"acf":[],"_links":{"self":[{"href":"https:\/\/goethe-schule-harburg.hamburg.de\/index.php?rest_route=\/wp\/v2\/pages\/1437","targetHints":{"allow":["GET"]}}],"collection":[{"href":"https:\/\/goethe-schule-harburg.hamburg.de\/index.php?rest_route=\/wp\/v2\/pages"}],"about":[{"href":"https:\/\/goethe-schule-harburg.hamburg.de\/index.php?rest_route=\/wp\/v2\/types\/page"}],"author":[{"embeddable":true,"href":"https:\/\/goethe-schule-harburg.hamburg.de\/index.php?rest_route=\/wp\/v2\/users\/275"}],"replies":[{"embeddable":true,"href":"https:\/\/goethe-schule-harburg.hamburg.de\/index.php?rest_route=%2Fwp%2Fv2%2Fcomments&post=1437"}],"version-history":[{"count":5,"href":"https:\/\/goethe-schule-harburg.hamburg.de\/index.php?rest_route=\/wp\/v2\/pages\/1437\/revisions"}],"predecessor-version":[{"id":9550,"href":"https:\/\/goethe-schule-harburg.hamburg.de\/index.php?rest_route=\/wp\/v2\/pages\/1437\/revisions\/9550"}],"up":[{"embeddable":true,"href":"https:\/\/goethe-schule-harburg.hamburg.de\/index.php?rest_route=\/wp\/v2\/pages\/376"}],"wp:attachment":[{"href":"https:\/\/goethe-schule-harburg.hamburg.de\/index.php?rest_route=%2Fwp%2Fv2%2Fmedia&parent=1437"}],"curies":[{"name":"wp","href":"https:\/\/api.w.org\/{rel}","templated":true}]}}