{"id":15,"date":"2015-03-06T16:15:33","date_gmt":"2015-03-06T15:15:33","guid":{"rendered":"http:\/\/goethe-schule-harburg.schulhomepages.hamburg.de\/?page_id=15"},"modified":"2025-11-11T13:41:50","modified_gmt":"2025-11-11T12:41:50","slug":"kollegium","status":"publish","type":"page","link":"https:\/\/goethe-schule-harburg.hamburg.de\/?page_id=15","title":{"rendered":"Kollegium"},"content":{"rendered":"<p><a href=\"https:\/\/goethe-schule-harburg.hamburg.de\/wp-content\/uploads\/sites\/155\/2025\/11\/Kollegium_1--scaled.jpg\" data-rel=\"lightbox\" data-rl_title=\"\" data-rl_caption=\"\" title=\"\"><img loading=\"lazy\" decoding=\"async\" class=\"aligncenter wp-image-12207 size-full\" src=\"https:\/\/goethe-schule-harburg.hamburg.de\/wp-content\/uploads\/sites\/155\/2025\/11\/Kollegium_1--scaled.jpg\" alt=\"\" width=\"2560\" height=\"1707\" srcset=\"https:\/\/goethe-schule-harburg.hamburg.de\/wp-content\/uploads\/sites\/155\/2025\/11\/Kollegium_1--scaled.jpg 2560w, https:\/\/goethe-schule-harburg.hamburg.de\/wp-content\/uploads\/sites\/155\/2025\/11\/Kollegium_1--300x200.jpg 300w, https:\/\/goethe-schule-harburg.hamburg.de\/wp-content\/uploads\/sites\/155\/2025\/11\/Kollegium_1--1024x683.jpg 1024w, https:\/\/goethe-schule-harburg.hamburg.de\/wp-content\/uploads\/sites\/155\/2025\/11\/Kollegium_1--768x512.jpg 768w, https:\/\/goethe-schule-harburg.hamburg.de\/wp-content\/uploads\/sites\/155\/2025\/11\/Kollegium_1--1536x1024.jpg 1536w, https:\/\/goethe-schule-harburg.hamburg.de\/wp-content\/uploads\/sites\/155\/2025\/11\/Kollegium_1--2048x1365.jpg 2048w, https:\/\/goethe-schule-harburg.hamburg.de\/wp-content\/uploads\/sites\/155\/2025\/11\/Kollegium_1--1620x1080.jpg 1620w\" sizes=\"auto, (max-width: 2560px) 100vw, 2560px\" \/><\/a><\/p>\n<p style=\"text-align: center\">An unserer Schule arbeiten mehr als 200 Kolleginnen und Kollegen unterschiedlicher Professionen: Lehrerinnen und Lehrer, Sonderp\u00e4dagoginnen und Sonderp\u00e4dagogen, Sozialp\u00e4dagoginnen und Sozialp\u00e4dagogen sowie nicht-p\u00e4dagogische Mitarbeiterinnen und Mitarbeiter.<\/p>\n<p>&nbsp;<\/p>\n","protected":false},"excerpt":{"rendered":"<p>An unserer Schule arbeiten mehr als 200 Kolleginnen und Kollegen unterschiedlicher Professionen: Lehrerinnen und Lehrer, Sonderp\u00e4dagoginnen und Sonderp\u00e4dagogen, Sozialp\u00e4dagoginnen und Sozialp\u00e4dagogen sowie nicht-p\u00e4dagogische Mitarbeiterinnen und Mitarbeiter. &nbsp;<\/p>\n","protected":false},"author":247,"featured_media":0,"parent":723,"menu_order":20,"comment_status":"closed","ping_status":"closed","template":"","meta":{"_acf_changed":false,"footnotes":""},"class_list":["post-15","page","type-page","status-publish","hentry"],"acf":[],"_links":{"self":[{"href":"https:\/\/goethe-schule-harburg.hamburg.de\/index.php?rest_route=\/wp\/v2\/pages\/15","targetHints":{"allow":["GET"]}}],"collection":[{"href":"https:\/\/goethe-schule-harburg.hamburg.de\/index.php?rest_route=\/wp\/v2\/pages"}],"about":[{"href":"https:\/\/goethe-schule-harburg.hamburg.de\/index.php?rest_route=\/wp\/v2\/types\/page"}],"author":[{"embeddable":true,"href":"https:\/\/goethe-schule-harburg.hamburg.de\/index.php?rest_route=\/wp\/v2\/users\/247"}],"replies":[{"embeddable":true,"href":"https:\/\/goethe-schule-harburg.hamburg.de\/index.php?rest_route=%2Fwp%2Fv2%2Fcomments&post=15"}],"version-history":[{"count":28,"href":"https:\/\/goethe-schule-harburg.hamburg.de\/index.php?rest_route=\/wp\/v2\/pages\/15\/revisions"}],"predecessor-version":[{"id":12208,"href":"https:\/\/goethe-schule-harburg.hamburg.de\/index.php?rest_route=\/wp\/v2\/pages\/15\/revisions\/12208"}],"up":[{"embeddable":true,"href":"https:\/\/goethe-schule-harburg.hamburg.de\/index.php?rest_route=\/wp\/v2\/pages\/723"}],"wp:attachment":[{"href":"https:\/\/goethe-schule-harburg.hamburg.de\/index.php?rest_route=%2Fwp%2Fv2%2Fmedia&parent=15"}],"curies":[{"name":"wp","href":"https:\/\/api.w.org\/{rel}","templated":true}]}}