{"id":2082,"date":"2018-09-09T13:13:33","date_gmt":"2018-09-09T11:13:33","guid":{"rendered":"https:\/\/goethe-schule-harburg.schulhomepages.hamburg.de\/?page_id=2082"},"modified":"2022-11-10T17:35:43","modified_gmt":"2022-11-10T16:35:43","slug":"erwan-7-10","status":"publish","type":"page","link":"https:\/\/goethe-schule-harburg.hamburg.de\/?page_id=2082","title":{"rendered":"ERWAN Erweitertes Angebot 7-10"},"content":{"rendered":"<h1>ERWAN &#8211; ERWEITERTES ANGEBOT<\/h1>\n<p>&nbsp;<\/p>\n<table style=\"height: 100%\" width=\"100%\">\n<tbody>\n<tr style=\"height: 100%\">\n<td style=\"border-color: #ffffff;vertical-align: top\"><span style=\"font-size: 13pt;line-height: 140%\">Ebenso sicher wie Wissensvermittlung und Leistungsentwicklung die vorrangigen Interessen der Goethe Schule Harburg sind, so sicher ist auch, dass sich unsere Schule besonders wegen des Ganztagskonzepts nicht darauf beschr\u00e4nken darf.<br \/>\n<em class=\"invis\">\u2003<\/em><br \/>\nGerade die scheinbar nachrangigen Bereiche des schulischen Angebotes verhelfen oftmals viel deutlicher zur Zufriedenheit des Einzelnen. Ihr Kind kann das, was es unter Schule versteht, als bleibenden Gewinn seiner Lern- und Schulzeit mit ins Leben nehmen.<br \/>\n<em class=\"invis\">\u2003<\/em><br \/>\nSomit kommt dem Angebot der Goethe Schule Harburg an au\u00dferunterrichtlichen Neigungskursen und Arbeitsgemeinschaften eine hohe Bedeutung zu. Diese Bereiche hei\u00dfen bei uns <strong>\u201eErweitertes Angebot\u201c<\/strong>, das liebevoll von allen <strong>ErwAn<\/strong>&nbsp;abgek\u00fcrzt wird. Insbesondere in diesem Bereich ist das Engagement von Eltern, Lehrern, Honorarkr\u00e4ften und ehemaligen Sch\u00fclern erfreulich rege.<br \/>\n<em class=\"invis\">\u2003<\/em><br \/>\nAnsprechpartner f\u00fcr ErwAn: <a href=\"https:\/\/goethe-schule-harburg.hamburg.de\/?page_id=1689#fu\">Nadja Jamila <\/a><\/span><span style=\"font-size: 13pt;line-height: 140%\"><a href=\"https:\/\/goethe-schule-harburg.hamburg.de\/?page_id=1689#fu\">Knopp<\/a><\/span><\/td>\n<td style=\"border-color: #ffffff;vertical-align: top\"><a href=\"https:\/\/goethe-schule-harburg.hamburg.de\/wp-content\/uploads\/sites\/155\/2022\/09\/Erwanheft_web.pdf\"><img loading=\"lazy\" decoding=\"async\" class=\"alignnone wp-image-8319 size-medium\" src=\"https:\/\/goethe-schule-harburg.hamburg.de\/wp-content\/uploads\/sites\/155\/2022\/08\/Bildschirmfoto-2022-08-29-um-08.31.37-212x300.png\" alt=\"\" width=\"212\" height=\"300\" srcset=\"https:\/\/goethe-schule-harburg.hamburg.de\/wp-content\/uploads\/sites\/155\/2022\/08\/Bildschirmfoto-2022-08-29-um-08.31.37-212x300.png 212w, https:\/\/goethe-schule-harburg.hamburg.de\/wp-content\/uploads\/sites\/155\/2022\/08\/Bildschirmfoto-2022-08-29-um-08.31.37-723x1024.png 723w, https:\/\/goethe-schule-harburg.hamburg.de\/wp-content\/uploads\/sites\/155\/2022\/08\/Bildschirmfoto-2022-08-29-um-08.31.37-768x1087.png 768w, https:\/\/goethe-schule-harburg.hamburg.de\/wp-content\/uploads\/sites\/155\/2022\/08\/Bildschirmfoto-2022-08-29-um-08.31.37.png 1064w\" sizes=\"auto, (max-width: 212px) 100vw, 212px\" \/><\/a><\/p>\n<div id=\"attachment_1733\" style=\"width: 210px\" class=\"wp-caption aligncenter\"><a href=\"https:\/\/goethe-schule-harburg.hamburg.de\/wp-content\/uploads\/sites\/155\/2016\/11\/erwan_klettern_einverstaendniserklaerung.pdf\"><img loading=\"lazy\" decoding=\"async\" aria-describedby=\"caption-attachment-1733\" class=\"wp-image-1733\" src=\"https:\/\/goethe-schule-harburg.hamburg.de\/wp-content\/uploads\/sites\/155\/2015\/03\/erwan_klattern_erklaerung-300x190.jpg\" alt=\"\" width=\"200\" height=\"127\"><\/a><p id=\"caption-attachment-1733\" class=\"wp-caption-text\">Einverst\u00e4ndniserkl\u00e4rung Klettern<\/p><\/div>\n<p><div id=\"attachment_1733\" style=\"width: 210px\" class=\"wp-caption aligncenter\"><a href=\"https:\/\/goethe-schule-harburg.hamburg.de\/wp-content\/uploads\/sites\/155\/2022\/09\/Erwanuebersicht_2022_web-2.pdf\"><img loading=\"lazy\" decoding=\"async\" aria-describedby=\"caption-attachment-1733\" class=\"wp-image-1733\" src=\"https:\/\/goethe-schule-harburg.hamburg.de\/wp-content\/uploads\/sites\/155\/2020\/08\/Erwan\u00fcbersicht_plakat_2020.jpg\" alt=\"\" width=\"200\" height=\"127\"><\/a><p id=\"caption-attachment-1733\" class=\"wp-caption-text\">ErwAn \u00dcbersicht<\/p><\/div><\/td>\n<\/tr>\n<\/tbody>\n<\/table>\n<p>&nbsp;<\/p>\n<p style=\"margin-right: 50px;background-color: #f0f0f0;border-right-width: 15px;border-right-style: solid;border-color: #123663;padding: 15px\"><strong>Ausgew\u00e4hltes Angebot:<\/strong><br \/>\n<strong>Fremdsprachenwettbewerb Englisch<\/strong><br \/>\nDieser Kurs richtet sich an Sch\u00fclerinnen und Sch\u00fcler der 9. Klassen (bei sehr guten Leistungen auch der 8. Klassen), die gut in Englisch sind und Lust haben, am Bundeswettbewerb Fremdsprachen teilzunehmen.<br \/>\nHierzu musst Du Dich verbindlich anmelden und Ende Januar eine Klausur im Landesinstitut schrei- ben. Das Ganze ist kostenlos und es gibt tolle Preise zu gewinnen und auf jeden Fall eine Urkunde und viel Beifall.<br \/>\nIn diesem Kurs werden wir die einzelnen Teile der Klausur sehr gut vorbereiten und Du wirst auf jeden Fall viel lernen. Da die Klausur Ende Januar geschrieben wird, ndet dieser Vorbereitungskurs nur im 1. Halbjahr statt.<br \/>\nWenn Du neugierig geworden bist, komm doch zum ersten Treffen.<\/p>\n<p style=\"margin-left: 50px;background-color: #f0f0f0;border-left-width: 15px;border-left-style: solid;border-color: #CD0921;padding: 15px\"><strong>Ausgew\u00e4hltes Angebot:<\/strong><br \/>\n<strong>Skiwettkampf<\/strong><br \/>\nWir wollen mit euch in Finsterau skilanglaufen. Dazu trainieren wir mit Euch f\u00fcr \u201eJugend trainiert f\u00fcr Olympia\u201c und nehmen an einem Quali kationswettkampf teil, bei dem Ihr laufen und inlines- katen m\u00fcsst. Unser Ziel ist, in Finsterau gegen 12 weitere Hamburger Schulen beim Skilanglauf zu gewinnen.<br \/>\nWenn Ihr in die 5. bis 8. Klasse geht und gute L\u00e4ufer seid, Zeit und Spa\u00df habt gegen andere Sch\u00fcler anzutreten, w\u00fcrden wir uns sehr freuen, wenn Ihr bei uns mitmacht. In einer Kompaktveranstal- tung, welche in der Projektwoche vom 24.-28.09.2018 am Nachmittag statt nden wird, trainieren wir mit Euch Inlineskaten. Ihr ben\u00f6tigt f\u00fcr den Skilanglauf keinerlei Vorerfahrungen.<br \/>\nBei Interesse meldet Euch per Iserv: max.marchewka(at)goethe-schule-harburg.de<\/p>\n<p style=\"margin-right: 50px;background-color: #f0f0f0;border-right-width: 15px;border-right-style: solid;border-color: #681859;padding: 15px\"><img loading=\"lazy\" decoding=\"async\" class=\"size-full wp-image-932 alignleft\" src=\"https:\/\/goethe-schule-harburg.hamburg.de\/wp-content\/uploads\/sites\/155\/2018\/09\/erwan-beat-up_klein.jpg\" alt=\"erwan - kletterwand\" width=\"180\" height=\"258\"><strong>Ausgew\u00e4hltes Angebot:<\/strong><br \/>\n<strong>Beat up<\/strong><br \/>\nBase in your face und rotzige Beats:<br \/>\nWolltest Du schon immer einmal bei einer professionellen Musikproduktion, beim Dreh eines pro- fessionellen Musikvideoclips mitwirken?<br \/>\nInteressierst Du Dich f\u00fcr Pro Kameras, Schnitttechnik, Regie und Schauspiel? Dann bist Du bei uns richtig! An vier Intensiv-Wochenenden drehen wir in diesem Jahr im ERWAN Kurs Musikvideos f\u00fcr Hamburger Newcomer Bands.<br \/>\nUnterst\u00fctzt werden wir dabei von einer Hamburger Film Produktions Firma und damit von einem professionellen Kamerateam, Regisseur und Produzenten! Deine Aufgabe wird es sein, Dich vor und nach dem Dreh, hinter und vor der Kamera an der Produktion zu beteiligen. Je nachdem wof\u00fcr Du Dich interessierst, kannst Du so schauspielerisch, als Kameramann, im Licht-Department oder bei vielen anderen Aufgaben wachsen. Eine Anmeldung, um an einem ersten Treffen teilnehmen zu k\u00f6nnen, muss bis zum 10. September an folgende E-Mail Adresse wolf.goelz@goethe-schule- harburg.de erfolgen.<br \/>\nDer Kurs wendet sich an alle 9. &#8211; 12. Kl\u00e4ssler. Die Daten der Drehs und Konzeptions Treffen werden bei einem ersten Treffen bekannt gegeben.<\/p>\n<p style=\"margin-left: 50px;background-color: #f0f0f0;border-left-width: 15px;border-left-style: solid;border-color: #E2001A;padding: 15px\"><img loading=\"lazy\" decoding=\"async\" class=\"size-full wp-image-932 alignleft\" src=\"https:\/\/goethe-schule-harburg.hamburg.de\/wp-content\/uploads\/sites\/155\/2015\/08\/erwan-kletterwand.jpg\" alt=\"erwan - kletterwand\" width=\"180\" height=\"258\"><strong>Ausgew\u00e4hltes Angebot:<\/strong><br \/>\n<strong>Klettern am Samstag<\/strong><br \/>\nAb sofort ist die Kletterwand in der Sporthalle der GSH wieder jeden Samstag ge\u00f6ffnet. Herzlich willkommen sind alle, die Lust haben, den Klettersport einmal auszuprobieren, oder sich mit anderen austauschen und trainieren m\u00f6chten. Wir vermitteln Grundkenntnisse in Klettertechnik und Sichern. Ge\u00f6ffnet ist die Kletterwand jeden Samstag von 13 bis 16 Uhr (Heiligabend und Silvester geschlossen). Zugelassen ist das Klettern f\u00fcr alle ab dem 10. Lebensjahr. Personen unter 18 Jahren m\u00fcssen eine unterschriebene <a href=\"https:\/\/goethe-schule-harburg.hamburg.de\/wp-content\/uploads\/sites\/155\/2016\/11\/erwan_klettern_einverstaendniserklaerung.pdf\">Einverst\u00e4ndniserkl\u00e4rung<\/a> eines Erziehungsberechtigten mitbringen. Kinder unter 14 sollten in Begleitung eines Erwachsenen kommen. Sch\u00fclerinnen und Sch\u00fcler der GSH klettern kostenfrei. F\u00fcr G\u00e4ste liegen die Kosten bei 3 Euro (unter 18 Jahren) bzw. bei 5 Euro (ab 18 Jahren). Die Ausleihgeb\u00fchr f\u00fcr Schuhe und Gurt betr\u00e4gt 2 Euro.<\/p>\n<p style=\"margin-right: 50px;background-color: #f0f0f0;border-right-width: 15px;border-right-style: solid;border-color: #861C7F;padding: 15px\"><strong>Ausgew\u00e4hltes Angebot:<\/strong><br \/>\n<strong>Goethe-Kids Unterstufenchor 5\/6 \u2013 Young ClassX<\/strong><br \/>\n<img loading=\"lazy\" decoding=\"async\" class=\"size-full wp-image-1340 alignleft\" src=\"https:\/\/goethe-schule-harburg.hamburg.de\/wp-content\/uploads\/sites\/155\/2015\/03\/erwan-goethe-kids_klein.jpg\" alt=\"erwan - goethe kids_klein\" width=\"300\" height=\"201\">Wenn du gerne singst, dich in einer gro\u00dfen Gemeinschaft wohl f\u00fchlst und Lust hast, h\u00e4ufig vor gro\u00dfem Publikum aufzutreten, dann bist du im Unterstufenchor genau richtig! Wir haben ein gro\u00dfes Repertoire und werden bekannte Hits oder auch extra f\u00fcr die Ch\u00f6re geschriebene Lieder ein\u00fcben! Auftritte haben wir beim Jahreskonzert von Gospeltrain, beim Weihnachtskonzert in der Friedrich-Ebert-Halle, bei festlichen Anl\u00e4ssen in der Schule oder auch auf Einladung anderer Veranstalter. Wir geh\u00f6ren zu den YoungClassX! Daher werden wir 60 Minuten proben, uns auch an mehrstimmige Lieder herantrauen und in der Laeiszhalle oder im Hamburger Rathaus und an anderen spannenden Orten vor gro\u00dfem Publikum auftreten! Mitmachen k\u00f6nnen alle Jungen und M\u00e4dchen der 5 und 6. Klassen. Weitere Infos findest du im aktuellen ERWAN-Heft.<\/p>\n<p style=\"margin-left: 50px;background-color: #f0f0f0;border-left-width: 15px;border-left-style: solid;border-color: #FFCC02;padding: 15px\"><strong>Ausgew\u00e4hltes Angebot:<\/strong><br \/>\n<strong>Comics<\/strong><br \/>\n<img loading=\"lazy\" decoding=\"async\" class=\"size-full wp-image-908 alignleft\" src=\"https:\/\/goethe-schule-harburg.hamburg.de\/wp-content\/uploads\/sites\/155\/2015\/03\/erwan-comics_klein.jpg\" alt=\"\" width=\"210\" height=\"229\">Comics sind grafische Literatur, also auch gezeichnete Geschichten. Die Geschichten k\u00f6nnen selbsterlebt, selbst erfunden werden. Wer Lust hat, Geschichten ohne gro\u00dfen technischen Aufwand in Bilder umzusetzen, sie stimmungsvoll zu inszenieren oder unglaubliches Selbsterfundenes sichtbar zu machen, und au\u00dferdem gern zeichnet, ist hier richtig. Alles geht, was wir zeichnen k\u00f6nnen und wollen. Was wir nicht zeichnen k\u00f6nnen, \u00fcben wir. Au\u00dferdem k\u00f6nnen wir Teams (Zeichner\/ Storyteller) bilden und uns bei lustigen \u00dcbungen lockern. Nebenbei erfahren wir noch etwas \u00fcber die Geschichte der Comics und ab und zu k\u00f6nnen wir einfach nur in Bildergeschichten st\u00f6bern.<\/p>\n<p>&nbsp;<\/p>\n","protected":false},"excerpt":{"rendered":"<p>ERWAN &#8211; ERWEITERTES ANGEBOT &nbsp; Ebenso sicher wie Wissensvermittlung und Leistungsentwicklung die vorrangigen Interessen der Goethe Schule Harburg sind, so sicher ist auch, dass sich unsere Schule besonders wegen des Ganztagskonzepts nicht darauf beschr\u00e4nken darf. \u2003 Gerade die scheinbar nachrangigen Bereiche des schulischen Angebotes verhelfen oftmals viel deutlicher zur Zufriedenheit des Einzelnen. Ihr Kind kann&hellip; <br \/> <a class=\"read-more\" href=\"https:\/\/goethe-schule-harburg.hamburg.de\/?page_id=2082\">Weiterlesen<\/a><\/p>\n","protected":false},"author":889,"featured_media":0,"parent":0,"menu_order":0,"comment_status":"closed","ping_status":"closed","template":"","meta":{"_acf_changed":false,"footnotes":""},"class_list":["post-2082","page","type-page","status-publish","hentry"],"acf":[],"_links":{"self":[{"href":"https:\/\/goethe-schule-harburg.hamburg.de\/index.php?rest_route=\/wp\/v2\/pages\/2082","targetHints":{"allow":["GET"]}}],"collection":[{"href":"https:\/\/goethe-schule-harburg.hamburg.de\/index.php?rest_route=\/wp\/v2\/pages"}],"about":[{"href":"https:\/\/goethe-schule-harburg.hamburg.de\/index.php?rest_route=\/wp\/v2\/types\/page"}],"author":[{"embeddable":true,"href":"https:\/\/goethe-schule-harburg.hamburg.de\/index.php?rest_route=\/wp\/v2\/users\/889"}],"replies":[{"embeddable":true,"href":"https:\/\/goethe-schule-harburg.hamburg.de\/index.php?rest_route=%2Fwp%2Fv2%2Fcomments&post=2082"}],"version-history":[{"count":13,"href":"https:\/\/goethe-schule-harburg.hamburg.de\/index.php?rest_route=\/wp\/v2\/pages\/2082\/revisions"}],"predecessor-version":[{"id":8397,"href":"https:\/\/goethe-schule-harburg.hamburg.de\/index.php?rest_route=\/wp\/v2\/pages\/2082\/revisions\/8397"}],"wp:attachment":[{"href":"https:\/\/goethe-schule-harburg.hamburg.de\/index.php?rest_route=%2Fwp%2Fv2%2Fmedia&parent=2082"}],"curies":[{"name":"wp","href":"https:\/\/api.w.org\/{rel}","templated":true}]}}