{"id":21,"date":"2015-03-06T16:19:31","date_gmt":"2015-03-06T15:19:31","guid":{"rendered":"http:\/\/goethe-schule-harburg.schulhomepages.hamburg.de\/?page_id=21"},"modified":"2015-09-05T18:34:02","modified_gmt":"2015-09-05T16:34:02","slug":"schulverein","status":"publish","type":"page","link":"https:\/\/goethe-schule-harburg.hamburg.de\/?page_id=21","title":{"rendered":"Schulverein"},"content":{"rendered":"<h1>SCHULVEREIN<\/h1>\n<p>&nbsp;<\/p>\n<p>Der Schulverein erm\u00f6glicht die Durchf\u00fchrung diverser Aktivit\u00e4ten innerhalb der Schule. Neben zahlreichen Zusch\u00fcssen f\u00fcr Klassenreise und Sch\u00fcleraustausch werden mehrere Projekte und Neigungskurse unterst\u00fctzt.<\/p>\n<p>Homepage des Schulvereins: <a href=\"http:\/\/www.schulverein-gsh.de\/\" target=\"_blank\">Schulverein<\/a><\/p>\n","protected":false},"excerpt":{"rendered":"<p>SCHULVEREIN &nbsp; Der Schulverein erm\u00f6glicht die Durchf\u00fchrung diverser Aktivit\u00e4ten innerhalb der Schule. Neben zahlreichen Zusch\u00fcssen f\u00fcr Klassenreise und Sch\u00fcleraustausch werden mehrere Projekte und Neigungskurse unterst\u00fctzt. Homepage des Schulvereins: Schulverein<\/p>\n","protected":false},"author":247,"featured_media":0,"parent":723,"menu_order":30,"comment_status":"open","ping_status":"open","template":"","meta":{"_acf_changed":false,"footnotes":""},"class_list":["post-21","page","type-page","status-publish","hentry"],"acf":[],"_links":{"self":[{"href":"https:\/\/goethe-schule-harburg.hamburg.de\/index.php?rest_route=\/wp\/v2\/pages\/21","targetHints":{"allow":["GET"]}}],"collection":[{"href":"https:\/\/goethe-schule-harburg.hamburg.de\/index.php?rest_route=\/wp\/v2\/pages"}],"about":[{"href":"https:\/\/goethe-schule-harburg.hamburg.de\/index.php?rest_route=\/wp\/v2\/types\/page"}],"author":[{"embeddable":true,"href":"https:\/\/goethe-schule-harburg.hamburg.de\/index.php?rest_route=\/wp\/v2\/users\/247"}],"replies":[{"embeddable":true,"href":"https:\/\/goethe-schule-harburg.hamburg.de\/index.php?rest_route=%2Fwp%2Fv2%2Fcomments&post=21"}],"version-history":[{"count":1,"href":"https:\/\/goethe-schule-harburg.hamburg.de\/index.php?rest_route=\/wp\/v2\/pages\/21\/revisions"}],"predecessor-version":[{"id":782,"href":"https:\/\/goethe-schule-harburg.hamburg.de\/index.php?rest_route=\/wp\/v2\/pages\/21\/revisions\/782"}],"up":[{"embeddable":true,"href":"https:\/\/goethe-schule-harburg.hamburg.de\/index.php?rest_route=\/wp\/v2\/pages\/723"}],"wp:attachment":[{"href":"https:\/\/goethe-schule-harburg.hamburg.de\/index.php?rest_route=%2Fwp%2Fv2%2Fmedia&parent=21"}],"curies":[{"name":"wp","href":"https:\/\/api.w.org\/{rel}","templated":true}]}}