{"id":245,"date":"2015-03-14T17:25:51","date_gmt":"2015-03-14T16:25:51","guid":{"rendered":"http:\/\/goethe-schule-harburg.schulhomepages.hamburg.de\/?page_id=245"},"modified":"2023-02-09T22:27:13","modified_gmt":"2023-02-09T21:27:13","slug":"gospel-train","status":"publish","type":"page","link":"https:\/\/goethe-schule-harburg.hamburg.de\/?page_id=245","title":{"rendered":"Gospel Train"},"content":{"rendered":"<h1 style=\"text-align: left\">GOSPEL TRAIN<\/h1>\n<table style=\"height: 48px;background-color: #ffffff;border: 2px dashed #c41f63;width: 100%\" width=\"100%\" cellspacing=\"10%\" cellpadding=\"10%\">\n<tbody>\n<tr style=\"height: 48px\">\n<td style=\"width: 100%;border: 2px dashed #c41f63;padding-left: 15px;padding-top: 10px;padding-bottom: 10px;height: 48px\">Unser Schulchor Gospel Train feierte seinen 20. Geburtstag. Das war dem \u201eHamburg Journal\u201c einen Fernsehbeitrag wert. Aber sehen Sie <a title=\"Gospel Train feiert 20. Jubil\u00e4um\" href=\"https:\/\/www.ardmediathek.de\/ndr\/player\/Y3JpZDovL25kci5kZS85MTUyZmEwMS0zNjYxLTQ2ODItOTEwMi04ZjU3MWUxZTIwOGI\/?fbclid=IwAR0gw92NQP3mj73hnkCGBVbVRl0AeUMfQNmba1nx1BTwCHlm44WfG9O3lBw\" target=\"_blank\" rel=\"noopener noreferrer\">hier<\/a> selbst.<\/td>\n<\/tr>\n<\/tbody>\n<\/table>\n<p><img loading=\"lazy\" decoding=\"async\" class=\"aligncenter wp-image-697 size-full\" src=\"https:\/\/goethe-schule-harburg.hamburg.de\/wp-content\/uploads\/sites\/155\/2015\/03\/gospeltrain14_32_klein.jpg\" alt=\"gospeltrain14_32_klein\" width=\"600\" height=\"288\" srcset=\"https:\/\/goethe-schule-harburg.hamburg.de\/wp-content\/uploads\/sites\/155\/2015\/03\/gospeltrain14_32_klein.jpg 600w, https:\/\/goethe-schule-harburg.hamburg.de\/wp-content\/uploads\/sites\/155\/2015\/03\/gospeltrain14_32_klein-300x144.jpg 300w\" sizes=\"auto, (max-width: 600px) 100vw, 600px\" \/><\/p>\n<p style=\"text-align: left\" align=\"justify\">Der GSH-Schulchor Gospel Train wurde mit dem Hamburger Bildungspreis 2014 der Hamburger Sparkasse und dem Hamburger Abendblatt ausgezeichnet. Bei der feierlichen Verleihung im Kehrwieder Theater der Speicherstadt sorgte insbesondere unser Gospel Train mit Liedern wie &#8222;Lean On Me&#8220; und &#8222;Higher And Higher&#8220; f\u00fcr G\u00e4nsehautmomente bei den Zuschauern und G\u00e4sten. Auch bei dieser Veranstaltung bewies der GSH-Schulchor seine Extraklasse und war erneut als wunderbarer Botschafter unserer Goethe-Schule-Harburg unterwegs.<\/p>\n<p>Im November 2014 feierte der Gospel Train sein 15-j\u00e4hriges Bestehen! Bei zwei ausverkauften Konzerten mit mehr als 2300 Zuschauern in der Friedrich-Ebert-Halle lie\u00dfen Peter Schuldt und seine 60 S\u00e4ngerinnen und S\u00e4nger des Gospel Trains die musikalische Zeit Revue passieren.<br \/>\nBesondere G\u00e4ste des Konzertes waren das Quartett &#8222;Voice4Soul&#8220; &#8211; auch ehemalige Mitglieder des Gospel Trains &#8211; und der Beatbox-Europameister Robeat.<\/p>\n<p>Die extra zum Jubil\u00e4um produzierte CD mit dem Titel &#8222;Du machst den Unterschied&#8220; l\u00e4sst auch alle Freunde des Chores mitfeiern, die den Chor auch gerne zu Hause h\u00f6ren m\u00f6chten.<\/p>\n<p>Der international zusammengesetzte Jugendchor Gospel Train singt und swingt seit 1999 unter der Leitung von Peter Schuldt. Angeregt durch den Film \u201eSister Act\u201c entstand der Wunsch, in einem 1992 gegr\u00fcndeten Schulchor einige Gospeltitel ins Programm aufzunehmen. Diese Idee erwies sich als goldrichtig und Gospeltrain wurde geboren. Bei dieser lebendigen Musik stehen eindeutig die Lebensfreude und das frische und vitale gemeinsame Musizieren im Vordergrund.<\/p>\n<p>Kurzportrait auf Hamburg 1<\/p>\n<p><iframe loading=\"lazy\" src=\"https:\/\/www.youtube.com\/embed\/gP7u9J_xD_o\" width=\"560\" height=\"315\" frameborder=\"0\" allowfullscreen=\"allowfullscreen\"><\/iframe><\/p>\n<p>Das frische Musizieren und die sich im Gesang der jungen K\u00fcnstler spiegelnde Lebensfreude haben Gospel Train weit \u00fcber die Grenzen Hamburgs hinaus bekannt gemacht. Inzwischen ist der Chor auf \u00fcber 130 Mitglieder angewachsen. Es singen besonders begabte und interessierte Sch\u00fclerinnen und Sch\u00fcler \u00fcberwiegend der Klassen 7 \u2013 13 und viele Ehemalige mit.<\/p>\n<p>Gospel Train tritt mit einer spielfreudigen 5-k\u00f6pfigen Band auf &#8211; h\u00e4ufig wirken auch namhafte K\u00fcnstler mit &#8211; und pr\u00e4sentiert neben Gospelsongs auch individuell vom Chorleiter Peter Schuldt arrangierte St\u00fccke aus den Bereichen Pop und Soul. Bevorzugte Textinhalte der St\u00fccke sind Themen wie Toleranz, Freundschaft, Trost oder Liebe.<\/p>\n<p>Sicherlich ist das Erfolgsgeheimnis des Chores in der Klasse vieler unterschiedlicher Solisten und der gro\u00dfen Qualit\u00e4t, Einsatzfreude und Leistungsbereitschaft aller Chormitglieder zu suchen. Fast alle Chormitglieder spielen ein Instrument, viele konnten Erfahrungen in Klassenorchestern sammeln und haben Gesangs-unterricht.<\/p>\n<p>Dank der Unterst\u00fctzung von Sponsoren konnten bereits drei CDs produziert werden. F\u00fcr besonderes begabte S\u00e4ngerinnen und S\u00e4nger gibt es eine Stiftung zur Finanzierung des Gesangunterrichts.<\/p>\n<p>In den vergangenen Jahren wurde Gospeltrain der \u201eHarburger Integrationspreis\u201c und der Stadtteilpreis der Hamburger Morgenpost verliehen. Au\u00dferdem erhielten mehrere Chormitglieder Preise. Whitney Akowuah wurde bei Radio Hamburg zur Soulqueen geehrt, Victor Sepulveda und Saskia mit dem Harburger Musikpreis ausgezeichnet.<\/p>\n\n\t\t<style type=\"text\/css\">\n\t\t\t#gallery-1 {\n\t\t\t\tmargin: auto;\n\t\t\t}\n\t\t\t#gallery-1 .gallery-item {\n\t\t\t\tfloat: left;\n\t\t\t\tmargin-top: 10px;\n\t\t\t\ttext-align: center;\n\t\t\t\twidth: 33%;\n\t\t\t}\n\t\t\t#gallery-1 img {\n\t\t\t\tborder: 2px solid #cfcfcf;\n\t\t\t}\n\t\t\t#gallery-1 .gallery-caption {\n\t\t\t\tmargin-left: 0;\n\t\t\t}\n\t\t\t\/* see gallery_shortcode() in wp-includes\/media.php *\/\n\t\t<\/style>\n\t\t<div id='gallery-1' class='gallery galleryid-245 gallery-columns-3 gallery-size-thumbnail'><dl class='gallery-item'>\n\t\t\t<dt class='gallery-icon landscape'>\n\t\t\t\t<a href='https:\/\/goethe-schule-harburg.hamburg.de\/wp-content\/uploads\/sites\/155\/2015\/04\/CCH-07.02.14_001.jpg' title=\"CCH, Konzert f\u00fcr Herz As (Obdachloseninitiative)\" data-rl_title=\"CCH, Konzert f\u00fcr Herz As (Obdachloseninitiative)\" class=\"rl-gallery-link\" data-rl_caption=\"\" data-rel=\"lightbox-gallery-1\"><img loading=\"lazy\" decoding=\"async\" width=\"150\" height=\"150\" src=\"https:\/\/goethe-schule-harburg.hamburg.de\/wp-content\/uploads\/sites\/155\/2015\/04\/CCH-07.02.14_001-150x150.jpg\" class=\"attachment-thumbnail size-thumbnail\" alt=\"\" aria-describedby=\"gallery-1-465\" \/><\/a>\n\t\t\t<\/dt>\n\t\t\t\t<dd class='wp-caption-text gallery-caption' id='gallery-1-465'>\n\t\t\t\tCCH, Konzert f\u00fcr Herz As (Obdachloseninitiative)\n\t\t\t\t<\/dd><\/dl><dl class='gallery-item'>\n\t\t\t<dt class='gallery-icon landscape'>\n\t\t\t\t<a href='https:\/\/goethe-schule-harburg.hamburg.de\/wp-content\/uploads\/sites\/155\/2015\/04\/D71_2472.jpg' title=\"2013 Stuttgart, Jubil\u00e4umsgala 150 DRK\" data-rl_title=\"2013 Stuttgart, Jubil\u00e4umsgala 150 DRK\" class=\"rl-gallery-link\" data-rl_caption=\"\" data-rel=\"lightbox-gallery-1\"><img loading=\"lazy\" decoding=\"async\" width=\"150\" height=\"150\" src=\"https:\/\/goethe-schule-harburg.hamburg.de\/wp-content\/uploads\/sites\/155\/2015\/04\/D71_2472-150x150.jpg\" class=\"attachment-thumbnail size-thumbnail\" alt=\"\" aria-describedby=\"gallery-1-463\" \/><\/a>\n\t\t\t<\/dt>\n\t\t\t\t<dd class='wp-caption-text gallery-caption' id='gallery-1-463'>\n\t\t\t\t2013 Stuttgart, Jubil\u00e4umsgala 150 DRK\n\t\t\t\t<\/dd><\/dl><dl class='gallery-item'>\n\t\t\t<dt class='gallery-icon landscape'>\n\t\t\t\t<a href='https:\/\/goethe-schule-harburg.hamburg.de\/wp-content\/uploads\/sites\/155\/2015\/04\/Ausw\u00e4rtiges-Amt-2014_069.jpg' title=\"2014 Ausw\u00e4rtige Amt mit Frank Walter Steinmeier\" data-rl_title=\"2014 Ausw\u00e4rtige Amt mit Frank Walter Steinmeier\" class=\"rl-gallery-link\" data-rl_caption=\"\" data-rel=\"lightbox-gallery-1\"><img loading=\"lazy\" decoding=\"async\" width=\"150\" height=\"150\" src=\"https:\/\/goethe-schule-harburg.hamburg.de\/wp-content\/uploads\/sites\/155\/2015\/04\/Ausw\u00e4rtiges-Amt-2014_069-150x150.jpg\" class=\"attachment-thumbnail size-thumbnail\" alt=\"\" aria-describedby=\"gallery-1-462\" \/><\/a>\n\t\t\t<\/dt>\n\t\t\t\t<dd class='wp-caption-text gallery-caption' id='gallery-1-462'>\n\t\t\t\t2014 Ausw\u00e4rtige Amt mit Frank Walter Steinmeier\n\t\t\t\t<\/dd><\/dl><br style=\"clear: both\" \/><dl class='gallery-item'>\n\t\t\t<dt class='gallery-icon landscape'>\n\t\t\t\t<a href='https:\/\/goethe-schule-harburg.hamburg.de\/wp-content\/uploads\/sites\/155\/2015\/04\/43.jpg' title=\"HanseMerkur: Kinderschutzpreis\" data-rl_title=\"HanseMerkur: Kinderschutzpreis\" class=\"rl-gallery-link\" data-rl_caption=\"\" data-rel=\"lightbox-gallery-1\"><img loading=\"lazy\" decoding=\"async\" width=\"150\" height=\"150\" src=\"https:\/\/goethe-schule-harburg.hamburg.de\/wp-content\/uploads\/sites\/155\/2015\/04\/43-150x150.jpg\" class=\"attachment-thumbnail size-thumbnail\" alt=\"\" aria-describedby=\"gallery-1-461\" \/><\/a>\n\t\t\t<\/dt>\n\t\t\t\t<dd class='wp-caption-text gallery-caption' id='gallery-1-461'>\n\t\t\t\tHanseMerkur: Kinderschutzpreis\n\t\t\t\t<\/dd><\/dl><dl class='gallery-item'>\n\t\t\t<dt class='gallery-icon landscape'>\n\t\t\t\t<a href='https:\/\/goethe-schule-harburg.hamburg.de\/wp-content\/uploads\/sites\/155\/2015\/03\/gospeltrain14_32.jpg' title=\"2014, Finale Jubil\u00e4umskonzert in der Eberthalle\" data-rl_title=\"2014, Finale Jubil\u00e4umskonzert in der Eberthalle\" class=\"rl-gallery-link\" data-rl_caption=\"\" data-rel=\"lightbox-gallery-1\"><img loading=\"lazy\" decoding=\"async\" width=\"150\" height=\"150\" src=\"https:\/\/goethe-schule-harburg.hamburg.de\/wp-content\/uploads\/sites\/155\/2015\/03\/gospeltrain14_32-150x150.jpg\" class=\"attachment-thumbnail size-thumbnail\" alt=\"\" aria-describedby=\"gallery-1-192\" \/><\/a>\n\t\t\t<\/dt>\n\t\t\t\t<dd class='wp-caption-text gallery-caption' id='gallery-1-192'>\n\t\t\t\t2014, Finale Jubil\u00e4umskonzert in der Eberthalle\n\t\t\t\t<\/dd><\/dl><dl class='gallery-item'>\n\t\t\t<dt class='gallery-icon landscape'>\n\t\t\t\t<a href='https:\/\/goethe-schule-harburg.hamburg.de\/wp-content\/uploads\/sites\/155\/2015\/04\/Kiel-K\u00f6nigin-Silvia-03.07.2006-200.jpg' title=\"GospelTrain in Kiel mit K\u00f6nigin Silvia (03.07.2006)\" data-rl_title=\"GospelTrain in Kiel mit K\u00f6nigin Silvia (03.07.2006)\" class=\"rl-gallery-link\" data-rl_caption=\"\" data-rel=\"lightbox-gallery-1\"><img loading=\"lazy\" decoding=\"async\" width=\"150\" height=\"150\" src=\"https:\/\/goethe-schule-harburg.hamburg.de\/wp-content\/uploads\/sites\/155\/2015\/04\/Kiel-K\u00f6nigin-Silvia-03.07.2006-200-150x150.jpg\" class=\"attachment-thumbnail size-thumbnail\" alt=\"\" aria-describedby=\"gallery-1-464\" \/><\/a>\n\t\t\t<\/dt>\n\t\t\t\t<dd class='wp-caption-text gallery-caption' id='gallery-1-464'>\n\t\t\t\tGospelTrain in Kiel mit K\u00f6nigin Silvia (03.07.2006)\n\t\t\t\t<\/dd><\/dl><br style=\"clear: both\" \/>\n\t\t<\/div>\n\n<p>&nbsp;<\/p>\n<p><strong>Weitere Informationen:<\/strong><\/p>\n<p style=\"padding-left: 30px\">\u2022 <a href=\"http:\/\/www.gospeltrain.hamburg\" target=\"_blank\" rel=\"noopener noreferrer\">die Homepage des Gospel Train<\/a><\/p>\n<p style=\"padding-left: 30px\">\u2022 <a href=\"http:\/\/www.gospeltrain.hamburg\/konzerte\/\" rel=\"\">die aktuellen Auftrittsdaten<\/a><\/p>\n<p style=\"padding-left: 30px\">\u2022 auf der <a href=\"https:\/\/www.facebook.com\/gospeltrain.jugendchor\" target=\"_blank\" rel=\"noopener noreferrer\">Facebook-Seite<\/a> finden sich alle Termine, Berichte von den Konzerten und nat\u00fcrlich aktuelle Fotos.<\/p>\n<p style=\"padding-left: 30px\">\u2022 <a href=\"https:\/\/goethe-schule-harburg.hamburg.de\/wp-content\/uploads\/sites\/155\/2016\/10\/gospeltrain_ich_bin_harburg_text.pdf\">Text<\/a> und <a href=\"https:\/\/goethe-schule-harburg.hamburg.de\/wp-content\/uploads\/sites\/155\/2016\/10\/gospeltrain_ich_bin_harburg_noten.pdf\">Noten<\/a> zum Song &#8218;Ich bin Harburg!&#8216;<\/p>\n<p style=\"padding-left: 30px\">&nbsp;<\/p>\n","protected":false},"excerpt":{"rendered":"<p>GOSPEL TRAIN Unser Schulchor Gospel Train feierte seinen 20. Geburtstag. Das war dem \u201eHamburg Journal\u201c einen Fernsehbeitrag wert. Aber sehen Sie hier selbst. Der GSH-Schulchor Gospel Train wurde mit dem Hamburger Bildungspreis 2014 der Hamburger Sparkasse und dem Hamburger Abendblatt ausgezeichnet. Bei der feierlichen Verleihung im Kehrwieder Theater der Speicherstadt sorgte insbesondere unser Gospel Train&hellip; <br \/> <a class=\"read-more\" href=\"https:\/\/goethe-schule-harburg.hamburg.de\/?page_id=245\">Weiterlesen<\/a><\/p>\n","protected":false},"author":247,"featured_media":0,"parent":39,"menu_order":10,"comment_status":"closed","ping_status":"closed","template":"","meta":{"_acf_changed":false,"footnotes":""},"class_list":["post-245","page","type-page","status-publish","hentry"],"acf":[],"_links":{"self":[{"href":"https:\/\/goethe-schule-harburg.hamburg.de\/index.php?rest_route=\/wp\/v2\/pages\/245","targetHints":{"allow":["GET"]}}],"collection":[{"href":"https:\/\/goethe-schule-harburg.hamburg.de\/index.php?rest_route=\/wp\/v2\/pages"}],"about":[{"href":"https:\/\/goethe-schule-harburg.hamburg.de\/index.php?rest_route=\/wp\/v2\/types\/page"}],"author":[{"embeddable":true,"href":"https:\/\/goethe-schule-harburg.hamburg.de\/index.php?rest_route=\/wp\/v2\/users\/247"}],"replies":[{"embeddable":true,"href":"https:\/\/goethe-schule-harburg.hamburg.de\/index.php?rest_route=%2Fwp%2Fv2%2Fcomments&post=245"}],"version-history":[{"count":4,"href":"https:\/\/goethe-schule-harburg.hamburg.de\/index.php?rest_route=\/wp\/v2\/pages\/245\/revisions"}],"predecessor-version":[{"id":8551,"href":"https:\/\/goethe-schule-harburg.hamburg.de\/index.php?rest_route=\/wp\/v2\/pages\/245\/revisions\/8551"}],"up":[{"embeddable":true,"href":"https:\/\/goethe-schule-harburg.hamburg.de\/index.php?rest_route=\/wp\/v2\/pages\/39"}],"wp:attachment":[{"href":"https:\/\/goethe-schule-harburg.hamburg.de\/index.php?rest_route=%2Fwp%2Fv2%2Fmedia&parent=245"}],"curies":[{"name":"wp","href":"https:\/\/api.w.org\/{rel}","templated":true}]}}