{"id":248,"date":"2015-03-14T17:33:35","date_gmt":"2015-03-14T16:33:35","guid":{"rendered":"http:\/\/goethe-schule-harburg.schulhomepages.hamburg.de\/?page_id=248"},"modified":"2016-04-16T13:46:38","modified_gmt":"2016-04-16T11:46:38","slug":"young-classx","status":"publish","type":"page","link":"https:\/\/goethe-schule-harburg.hamburg.de\/?page_id=248","title":{"rendered":"The Young ClassX"},"content":{"rendered":"<h1 style=\"text-align: left\">THE YOUNG CLASSX<\/h1>\n<p>&nbsp;<\/p>\n<p style=\"text-align: left\" align=\"justify\"><img loading=\"lazy\" decoding=\"async\" class=\"wp-image-83 alignleft\" src=\"https:\/\/goethe-schule-harburg.hamburg.de\/wp-content\/uploads\/sites\/155\/2015\/02\/tycx_logo_4c-300x236.jpg\" alt=\"logotest\" width=\"228\" height=\"161\" \/>The Young ClassX ist ein einzigartiges und innovatives Musikprojekt f\u00fcr die Freie und Hansestadt Hamburg, welches gemeinsam von der Otto Group und dem Ensemble Salut Salon initiiert wurde. Im Rahmen verschiedener Projektmodule bekommen Hamburger Sch\u00fcler die Chance, Musik zu erleben und selbst aktiv zu musizieren.<br \/>\nOb Singen im Chor, Spielen im gro\u00dfen Sinfonieorchester oder in kleineren Ensembles, Erleben der \u00f6rtlichen Kulturlandschaft mit dem MusikMobil oder Vernetzen \u00fcber die Internet-Community &#8211; jeder kann bei diesem kostenlosen Angebot aktiv mitmachen. The Young ClassX hat mittlerweile \u00fcber 8.400 Kinder und Jugendliche der Klassen 5 bis 13 in 67 Hamburger Schulen f\u00fcr Musik begeistert.<\/p>\n<p>In enger Kooperation mit der Beh\u00f6rde f\u00fcr Schule und Berufsbildung und dem Landesinstitut f\u00fcr Lehrerbildung und Schulentwicklung Hamburg wurde seit 2009 das Chormodul des Vereins The Young ClassX aufgebaut. Ziel des Chormoduls ist es, die Chorlandschaft in Hamburg zu bereichern und auszubauen.<br \/>\nBereits \u00fcber 2.500 Kinder und Jugendliche singen in 44 Ch\u00f6ren von Neuwiedenthal bis Lohbr\u00fcgge und Bahrenfeld bis Wilhelmsburg. Geleitet werden die vielen Ch\u00f6re von unserem Chormodulleiter Peter Schuldt und ausgew\u00e4hlten Musiklehrern sowie Chorleitern.<\/p>\n\n\t\t<style type=\"text\/css\">\n\t\t\t#gallery-1 {\n\t\t\t\tmargin: auto;\n\t\t\t}\n\t\t\t#gallery-1 .gallery-item {\n\t\t\t\tfloat: left;\n\t\t\t\tmargin-top: 10px;\n\t\t\t\ttext-align: center;\n\t\t\t\twidth: 16%;\n\t\t\t}\n\t\t\t#gallery-1 img {\n\t\t\t\tborder: 2px solid #cfcfcf;\n\t\t\t}\n\t\t\t#gallery-1 .gallery-caption {\n\t\t\t\tmargin-left: 0;\n\t\t\t}\n\t\t\t\/* see gallery_shortcode() in wp-includes\/media.php *\/\n\t\t<\/style>\n\t\t<div id='gallery-1' class='gallery galleryid-248 gallery-columns-6 gallery-size-thumbnail'><dl class='gallery-item'>\n\t\t\t<dt class='gallery-icon landscape'>\n\t\t\t\t<a href='https:\/\/goethe-schule-harburg.hamburg.de\/wp-content\/uploads\/sites\/155\/2015\/04\/130607_Jahreskonzert-2013_Marcus-Kr\u00fcger-1.jpg' title=\"\" data-rl_title=\"\" class=\"rl-gallery-link\" data-rl_caption=\"\" data-rel=\"lightbox-gallery-1\"><img loading=\"lazy\" decoding=\"async\" width=\"150\" height=\"150\" src=\"https:\/\/goethe-schule-harburg.hamburg.de\/wp-content\/uploads\/sites\/155\/2015\/04\/130607_Jahreskonzert-2013_Marcus-Kr\u00fcger-1-150x150.jpg\" class=\"attachment-thumbnail size-thumbnail\" alt=\"\" \/><\/a>\n\t\t\t<\/dt><\/dl><dl class='gallery-item'>\n\t\t\t<dt class='gallery-icon landscape'>\n\t\t\t\t<a href='https:\/\/goethe-schule-harburg.hamburg.de\/wp-content\/uploads\/sites\/155\/2015\/04\/140411_Einb\u00fcrgerungsfeier_The-Young-ClassX.jpg' title=\"\" data-rl_title=\"\" class=\"rl-gallery-link\" data-rl_caption=\"\" data-rel=\"lightbox-gallery-1\"><img loading=\"lazy\" decoding=\"async\" width=\"150\" height=\"150\" src=\"https:\/\/goethe-schule-harburg.hamburg.de\/wp-content\/uploads\/sites\/155\/2015\/04\/140411_Einb\u00fcrgerungsfeier_The-Young-ClassX-150x150.jpg\" class=\"attachment-thumbnail size-thumbnail\" alt=\"\" srcset=\"https:\/\/goethe-schule-harburg.hamburg.de\/wp-content\/uploads\/sites\/155\/2015\/04\/140411_Einb\u00fcrgerungsfeier_The-Young-ClassX-150x150.jpg 150w, https:\/\/goethe-schule-harburg.hamburg.de\/wp-content\/uploads\/sites\/155\/2015\/04\/140411_Einb\u00fcrgerungsfeier_The-Young-ClassX-300x300.jpg 300w, https:\/\/goethe-schule-harburg.hamburg.de\/wp-content\/uploads\/sites\/155\/2015\/04\/140411_Einb\u00fcrgerungsfeier_The-Young-ClassX-1024x1024.jpg 1024w, https:\/\/goethe-schule-harburg.hamburg.de\/wp-content\/uploads\/sites\/155\/2015\/04\/140411_Einb\u00fcrgerungsfeier_The-Young-ClassX.jpg 1050w\" sizes=\"auto, (max-width: 150px) 100vw, 150px\" \/><\/a>\n\t\t\t<\/dt><\/dl><dl class='gallery-item'>\n\t\t\t<dt class='gallery-icon landscape'>\n\t\t\t\t<a href='https:\/\/goethe-schule-harburg.hamburg.de\/wp-content\/uploads\/sites\/155\/2015\/03\/Jahreskonzert-2013-c-Marcus-Krueger-2.jpg' title=\"\" data-rl_title=\"\" class=\"rl-gallery-link\" data-rl_caption=\"\" data-rel=\"lightbox-gallery-1\"><img loading=\"lazy\" decoding=\"async\" width=\"150\" height=\"150\" src=\"https:\/\/goethe-schule-harburg.hamburg.de\/wp-content\/uploads\/sites\/155\/2015\/03\/Jahreskonzert-2013-c-Marcus-Krueger-2-150x150.jpg\" class=\"attachment-thumbnail size-thumbnail\" alt=\"\" \/><\/a>\n\t\t\t<\/dt><\/dl><dl class='gallery-item'>\n\t\t\t<dt class='gallery-icon landscape'>\n\t\t\t\t<a href='https:\/\/goethe-schule-harburg.hamburg.de\/wp-content\/uploads\/sites\/155\/2015\/03\/Evers40.jpg' title=\"\" data-rl_title=\"\" class=\"rl-gallery-link\" data-rl_caption=\"\" data-rel=\"lightbox-gallery-1\"><img loading=\"lazy\" decoding=\"async\" width=\"150\" height=\"150\" src=\"https:\/\/goethe-schule-harburg.hamburg.de\/wp-content\/uploads\/sites\/155\/2015\/03\/Evers40-150x150.jpg\" class=\"attachment-thumbnail size-thumbnail\" alt=\"\" \/><\/a>\n\t\t\t<\/dt><\/dl><dl class='gallery-item'>\n\t\t\t<dt class='gallery-icon landscape'>\n\t\t\t\t<a href='https:\/\/goethe-schule-harburg.hamburg.de\/wp-content\/uploads\/sites\/155\/2015\/03\/Hellwig25.jpg' title=\"\" data-rl_title=\"\" class=\"rl-gallery-link\" data-rl_caption=\"\" data-rel=\"lightbox-gallery-1\"><img loading=\"lazy\" decoding=\"async\" width=\"150\" height=\"150\" src=\"https:\/\/goethe-schule-harburg.hamburg.de\/wp-content\/uploads\/sites\/155\/2015\/03\/Hellwig25-150x150.jpg\" class=\"attachment-thumbnail size-thumbnail\" alt=\"\" \/><\/a>\n\t\t\t<\/dt><\/dl><dl class='gallery-item'>\n\t\t\t<dt class='gallery-icon landscape'>\n\t\t\t\t<a href='https:\/\/goethe-schule-harburg.hamburg.de\/wp-content\/uploads\/sites\/155\/2015\/03\/Evers37.jpg' title=\"\" data-rl_title=\"\" class=\"rl-gallery-link\" data-rl_caption=\"\" data-rel=\"lightbox-gallery-1\"><img loading=\"lazy\" decoding=\"async\" width=\"150\" height=\"150\" src=\"https:\/\/goethe-schule-harburg.hamburg.de\/wp-content\/uploads\/sites\/155\/2015\/03\/Evers37-150x150.jpg\" class=\"attachment-thumbnail size-thumbnail\" alt=\"\" \/><\/a>\n\t\t\t<\/dt><\/dl><br style=\"clear: both\" \/>\n\t\t<\/div>\n\n<p>Als eine der ersten Schulen ist die Goethe-Schule-Harburg seit 2009 Teil des Chormoduls von The Young ClassX. Bei Werkstatt- und Stadteilkonzerten, dem gro\u00dfen Jahreskonzert sowie auch beim Sommerfest des Bundespr\u00e4sidenten und bei Einb\u00fcrgerungsfeiern im Hamburger Rathaus konnten die jungen S\u00e4ngerinnen und S\u00e4nger schon ein gro\u00dfes Publikum begeistern.<br \/>\nAn der Goethe-Schule-Harburg leiten die Musiklehrer Ute Hatzel, Ina Lubrich, Christine Parbey und Peter Schuldt derzeit zwei Unterstufench\u00f6re und einen Mittel- und Oberstufenchor, den Gospel Train.<\/p>\n<p>The Young ClassX hat auch eine eigene <a href=\"http:\/\/www.theyoungclassx.de\/\" target=\"_blank\">Website<\/a>.<\/p>\n<p>&nbsp;<\/p>\n","protected":false},"excerpt":{"rendered":"<p>THE YOUNG CLASSX &nbsp; The Young ClassX ist ein einzigartiges und innovatives Musikprojekt f\u00fcr die Freie und Hansestadt Hamburg, welches gemeinsam von der Otto Group und dem Ensemble Salut Salon initiiert wurde. Im Rahmen verschiedener Projektmodule bekommen Hamburger Sch\u00fcler die Chance, Musik zu erleben und selbst aktiv zu musizieren. Ob Singen im Chor, Spielen im&hellip; <br \/> <a class=\"read-more\" href=\"https:\/\/goethe-schule-harburg.hamburg.de\/?page_id=248\">Weiterlesen<\/a><\/p>\n","protected":false},"author":247,"featured_media":0,"parent":39,"menu_order":30,"comment_status":"open","ping_status":"open","template":"","meta":{"_acf_changed":false,"footnotes":""},"class_list":["post-248","page","type-page","status-publish","hentry"],"acf":[],"_links":{"self":[{"href":"https:\/\/goethe-schule-harburg.hamburg.de\/index.php?rest_route=\/wp\/v2\/pages\/248","targetHints":{"allow":["GET"]}}],"collection":[{"href":"https:\/\/goethe-schule-harburg.hamburg.de\/index.php?rest_route=\/wp\/v2\/pages"}],"about":[{"href":"https:\/\/goethe-schule-harburg.hamburg.de\/index.php?rest_route=\/wp\/v2\/types\/page"}],"author":[{"embeddable":true,"href":"https:\/\/goethe-schule-harburg.hamburg.de\/index.php?rest_route=\/wp\/v2\/users\/247"}],"replies":[{"embeddable":true,"href":"https:\/\/goethe-schule-harburg.hamburg.de\/index.php?rest_route=%2Fwp%2Fv2%2Fcomments&post=248"}],"version-history":[{"count":2,"href":"https:\/\/goethe-schule-harburg.hamburg.de\/index.php?rest_route=\/wp\/v2\/pages\/248\/revisions"}],"predecessor-version":[{"id":704,"href":"https:\/\/goethe-schule-harburg.hamburg.de\/index.php?rest_route=\/wp\/v2\/pages\/248\/revisions\/704"}],"up":[{"embeddable":true,"href":"https:\/\/goethe-schule-harburg.hamburg.de\/index.php?rest_route=\/wp\/v2\/pages\/39"}],"wp:attachment":[{"href":"https:\/\/goethe-schule-harburg.hamburg.de\/index.php?rest_route=%2Fwp%2Fv2%2Fmedia&parent=248"}],"curies":[{"name":"wp","href":"https:\/\/api.w.org\/{rel}","templated":true}]}}