{"id":33,"date":"2015-03-06T16:31:35","date_gmt":"2015-03-06T15:31:35","guid":{"rendered":"http:\/\/goethe-schule-harburg.schulhomepages.hamburg.de\/?page_id=33"},"modified":"2026-01-22T19:21:19","modified_gmt":"2026-01-22T18:21:19","slug":"jahrgang-5-6","status":"publish","type":"page","link":"https:\/\/goethe-schule-harburg.hamburg.de\/?page_id=33","title":{"rendered":"Jahrg\u00e4nge 5 bis 8"},"content":{"rendered":"<h1>CHANCEN F\u00dcR IHR KIND<\/h1>\n<p>Nach vier Jahren Grundschulzeit stehen Sie nun vor der Frage, welche weiterf\u00fchrende Schule Ihr Kind besuchen soll. Mit der Entscheidung f\u00fcr die Goethe Schule Harburg stehen Ihrem Kind alle Entwicklungsm\u00f6glichkeiten offen. Als gr\u00f6\u00dfte Stadtteilschule Harburgs bieten wir ein breitgef\u00e4chertes Bildungsangebot, das allen Interessen und F\u00e4higkeiten gerecht wird.<\/p>\n<p>Wir unterst\u00fctzen jedes Kind auf seinem individuellen Lernweg, gleichzeitig f\u00f6rdern wir das Lernen in der Gemeinschaft, wobei uns die Teilhabe aller Sch\u00fclerinnen und Sch\u00fcler am kulturellen Schulleben ein besonderes Anliegen ist.<\/p>\n<p>An der Goethe Schule Harburg kann Ihr Kind jeden Schulabschluss erlangen, ohne die Schule zu wechseln. Aus der \u00fcber 40-j\u00e4hrigen Tradition des gemeinsamen und seit 2005 ganzt\u00e4gigen Lernens hat sich ein bew\u00e4hrtes F\u00f6rderkonzept entwickelt, das Ihrem Kind vielf\u00e4ltige M\u00f6glichkeiten bietet, die eigenen Begabungen und Interessen zu entdecken und zu entwickeln.<\/p>\n<p>In diesem Prozess lernt Ihr Kind die eigenen St\u00e4rken einzusch\u00e4tzen, erwirbt es die F\u00e4higkeit, Verantwortung f\u00fcr sich selbst und das eigene Lernen zu \u00fcbernehmen und wird so bef\u00e4higt, den bestm\u00f6glichen Schulabschluss mit der pers\u00f6nlichen Perspektive auf den Berufs- oder Studienwunsch anzustreben .<\/p>\n<p>An der Goethe Schule Harburg lernen alle Kinder im Klassenverband und in festen Gruppen, denen z.T. auch Kinder mit sonderp\u00e4dagogischem F\u00f6rderbedarf angeh\u00f6ren. Diese werden im Lernen durch Sozial- und Sonderp\u00e4dagogen begleitet. Nach einer Zeit des Ankommens in Jahrgang 5 + 6 w\u00e4hlen alle Kinder ein pers\u00f6nliches Interessensprofil aus, das die Klassenzugeh\u00f6rigkeit von Jahrgang 7 bis 10 festlegt.<\/p>\n<p>Danach steht mit dem ersten oder mittleren Schulabschluss der \u00dcbergang in die Berufswelt oder in die Oberstufe unserer Schule an, um nach 13 Schuljahren die Abiturpr\u00fcfungen abzulegen.<\/p>\n<p>&nbsp;<\/p>\n<p><strong>Gemeinschaft macht stark<\/strong><\/p>\n<p>In der Goethe Schule Harburg lernen alle Sch\u00fclerinnen und Sch\u00fcler in einem Klassenverband. Hier wird eine Gemeinschaft geschmiedet, die jedem Kind Unterst\u00fctzung und Halt im Schulalltag geben kann. Damit der \u00dcbergang von der Grundschule in die neue Schule leichter f\u00e4llt, wird bei der Zusammensetzung der neuen 5. Klassen versucht, die W\u00fcnsche der Kinder und Eltern zu ber\u00fccksichtigen. Alte Freundschaften bleiben erhalten und neue Freundschaften k\u00f6nnen entstehen. Kinder mit unterschiedlichen Schulempfehlungen k\u00f6nnen weiterhin in einer Gemeinschaft bleiben.<\/p>\n<p>Die Goethe Schule Harburg legt besonderen Wert auf die Gestaltung des Klassenlebens. Gleich zu Beginn der f\u00fcnften Klasse f\u00f6rdern wir intensiv das Zusammenwachsen der Kinder in ihrer neuen Klasse. Projekte, Unternehmungen oder die erste gemeinsame Klassenreise f\u00f6rdern das Miteinander und das Zusammenwachsen zu einer erfolgreichen Gemeinschaft.<\/p>\n<p>Klassenr\u00e4ume und Gemeinschaftsbereiche werden von den Sch\u00fclerinnen und Sch\u00fclern und ihren Lehrkr\u00e4ften gemeinsam gestaltet. Eine Besonderheit unserer Schule ist die Klassenrat-Stunde (Tutorenstunde), die es von Klasse 5 bis einschlie\u00dflich Klasse 10 gibt. In dieser Stunde k\u00f6nnen Anliegen der Klasse zur Sprache gebracht werden, oder die Stunde wird genutzt, um Fragen der Selbstorganisation der Klasse wie z.B. Klassensprecherwahlen oder gemeinsame Unternehmungen zu besprechen. Die Sch\u00fclerinnen und Sch\u00fcler lernen Auseinandersetzungen konstruktiv zu f\u00fchren und gemeinsame L\u00f6sungen zu finden.<\/p>\n<p>&nbsp;<\/p>\n<p><strong>Ankommen &#8211; Lernheimat<\/strong><\/p>\n<p><a href=\"https:\/\/goethe-schule-harburg.hamburg.de\/wp-content\/uploads\/sites\/155\/2015\/03\/Beispiel-Stundenplan.png\" data-rel=\"lightbox\" data-rl_title=\"\" data-rl_caption=\"\" title=\"\"><img loading=\"lazy\" decoding=\"async\" class=\" size-medium wp-image-63 alignright\" src=\"https:\/\/goethe-schule-harburg.hamburg.de\/wp-content\/uploads\/sites\/155\/2015\/03\/Beispiel-Stundenplan-243x300.png\" alt=\"Beispiel-Stundenplan\" width=\"243\" height=\"300\" srcset=\"https:\/\/goethe-schule-harburg.hamburg.de\/wp-content\/uploads\/sites\/155\/2015\/03\/Beispiel-Stundenplan-243x300.png 243w, https:\/\/goethe-schule-harburg.hamburg.de\/wp-content\/uploads\/sites\/155\/2015\/03\/Beispiel-Stundenplan.png 583w\" sizes=\"auto, (max-width: 243px) 100vw, 243px\" \/><\/a>Die Sch\u00fclerinnen und Sch\u00fcler der Jahrg\u00e4nge 5 und 6 lernen in kleinen Klassen mit jeweils 23 Kindern. Die Wochenstundenzahl betr\u00e4gt 32 Stunden. Ein kleines Team aus Tutoren, Fachlehrern und Sozialp\u00e4dagogen gestaltet gemeinsam mit den Kindern eine Lernheimat, in der sich die Kinder anerkannt und geborgen f\u00fchlen.<\/p>\n<p>Uns ist es wichtig, die Aneignung von Qualifikationen und Kompetenzen in stabilen Lerngruppen zu f\u00f6rdern. Damit wir jedem Kind soweit wie m\u00f6glich gerecht werden k\u00f6nnen, ist unser Unterricht von Binnendifferenzierung und Individualisierung gepr\u00e4gt.<\/p>\n<p>Dabei lernen die Kinder eigene Verantwortung f\u00fcr ihren Lernprozess zu \u00fcbernehmen. Beim Pr\u00e4sentieren ihrer Ergebnisse ab Klasse 5 &#8211; von kleinen Szenen im Englischunterricht bis zum Chorauftritt &#8211; entwickeln sie nicht nur fachliche Kompetenzen sondern st\u00e4rken auch ihr Gemeinschaftsgef\u00fchl.<\/p>\n<p>Kinder, die bereits \u00fcber gute fachliche Kenntnisse in Deutsch, Mathematik und Englisch verf\u00fcgen, haben die M\u00f6glichkeit, ab Klasse 6 eine zweite Fremdsprache in Spanisch, Franz\u00f6sisch oder Latein zu erlernen.<\/p>\n<p>Bei der Gestaltung unseres Schullebens spielt die Unterschiedlichkeit von Kindern und Jugendlichen eine besondere Rolle. Kinder unterschiedlicher Herkunft, Begabungen und Neigungen erleben soziale Erfahrungen und erlernen Kompetenzen im friedlichen Umgang miteinander. Daf\u00fcr gibt es in den Jahrg\u00e4ngen 5 und 6 das Fach Soziales Lernen, das zweist\u00fcndig von einem Tutor und einem Sozialp\u00e4dagogen unterrichtet wird.<\/p>\n<p>Der schnelle und direkte Kontakt zwischen Eltern und Lehrkr\u00e4ften ist uns wichtig. Ein besonderes Mitteilungsbuch, der Schulplaner, unterst\u00fctzt diese intensive Kommunikation zwischen Schule und Elternhaus.<\/p>\n<p>Besondere Sorgfalt verwenden wir darauf, das selbstst\u00e4ndige Arbeiten der Kinder zu entwickeln. Daf\u00fcr geben wir den 5. Klassen im Projektorientierten Lernen (POL) Raum. Wir kn\u00fcpfen an den Fachunterricht an und gestalten Unterricht, in dem auf die besonderen Lernvoraussetzungen der Kinder und zunehmend auch auf ihre Interessen eingegangen wird. Die Ergebnisse werden auf vielerlei Weise pr\u00e4sentiert. So k\u00f6nnen wir die Unterschiedlichkeit und auch die Vielfalt unserer Sch\u00fclerinnen und Sch\u00fcler immer besser einbeziehen. In Klasse 6 wird diese Form des Unterrichts in den Fachunterricht \u00fcbernommen.<\/p>\n<p>&nbsp;<\/p>\n","protected":false},"excerpt":{"rendered":"<p>CHANCEN F\u00dcR IHR KIND Nach vier Jahren Grundschulzeit stehen Sie nun vor der Frage, welche weiterf\u00fchrende Schule Ihr Kind besuchen soll. Mit der Entscheidung f\u00fcr die Goethe Schule Harburg stehen Ihrem Kind alle Entwicklungsm\u00f6glichkeiten offen. Als gr\u00f6\u00dfte Stadtteilschule Harburgs bieten wir ein breitgef\u00e4chertes Bildungsangebot, das allen Interessen und F\u00e4higkeiten gerecht wird. Wir unterst\u00fctzen jedes Kind&hellip; <br \/> <a class=\"read-more\" href=\"https:\/\/goethe-schule-harburg.hamburg.de\/?page_id=33\">Weiterlesen<\/a><\/p>\n","protected":false},"author":247,"featured_media":0,"parent":0,"menu_order":0,"comment_status":"closed","ping_status":"closed","template":"","meta":{"_acf_changed":false,"footnotes":""},"class_list":["post-33","page","type-page","status-publish","hentry"],"acf":[],"_links":{"self":[{"href":"https:\/\/goethe-schule-harburg.hamburg.de\/index.php?rest_route=\/wp\/v2\/pages\/33","targetHints":{"allow":["GET"]}}],"collection":[{"href":"https:\/\/goethe-schule-harburg.hamburg.de\/index.php?rest_route=\/wp\/v2\/pages"}],"about":[{"href":"https:\/\/goethe-schule-harburg.hamburg.de\/index.php?rest_route=\/wp\/v2\/types\/page"}],"author":[{"embeddable":true,"href":"https:\/\/goethe-schule-harburg.hamburg.de\/index.php?rest_route=\/wp\/v2\/users\/247"}],"replies":[{"embeddable":true,"href":"https:\/\/goethe-schule-harburg.hamburg.de\/index.php?rest_route=%2Fwp%2Fv2%2Fcomments&post=33"}],"version-history":[{"count":8,"href":"https:\/\/goethe-schule-harburg.hamburg.de\/index.php?rest_route=\/wp\/v2\/pages\/33\/revisions"}],"predecessor-version":[{"id":12434,"href":"https:\/\/goethe-schule-harburg.hamburg.de\/index.php?rest_route=\/wp\/v2\/pages\/33\/revisions\/12434"}],"wp:attachment":[{"href":"https:\/\/goethe-schule-harburg.hamburg.de\/index.php?rest_route=%2Fwp%2Fv2%2Fmedia&parent=33"}],"curies":[{"name":"wp","href":"https:\/\/api.w.org\/{rel}","templated":true}]}}