{"id":35,"date":"2020-12-17T08:50:28","date_gmt":"2020-12-17T07:50:28","guid":{"rendered":"http:\/\/goethe-schule-harburg.schulhomepages.hamburg.de\/?page_id=35"},"modified":"2026-03-18T13:06:04","modified_gmt":"2026-03-18T12:06:04","slug":"jahrgang-7-10","status":"publish","type":"page","link":"https:\/\/goethe-schule-harburg.hamburg.de\/?page_id=35","title":{"rendered":"Jahrg\u00e4nge 9 und 10"},"content":{"rendered":"<h4 style=\"font-weight: 400\"><strong>Abschl\u00fcsse ESA und MSA<\/strong><\/h4>\n<p style=\"font-weight: 400\">An unserer Schule erwerben die Sch\u00fclerinnen und Sch\u00fcler in Jahrgang 9 den Ersten allgemeinbildenden Schulabschluss (ESA) und in Jahrgang 10 den Mittleren Schulabschluss (MSA). Beide Abschl\u00fcsse setzen sich aus mehreren Pr\u00fcfungselementen zusammen.<\/p>\n<h4 style=\"font-weight: 400\"><strong>Erster allgemeinbildender Schulabschluss (ESA) \u2013 Jahrgang 9<\/strong><\/h4>\n<p style=\"font-weight: 400\">Der ESA umfasst drei Pr\u00fcfungselemente:<\/p>\n<ul style=\"font-weight: 400\">\n<li>Deutsch (zentral, schriftlich)<\/li>\n<li>Mathematik (zentral, schriftlich)<\/li>\n<li>Eine m\u00fcndliche Pr\u00fcfung nach Wahl<\/li>\n<\/ul>\n<p style=\"font-weight: 400\">F\u00fcr die m\u00fcndliche Pr\u00fcfung k\u00f6nnen die Sch\u00fclerinnen und Sch\u00fcler aus folgenden F\u00e4chern w\u00e4hlen:<\/p>\n<ul style=\"font-weight: 400\">\n<li>Berufliche Orientierung (BO)<\/li>\n<li>Biologie<\/li>\n<li>Gesellschaft<\/li>\n<li>Englisch<\/li>\n<\/ul>\n<h4 style=\"font-weight: 400\"><strong>Mittlerer Schulabschluss (MSA) \u2013 Jahrgang 10<\/strong><\/h4>\n<p style=\"font-weight: 400\">Der MSA umfasst vier Pr\u00fcfungselemente:<\/p>\n<ul style=\"font-weight: 400\">\n<li>Deutsch (zentral, schriftlich)<\/li>\n<li>Mathematik (zentral, schriftlich)<\/li>\n<li>M\u00fcndliche Pr\u00fcfung in Englisch (verpflichtend)<\/li>\n<li>Eine weitere m\u00fcndliche Pr\u00fcfung nach Wahl<\/li>\n<\/ul>\n<p style=\"font-weight: 400\">F\u00fcr die zus\u00e4tzliche m\u00fcndliche Pr\u00fcfung stehen folgende F\u00e4cher zur Auswahl:<\/p>\n<ul style=\"font-weight: 400\">\n<li>Gesellschaft<\/li>\n<li>Chemie<\/li>\n<li>Physik<\/li>\n<li>Philosophie oder Religion<\/li>\n<\/ul>\n<p style=\"font-weight: 400\">Die in der Pr\u00fcfung erbrachte Leistung wird zu 20 % zu den im Unterricht erbrachten Leistungen des Schuljahres gerechnet (Gesamtnote im Zeugnis = 80 % Unterrichtsleistung + 20 % Pr\u00fcfungsnote).<\/p>\n<p style=\"font-weight: 400\">Alle Sch\u00fclerinnen und Sch\u00fcler, die zum Halbjahr in Jahrgang 9 eine MSA- oder Oberstufenprognose haben, erhalten den Ersten allgemeinbildenden Schulabschluss (ESA) auf Grundlage der Zeugnisnoten (\u00a7 8 APO-VO). Eine Teilnahme an den ESA-Pr\u00fcfungen ist in diesem Fall nicht erforderlich.<\/p>\n<p style=\"font-weight: 400\">Alle Sch\u00fclerinnen und Sch\u00fcler, die zum Halbjahr in Jahrgang 10 eine Oberstufenprognose haben, erhalten den Mittleren Schulabschluss (MSA) ebenfalls auf Grundlage der Zeugnisnoten (\u00a7 9 APO-VO). Eine Teilnahme an den MSA-Pr\u00fcfungen ist in diesem Fall nicht erforderlich.<\/p>\n<p style=\"font-weight: 400\">&nbsp;<\/p>\n","protected":false},"excerpt":{"rendered":"<p>Abschl\u00fcsse ESA und MSA An unserer Schule erwerben die Sch\u00fclerinnen und Sch\u00fcler in Jahrgang 9 den Ersten allgemeinbildenden Schulabschluss (ESA) und in Jahrgang 10 den Mittleren Schulabschluss (MSA). Beide Abschl\u00fcsse setzen sich aus mehreren Pr\u00fcfungselementen zusammen. Erster allgemeinbildender Schulabschluss (ESA) \u2013 Jahrgang 9 Der ESA umfasst drei Pr\u00fcfungselemente: Deutsch (zentral, schriftlich) Mathematik (zentral, schriftlich) Eine&hellip; <br \/> <a class=\"read-more\" href=\"https:\/\/goethe-schule-harburg.hamburg.de\/?page_id=35\">Weiterlesen<\/a><\/p>\n","protected":false},"author":247,"featured_media":0,"parent":0,"menu_order":0,"comment_status":"closed","ping_status":"closed","template":"","meta":{"_acf_changed":false,"footnotes":""},"class_list":["post-35","page","type-page","status-publish","hentry"],"acf":[],"_links":{"self":[{"href":"https:\/\/goethe-schule-harburg.hamburg.de\/index.php?rest_route=\/wp\/v2\/pages\/35","targetHints":{"allow":["GET"]}}],"collection":[{"href":"https:\/\/goethe-schule-harburg.hamburg.de\/index.php?rest_route=\/wp\/v2\/pages"}],"about":[{"href":"https:\/\/goethe-schule-harburg.hamburg.de\/index.php?rest_route=\/wp\/v2\/types\/page"}],"author":[{"embeddable":true,"href":"https:\/\/goethe-schule-harburg.hamburg.de\/index.php?rest_route=\/wp\/v2\/users\/247"}],"replies":[{"embeddable":true,"href":"https:\/\/goethe-schule-harburg.hamburg.de\/index.php?rest_route=%2Fwp%2Fv2%2Fcomments&post=35"}],"version-history":[{"count":22,"href":"https:\/\/goethe-schule-harburg.hamburg.de\/index.php?rest_route=\/wp\/v2\/pages\/35\/revisions"}],"predecessor-version":[{"id":12568,"href":"https:\/\/goethe-schule-harburg.hamburg.de\/index.php?rest_route=\/wp\/v2\/pages\/35\/revisions\/12568"}],"wp:attachment":[{"href":"https:\/\/goethe-schule-harburg.hamburg.de\/index.php?rest_route=%2Fwp%2Fv2%2Fmedia&parent=35"}],"curies":[{"name":"wp","href":"https:\/\/api.w.org\/{rel}","templated":true}]}}