{"id":37,"date":"2015-03-06T16:33:25","date_gmt":"2015-03-06T15:33:25","guid":{"rendered":"http:\/\/goethe-schule-harburg.schulhomepages.hamburg.de\/?page_id=37"},"modified":"2026-02-06T09:23:48","modified_gmt":"2026-02-06T08:23:48","slug":"jahrgang-11-13","status":"publish","type":"page","link":"https:\/\/goethe-schule-harburg.hamburg.de\/?page_id=37","title":{"rendered":"Jahrg\u00e4nge 11 bis 13"},"content":{"rendered":"<h1>DIE OBERSTUFE<\/h1>\n<pre><strong>Aktuelles:<\/strong>\n\n(Stand:6.2.2026)<\/pre>\n<p><b>Liebe Sch\u00fclerinnen und Sch\u00fcler,<\/b><\/p>\n<p>liebe Sorgeberechtigte,<\/p>\n<p>wenden Sie sich bei Fragen zur Oberstufe Goethe-Schule-Harburg bitte an unser zust\u00e4ndiges Schulb\u00fcro:<\/p>\n<p>sabine.reinhold@goethe-schule-harburg.de<\/p>\n<p>Tel: 042 88 71 310<\/p>\n<p>Die Anmeldeformulare finden Sie hier: <a href=\"https:\/\/goethe-schule-harburg.hamburg.de\/?page_id=963\">Zu den Dokumenten<\/a>.<\/p>\n<p>Herzliche Gr\u00fc\u00dfe<\/p>\n<pre>Bastian B\u00e4nsch\n\nAbteilungsleiter Oberstufe\nGoethe-Schule-Harburg\nbastian.baensch@bsfb.hamburg.de<\/pre>\n<p>&nbsp;<\/p>\n<p><a href=\"https:\/\/goethe-schule-harburg.hamburg.de\/?page_id=963\"><strong>Informationen zur Anmeldung in der Oberstufe<\/strong><\/a><\/p>\n<p>Mit dem entsprechenden Abschlusszeugnis nach Jahrgang 10 kann Ihr Kind an der Goethe Schule Harburg das Abitur machen. Es durchl\u00e4uft dann in drei Jahren die gymnasiale Oberstufe.<\/p>\n<p>In Jahrgang 11 wird der Stoff der Mittelstufe weiter vertieft und auf die Arbeit in der Studienstufe (Jahrgang 12-13) vorbereitet. Diese M\u00f6glichkeit der Vorbereitung auf die Studienstufe und das Abitur wird an der Goethe Schule Harburg weiterhin Bestand haben. An den Gymnasien gibt es diesen Weg nicht mehr (G8).<\/p>\n<p>Ein GSH-eigener Schwerpunkt f\u00fcr die Klasse 11 ist, dass Ihr Kind weiterf\u00fchrende Arbeits- und Pr\u00e4sentationstechniken lernt.<\/p>\n<p>W\u00e4hrend der Jahrgang 11 in Klassen organisiert ist, orientiert sich die Organisation der Studienstufe an den Profilen. In der \u201eProfiloberstufe\u201c w\u00e4hlen die Sch\u00fclerinnen neben den verpflichtend zu belegenden Basiskompetenzf\u00e4chern Mathematik, Deutsch und 1. Fremdsprache (i.d.R. Englisch) einen Profilbereich und damit einen Unterrichtsschwerpunkt. Ein Profil besteht aus einem F\u00e4cherverbund von 2-4 F\u00e4chern. Der Unterricht im Profilbereich bietet Raum zum Trainieren vernetzten und komplexen Denkens, indem f\u00e4cherverbindend und f\u00e4cher\u00fcbergreifend gearbeitet wird.<\/p>\n<p>In der 12. Jahrgangsstufe absolvieren alle Sch\u00fclerinnen ein Praktikum und\/oder nehmen an einem Seminar zur Berufsorientierung teil. Hier setzt sich unsere Arbeit und Zielsetzung zur Berufsorientierung aus der Mittelstufe in der Oberstufe fort.<\/p>\n<p>Im Abschlussjahrgang 13 f\u00e4hrt Ihr Kind auf eine Profilreise und beendet dann seine Schullaufbahn mit dem Abitur.<\/p>\n<h1>Anmeldung f\u00fcr den Jahrgang 11 und 12 an der GSH<\/h1>\n<h2>Wann?<\/h2>\n<p>Ab dem 1. Februar. Anmeldeschluss 6. Februar.<\/p>\n<h2>Wie?<\/h2>\n<p><strong>M\u00f6glichkeit A:<\/strong> Sie legen die vollst\u00e4ndigen Anmeldeunterlagen in einen geschlossenen Briefumschlag und werfen ihn einfach in den Briefkasten vor dem Schuleingang. (Haupteingang Bunatwiete 20).<\/p>\n<p><strong>M\u00f6glichkeit B:<\/strong> Sie geben die Unterlagen pers\u00f6nlich in der Zeit zwischen 8 Uhr und 15 Uhr (Mittwoch bis 12:30 Uhr) im Schulb\u00fcro in der Bennigsenstra\u00dfe 7 ab.<\/p>\n<p><strong>M\u00f6glichkeit C:<\/strong> Sie senden uns die Unterlagen per Mail (bitte als PDF), Fax oder Brief zu.<\/p>\n<h2>Wenn das Kind noch nicht Sch\u00fcler*in der GSH ist: Was braucht man f\u00fcr die Anmeldung?<\/h2>\n<ul style=\"list-style-type: disc\">\n<li>Die Kopie des Halbjahreszeugnisses Klasse 10<\/li>\n<li>Den ausgef\u00fcllten Anmeldebogen f\u00fcr die weiterf\u00fchrende Schule Eine Kopie des Personalausweises (Sorgeberechtigte)<\/li>\n<li>Den ausgef\u00fcllten Wahlbogen (online) der Vorstufe bzw. Studienstufe<\/li>\n<\/ul>\n<p>Alle erforderlichen Unterlagen finden Sie unter <a href=\"https:\/\/goethe-schule-harburg.hamburg.de\/?page_id=963\">Anmeldung Dokumente Oberstufe<\/a>.<\/p>\n<p>Wenn Sie Fragen haben, so erreichen Sie unseren Abteilungsleiter f\u00fcr die Oberstufe &#8211; Herrn B\u00e4nsch &#8211;&nbsp; telefonisch (428871-231) oder per <a href=\"mailto:bastian.baensch@goethe-schule-harburg.de\">Email<\/a>.<\/p>\n<p><em>&nbsp;<\/em><\/p>\n","protected":false},"excerpt":{"rendered":"<p>DIE OBERSTUFE Aktuelles: (Stand:6.2.2026) Liebe Sch\u00fclerinnen und Sch\u00fcler, liebe Sorgeberechtigte, wenden Sie sich bei Fragen zur Oberstufe Goethe-Schule-Harburg bitte an unser zust\u00e4ndiges Schulb\u00fcro: sabine.reinhold@goethe-schule-harburg.de Tel: 042 88 71 310 Die Anmeldeformulare finden Sie hier: Zu den Dokumenten. Herzliche Gr\u00fc\u00dfe Bastian B\u00e4nsch Abteilungsleiter Oberstufe Goethe-Schule-Harburg bastian.baensch@bsfb.hamburg.de &nbsp; Informationen zur Anmeldung in der Oberstufe Mit dem entsprechenden&hellip; <br \/> <a class=\"read-more\" href=\"https:\/\/goethe-schule-harburg.hamburg.de\/?page_id=37\">Weiterlesen<\/a><\/p>\n","protected":false},"author":247,"featured_media":0,"parent":0,"menu_order":0,"comment_status":"closed","ping_status":"closed","template":"","meta":{"_acf_changed":false,"footnotes":""},"class_list":["post-37","page","type-page","status-publish","hentry"],"acf":[],"_links":{"self":[{"href":"https:\/\/goethe-schule-harburg.hamburg.de\/index.php?rest_route=\/wp\/v2\/pages\/37","targetHints":{"allow":["GET"]}}],"collection":[{"href":"https:\/\/goethe-schule-harburg.hamburg.de\/index.php?rest_route=\/wp\/v2\/pages"}],"about":[{"href":"https:\/\/goethe-schule-harburg.hamburg.de\/index.php?rest_route=\/wp\/v2\/types\/page"}],"author":[{"embeddable":true,"href":"https:\/\/goethe-schule-harburg.hamburg.de\/index.php?rest_route=\/wp\/v2\/users\/247"}],"replies":[{"embeddable":true,"href":"https:\/\/goethe-schule-harburg.hamburg.de\/index.php?rest_route=%2Fwp%2Fv2%2Fcomments&post=37"}],"version-history":[{"count":39,"href":"https:\/\/goethe-schule-harburg.hamburg.de\/index.php?rest_route=\/wp\/v2\/pages\/37\/revisions"}],"predecessor-version":[{"id":12489,"href":"https:\/\/goethe-schule-harburg.hamburg.de\/index.php?rest_route=\/wp\/v2\/pages\/37\/revisions\/12489"}],"wp:attachment":[{"href":"https:\/\/goethe-schule-harburg.hamburg.de\/index.php?rest_route=%2Fwp%2Fv2%2Fmedia&parent=37"}],"curies":[{"name":"wp","href":"https:\/\/api.w.org\/{rel}","templated":true}]}}