{"id":39,"date":"2015-03-06T16:36:46","date_gmt":"2015-03-06T15:36:46","guid":{"rendered":"http:\/\/goethe-schule-harburg.schulhomepages.hamburg.de\/?page_id=39"},"modified":"2024-09-30T11:56:11","modified_gmt":"2024-09-30T09:56:11","slug":"kulturschule","status":"publish","type":"page","link":"https:\/\/goethe-schule-harburg.hamburg.de\/?page_id=39","title":{"rendered":"Kulturschule"},"content":{"rendered":"<p>Die Goethe Schule Harburg weist eine lange Tradition als Kulturschule auf.<\/p>\n<p>In Zusammenarbeit mit K\u00fcnstlern, Performern, und mit viel Eigenpotenzial entwickelt sich das k\u00fcnstlerisch-kulturelle Profil, das f\u00fcr die GSH kennzeichnend ist, st\u00e4ndig weiter.<\/p>\n<p>Mit vielf\u00e4ltigen erweiterten Bildungsangeboten am Nachmittag wird die Schule immer mehr auch zum Lebens- und Kulturort. Musicals, Theaterauff\u00fchrungen, Chorkonzerte, Kunstausstellungen oder auch alternative Veranstaltungen in der \u201eKulturKantine\u201c pr\u00e4gen das Schulleben und wirken in den Stadtteil hinein. Ganz besonders gelingt dies mit dem schon legend\u00e4ren \u201eWeihnachtskonzert\u201c und den Auftritten des \u201eGospeltrains\u201c, der sich \u00fcber Harburgs Grenzen hinaus gro\u00dfer Bekanntheit erfreut. Seit nunmehr 15 Jahren singen sich die Sch\u00fclerinnen und Sch\u00fcler aus der 7. bis zur 13. Jahrgangsstufe in die Herzen der Zuh\u00f6rerinnen und Zuh\u00f6rer. Schon die 5. und 6. Kl\u00e4ssler werden mit den YoungClassX-Ch\u00f6ren an diese Chorarbeit herangef\u00fchrt. Mit regionalen und deutschlandweiten Auftritten sammeln die Kinder und Jugendlichen Erfahrungen, die sie ihre Pers\u00f6nlichkeit weiterentwickeln lassen und sie zu besonderen Leistungen befl\u00fcgeln. Davon zeugen sowohl die Auszeichnungen Einzelner als auch die Gesamtpreise des Gospeltrains, dem mit dem Harburger Integrationspreis noch ein weiteres wichtiges Attribut bescheinigt wurde. Die neueste Auszeichnung erh\u00e4lt die GSH f\u00fcr den Gospeltrain mit dem Hamburger Bildungspreis.<\/p>\n<p>Die Schule stellt die Pr\u00e4sentationsorientierung in allen Schulf\u00e4chern in den Vordergrund, was auch den Kulturbetrieb ma\u00dfgeblich beeinflussen wird. Die Kulturbeitr\u00e4ge der nicht-musischen F\u00e4cher k\u00f6nnen als solche in ihrer Vielfalt und Eigenst\u00e4ndigkeit pr\u00e4sentiert und erkannt werden.<\/p>\n<p>Nicht zuletzt verdeutlicht auch das Profilfachklassenkonzept ab Klasse 7 die konsequente Kulturorientierung der Schule eindrucksvoll und weist den Weg in die weitere Zukunft als \u201eKulturschule Harburg\u201c.<\/p>\n<h2>&#8230; regelm\u00e4\u00dfig f\u00fcr alle<\/h2>\n<p style=\"margin-left: 20px;margin-right: 200px;padding: 15px;background-color: #f0f0f0\">\u00bb Unterrichtsbegleitende Projekte<br \/>\n\u00bb Kulturprojektwoche<br \/>\n\u00bb Profilklassen in Jg. 7-10<br \/>\n\u00bb Profile in Jg. 12-13<br \/>\n\u00bb Erweitertes Angebot am Nachmittag<br \/>\n\u00bb Chorstunde in Jg. 5 \u00bb Theaterprojekt in Jg. 6<br \/>\n\u00bb Veranstaltungstechnik als Fach<\/p>\n<h2>&#8230; sichtbar gemacht<\/h2>\n<p style=\"margin-left: 20px;margin-right: 200px;padding: 15px;background-color: #f0f0f0\">\u00bb KulturKantinen<br \/>\n\u00bb Werkstattkonzert<br \/>\n\u00bb Fremdsprachenwettbewerbe<br \/>\n\u00bb Theaterinszenierungen<br \/>\n\u00bb Schulfeste\/Entlassungsfeiern<br \/>\n\u00bb Chorkonzert der 5. Klassen<br \/>\n\u00bb Skulpturen<br \/>\n\u00bb Kinetische Objekte<br \/>\n\u00bb Scienceslam<br \/>\n\u00bb Kunst an den Schulgeb\u00e4uden<br \/>\n\u00bb Pr\u00e4sentationstag\/Projektwoche<\/p>\n<h2>&#8230; auf der gro\u00dfen B\u00fchne<\/h2>\n<p style=\"margin-left: 20px;margin-right: 200px;padding: 15px;background-color: #f0f0f0\">\u00bb Musicals<br \/>\n\u00bb Weihnachtskonzerte<br \/>\n\u00bb Gospeltrain<br \/>\n\u00bb Showtime<br \/>\n\u00bb Young Classix<br \/>\n\u00bb Kooperationskonzerte mit der TUHH<\/p>\n<p>&nbsp;<\/p>\n","protected":false},"excerpt":{"rendered":"<p>Die Goethe Schule Harburg weist eine lange Tradition als Kulturschule auf. In Zusammenarbeit mit K\u00fcnstlern, Performern, und mit viel Eigenpotenzial entwickelt sich das k\u00fcnstlerisch-kulturelle Profil, das f\u00fcr die GSH kennzeichnend ist, st\u00e4ndig weiter. Mit vielf\u00e4ltigen erweiterten Bildungsangeboten am Nachmittag wird die Schule immer mehr auch zum Lebens- und Kulturort. Musicals, Theaterauff\u00fchrungen, Chorkonzerte, Kunstausstellungen oder auch&hellip; <br \/> <a class=\"read-more\" href=\"https:\/\/goethe-schule-harburg.hamburg.de\/?page_id=39\">Weiterlesen<\/a><\/p>\n","protected":false},"author":247,"featured_media":0,"parent":0,"menu_order":0,"comment_status":"closed","ping_status":"closed","template":"","meta":{"_acf_changed":false,"footnotes":""},"class_list":["post-39","page","type-page","status-publish","hentry"],"acf":[],"_links":{"self":[{"href":"https:\/\/goethe-schule-harburg.hamburg.de\/index.php?rest_route=\/wp\/v2\/pages\/39","targetHints":{"allow":["GET"]}}],"collection":[{"href":"https:\/\/goethe-schule-harburg.hamburg.de\/index.php?rest_route=\/wp\/v2\/pages"}],"about":[{"href":"https:\/\/goethe-schule-harburg.hamburg.de\/index.php?rest_route=\/wp\/v2\/types\/page"}],"author":[{"embeddable":true,"href":"https:\/\/goethe-schule-harburg.hamburg.de\/index.php?rest_route=\/wp\/v2\/users\/247"}],"replies":[{"embeddable":true,"href":"https:\/\/goethe-schule-harburg.hamburg.de\/index.php?rest_route=%2Fwp%2Fv2%2Fcomments&post=39"}],"version-history":[{"count":5,"href":"https:\/\/goethe-schule-harburg.hamburg.de\/index.php?rest_route=\/wp\/v2\/pages\/39\/revisions"}],"predecessor-version":[{"id":10822,"href":"https:\/\/goethe-schule-harburg.hamburg.de\/index.php?rest_route=\/wp\/v2\/pages\/39\/revisions\/10822"}],"wp:attachment":[{"href":"https:\/\/goethe-schule-harburg.hamburg.de\/index.php?rest_route=%2Fwp%2Fv2%2Fmedia&parent=39"}],"curies":[{"name":"wp","href":"https:\/\/api.w.org\/{rel}","templated":true}]}}