{"id":403,"date":"2015-04-14T17:12:42","date_gmt":"2015-04-14T15:12:42","guid":{"rendered":"http:\/\/goethe-schule-harburg.schulhomepages.hamburg.de\/?page_id=403"},"modified":"2015-09-26T21:23:42","modified_gmt":"2015-09-26T19:23:42","slug":"vertretungsplan","status":"publish","type":"page","link":"https:\/\/goethe-schule-harburg.hamburg.de\/?page_id=403","title":{"rendered":"Vertretungsplan"},"content":{"rendered":"<h1>VERTRETUNGSPLAN<\/h1>\n<p>&nbsp;<\/p>\n<p>\u00dcber den nachfolgenden Link erhalten angemeldete Nutzer Informationen \u00fcber \u00c4nderungen zum aktuellen Stundenplan.<\/p>\n<div align=\"center\"><a href=\"https:\/\/mobile.dsbcontrol.de\/DSBmobilePage.aspx\" target=\"_blank\"><img loading=\"lazy\" decoding=\"async\" class=\"alignnone size-full wp-image-472\" src=\"https:\/\/goethe-schule-harburg.hamburg.de\/wp-content\/uploads\/sites\/155\/2015\/04\/button.gif\" alt=\"button\" width=\"170\" height=\"75\" \/><\/a><\/div>\n","protected":false},"excerpt":{"rendered":"<p>VERTRETUNGSPLAN &nbsp; \u00dcber den nachfolgenden Link erhalten angemeldete Nutzer Informationen \u00fcber \u00c4nderungen zum aktuellen Stundenplan.<\/p>\n","protected":false},"author":186,"featured_media":0,"parent":0,"menu_order":0,"comment_status":"open","ping_status":"open","template":"","meta":{"_acf_changed":false,"footnotes":""},"class_list":["post-403","page","type-page","status-publish","hentry"],"acf":[],"_links":{"self":[{"href":"https:\/\/goethe-schule-harburg.hamburg.de\/index.php?rest_route=\/wp\/v2\/pages\/403","targetHints":{"allow":["GET"]}}],"collection":[{"href":"https:\/\/goethe-schule-harburg.hamburg.de\/index.php?rest_route=\/wp\/v2\/pages"}],"about":[{"href":"https:\/\/goethe-schule-harburg.hamburg.de\/index.php?rest_route=\/wp\/v2\/types\/page"}],"author":[{"embeddable":true,"href":"https:\/\/goethe-schule-harburg.hamburg.de\/index.php?rest_route=\/wp\/v2\/users\/186"}],"replies":[{"embeddable":true,"href":"https:\/\/goethe-schule-harburg.hamburg.de\/index.php?rest_route=%2Fwp%2Fv2%2Fcomments&post=403"}],"version-history":[{"count":2,"href":"https:\/\/goethe-schule-harburg.hamburg.de\/index.php?rest_route=\/wp\/v2\/pages\/403\/revisions"}],"predecessor-version":[{"id":953,"href":"https:\/\/goethe-schule-harburg.hamburg.de\/index.php?rest_route=\/wp\/v2\/pages\/403\/revisions\/953"}],"wp:attachment":[{"href":"https:\/\/goethe-schule-harburg.hamburg.de\/index.php?rest_route=%2Fwp%2Fv2%2Fmedia&parent=403"}],"curies":[{"name":"wp","href":"https:\/\/api.w.org\/{rel}","templated":true}]}}