{"id":437,"date":"2015-04-14T19:47:37","date_gmt":"2015-04-14T17:47:37","guid":{"rendered":"http:\/\/goethe-schule-harburg.schulhomepages.hamburg.de\/?page_id=437"},"modified":"2015-09-04T11:46:54","modified_gmt":"2015-09-04T09:46:54","slug":"abitur","status":"publish","type":"page","link":"https:\/\/goethe-schule-harburg.hamburg.de\/?page_id=437","title":{"rendered":"Abitur"},"content":{"rendered":"<h1>DER WEG ZUM ABITUR<\/h1>\n<p>&nbsp;<\/p>\n<p>Mit der Versetzung in die gymnasiale Oberstufe k\u00f6nnen Sch\u00fclerinnen und Sch\u00fcler der Stadtteilschulen in die Vorstufe der Goethe-Schule-Harburg wechseln. Sch\u00fclerinnen und Sch\u00fcler von Gymnasien, die die Versetzung in die gymnasiale Oberstufe erreicht haben, k\u00f6nnen in die Vorstufe oder in die Studienstufe unserer Schule wechseln.<\/p>\n<p>In der Vorstufe wird der Stoff der Mittelstufe weiter vertieft und auf die Arbeit in der Studienstufe vorbereitet. Der Unterricht ist haupts\u00e4chlich im Klassenverband organisiert. Zu den aus der Mittelstufe bekannten F\u00e4chern bieten wir zus\u00e4tzlich noch Unterricht in P\u00e4dagogik, Psychologie und Wirtschaft im Wahlbereich an.<\/p>\n<p>In der Studienstufe (\u201eProfiloberstufe\u201c) w\u00e4hlen die Sch\u00fclerinnen und Sch\u00fcler neben den verpflichtend zu belegenden Basiskompetenzf\u00e4chern (Deutsch, Englisch und Mathematik) einen Profilbereich und damit einen Unterrichtsschwerpunkt. Ein Profil besteht aus einem F\u00e4cherverbund von 2-4 F\u00e4chern. Der Unterricht bietet Raum zum Trainieren vernetzten und komplexen Denkens, indem f\u00e4cherverbindend und f\u00e4cher\u00fcbergreifend gearbeitet wird. Ausf\u00fchrliche Informationen zu den von uns angebotenen Profilen finden Sie <a href=\"https:\/\/goethe-schule-harburg.hamburg.de\/?page_id=146\">hier<\/a>.<\/p>\n<p>Seit 2014 ist in Hamburg das Zentralabitur f\u00fcr (fast) alle F\u00e4cher eingef\u00fchrt worden. Alle Sch\u00fclerinnen und Sch\u00fcler der Stadtteilschulen und Gymnasien stellen sich damit im 4. Semester der Studienstufe den gleichen Anforderungen bei den schriftlichen Pr\u00fcfungen (Ende April bis Anfang Mai). Mit der m\u00fcndlichen Pr\u00fcfung beenden die Sch\u00fclerinnen und Sch\u00fcler dann ihre Schullaufbahn mit dem Abitur.<\/p>\n","protected":false},"excerpt":{"rendered":"<p>DER WEG ZUM ABITUR &nbsp; Mit der Versetzung in die gymnasiale Oberstufe k\u00f6nnen Sch\u00fclerinnen und Sch\u00fcler der Stadtteilschulen in die Vorstufe der Goethe-Schule-Harburg wechseln. Sch\u00fclerinnen und Sch\u00fcler von Gymnasien, die die Versetzung in die gymnasiale Oberstufe erreicht haben, k\u00f6nnen in die Vorstufe oder in die Studienstufe unserer Schule wechseln. In der Vorstufe wird der Stoff&hellip; <br \/> <a class=\"read-more\" href=\"https:\/\/goethe-schule-harburg.hamburg.de\/?page_id=437\">Weiterlesen<\/a><\/p>\n","protected":false},"author":186,"featured_media":0,"parent":37,"menu_order":40,"comment_status":"open","ping_status":"open","template":"","meta":{"_acf_changed":false,"footnotes":""},"class_list":["post-437","page","type-page","status-publish","hentry"],"acf":[],"_links":{"self":[{"href":"https:\/\/goethe-schule-harburg.hamburg.de\/index.php?rest_route=\/wp\/v2\/pages\/437","targetHints":{"allow":["GET"]}}],"collection":[{"href":"https:\/\/goethe-schule-harburg.hamburg.de\/index.php?rest_route=\/wp\/v2\/pages"}],"about":[{"href":"https:\/\/goethe-schule-harburg.hamburg.de\/index.php?rest_route=\/wp\/v2\/types\/page"}],"author":[{"embeddable":true,"href":"https:\/\/goethe-schule-harburg.hamburg.de\/index.php?rest_route=\/wp\/v2\/users\/186"}],"replies":[{"embeddable":true,"href":"https:\/\/goethe-schule-harburg.hamburg.de\/index.php?rest_route=%2Fwp%2Fv2%2Fcomments&post=437"}],"version-history":[{"count":0,"href":"https:\/\/goethe-schule-harburg.hamburg.de\/index.php?rest_route=\/wp\/v2\/pages\/437\/revisions"}],"up":[{"embeddable":true,"href":"https:\/\/goethe-schule-harburg.hamburg.de\/index.php?rest_route=\/wp\/v2\/pages\/37"}],"wp:attachment":[{"href":"https:\/\/goethe-schule-harburg.hamburg.de\/index.php?rest_route=%2Fwp%2Fv2%2Fmedia&parent=437"}],"curies":[{"name":"wp","href":"https:\/\/api.w.org\/{rel}","templated":true}]}}