{"id":5069,"date":"2019-04-23T10:46:55","date_gmt":"2019-04-23T08:46:55","guid":{"rendered":"https:\/\/goethe-schule-harburg.schulhomepages.hamburg.de\/?page_id=5069"},"modified":"2019-04-23T10:54:07","modified_gmt":"2019-04-23T08:54:07","slug":"berufsinformationstag-2019","status":"publish","type":"page","link":"https:\/\/goethe-schule-harburg.hamburg.de\/?page_id=5069","title":{"rendered":"Berufsinformationstag 2018"},"content":{"rendered":"<h1>BERUFSINFORMATIONSTAG (BIT) IN NEUEM GEWAND<\/h1>\n<h2>Der BIT der Goethe Schule Harburg, der in diesem Schuljahr am 21.11.18 stattfand, wurde nach aufwendigen organisatorischen Ver\u00e4nderungen ein voller Erfolg.<\/h2>\n<p>Das neue Gewand des Berufsinformationstages der GSH &#8211; es steht ihm ausgezeichnet gut, so die einhellige Meinung aller Beteiligten. Aber was hat sich genau ge\u00e4ndert?<\/p>\n<p>Besonders gefallen hat Sch\u00fclern und Sch\u00fclerinnen wie Ausstellern die erfolgreiche Einf\u00fchrung von Speed-Datings. Denn so erhielten alle reichlich Gelegenheit, abseits des gro\u00dfen Rummels, in Ruhe Gespr\u00e4che f\u00fchren zu k\u00f6nnen. Nicht nur Paul Zacher aus der Klasse 10 ws strahlte nach einem erfolgreich absolvierten Gespr\u00e4ch. Auch Herr Abraham von der Aug. Prien Bauunternehmung sagte: \u201eMir hat die neue Form des Berufsinformationstages sehr gefallen. Die Speed-Datings waren f\u00fcr den ersten Moment sehr positiv. Die Bewerberinnen und Bewerber waren sehr interessiert und ich habe au\u00dfer den angemeldeten Sch\u00fclerinnen und Sch\u00fclern noch weitere Interessenten informieren k\u00f6nnen.\u201c<\/p>\n<p>Au\u00dferdem erg\u00e4nzten abwechslungsreiche Kurzvortr\u00e4ge den Besuch des BIT auf informative Weise, sodass auch hier von beiden Seiten ein positives Feedback gezogen werden konnte. So freuten sich die Organisatoren um Nicole Habbert beispielsweise dar\u00fcber, den ehemaligen ESA-Absolventen und jetzigen Firmenchef Herrn Fetai von der Firma Bautenschutz begr\u00fc\u00dfen zu d\u00fcrfen.<\/p>\n<p>Nicht zuletzt f\u00f6rderte die zus\u00e4tzliche Begegnung in den Fluren die intensive Gespr\u00e4chskultur. Hier konnten die Sch\u00fclerinnen und Sch\u00fcler ihre gezielte Vorbereitung durch ihre Tutorinnen und Tutoren im Rahmen des AuB-Unterrichts sehr gut f\u00fcr ein informatives Gespr\u00e4ch nutzen.<\/p>\n<p>Bemerkenswert war auch, dass nicht nur die Organisation des BIT in einem neuen Gewand erschien. An diesem Tag hatten sich auch viele Sch\u00fclerinnen und Sch\u00fcler f\u00fcr ein seri\u00f6ses Outfit entschieden: Zum einen sahen sie richtig offiziell darin aus, zum anderen trug dieses Erscheinungsbild zu einer konzentrierten und gleichzeitig als angenehm empfundenen Atmosph\u00e4re auf dem BIT der GSH bei.<br \/>\nDes Weiteren konnte eine, bereits bei der Pr\u00e4sentation der Praktika begonnene Kooperation zwischen den Jahrg\u00e4ngen acht und zehn, durch die f\u00fcrsorgliche Begleitung der freiwilligen BIT-Lotsen noch verst\u00e4rkt werden. Die Sch\u00fcler und Sch\u00fclerinnen des Abschlussjahrganges konnten ihr Erfahrungswissen an die Achtkl\u00e4ssler weitergeben und das f\u00fchlte sich gut an!<\/p>\n<p>Weitere O-T\u00f6ne vermitteln einen guten Eindruck \u00fcber den engagierten Tag: Ibrahim K. (Ibo) und Artines A. aus der 8th von Herrn Tries und Herrn St\u00f6ver meinten stolz: \u201eWir batteln! Wer die meisten Telefonnummern f\u00fcr das anstehende Praktikum ergattert, siegt.\u201c Stefanie K. und Nadija A., von der H\u00f6heren Handelsschule, fassten zusammen: Beim Speed-Dating hatte ich ein richtig gutes Gef\u00fchl. Ich konnte \u00fcberzeugen! Niklas L., Tim A. und Wassim F. aus der 8vl von Frau K\u00f6ntges freuten sich: \u201eDie Firma hat noch am selben Nachmittag eine E-Mail geschickt!\u201c Ricardo C. aus der 9sc von Herrn Seelbach, der zur Fortbewegung einen Rollstuhl nutzt, wurde von einer Firma versprochen, nach einer passenden Filiale zu suchen, die barrierefrei ist, damit Ricardo dort sein Praktikum absolvieren kann. Im n\u00e4chsten Jahr wissen wir, ob in diesem Fall das Engagement auf beiden Seiten Fr\u00fcchte getragen hat. Auch Safi aus der 10mo von Frau Spiering wurde aufgefordert, seine Bewerbung online einzureichen.<\/p>\n<p>Die von den Ausstellern im Anschluss ge\u00e4u\u00dferten R\u00fcckmeldungen waren durchweg positiv: Frau Rust von der Beruflichen Schule Hamburg-Harburg, die in diesem Jahr nicht nur einen Informationsstand, sondern auch Sch\u00fclerinnen und Sch\u00fcler ihrer Schule betreute, verk\u00fcndet: \u201eDas war wirklich eine sehr gelungene Messe und ich habe heute noch einmal ganz tolle R\u00fcckmeldungen von den Sch\u00fclerinnen und Sch\u00fcler bekommen. Viele haben mir erz\u00e4hlt, dass sie das erste Mal nach einer Messe das Gef\u00fchl h\u00e4tten, wirklich weitergekommen zu sein. Also noch einmal vielen, vielen herzlichen Dank!\u201c Fielmann: \u201eDie Goethe Schule in Harburg begleiten wir seit vielen Jahren. Die gro\u00dfartige Organisation vor Ort und die Gelegenheit, immer wieder tolle junge Menschen kennenlernen zu d\u00fcrfen, die heute ihre Ausbildung bei Fielmann absolvieren, ist unsere Motivation.&#8220; Somit l\u00e4sst sich aus Sicht der Veranstalter festhalten, dass wir \u2013 getragen von den vielf\u00e4ltigen ermunternden und best\u00e4tigenden R\u00fcckmeldungen \u2013 motiviert in die Vorbereitung des n\u00e4chsten Berufsinformationstages im Schuljahr 2019\/20 gehen.<\/p>\n<p>Manchmal bewirkt ein Kleiderwechsel eben doch einen neuen Blick auf eine traditionelle Veranstaltung.<\/p>\n<div class=\"rl-gallery-container rl-loading\" id=\"rl-gallery-container-1\" data-gallery_id=\"5068\"> <div class=\"rl-gallery rl-basicgrid-gallery \" id=\"rl-gallery-1\" data-gallery_no=\"1\"> <div class=\"rl-gallery-item\"><a href=\"https:\/\/goethe-schule-harburg.hamburg.de\/wp-content\/uploads\/sites\/155\/2019\/04\/zillmer.jpg\" title=\"\" data-rl_title=\"\" class=\"rl-gallery-link\" data-rl_caption=\"\" data-rel=\"lightbox-gallery-1\"><img loading=\"lazy\" decoding=\"async\" src=\"https:\/\/goethe-schule-harburg.hamburg.de\/wp-content\/uploads\/sites\/155\/2019\/04\/zillmer-300x200.jpg\" width=\"300\" height=\"200\" alt=\"Berufsinformationstag an der GSH\" \/><\/a><\/div><div class=\"rl-gallery-item\"><a href=\"https:\/\/goethe-schule-harburg.hamburg.de\/wp-content\/uploads\/sites\/155\/2019\/04\/MAH.jpg\" title=\"\" data-rl_title=\"\" class=\"rl-gallery-link\" data-rl_caption=\"\" data-rel=\"lightbox-gallery-1\"><img loading=\"lazy\" decoding=\"async\" src=\"https:\/\/goethe-schule-harburg.hamburg.de\/wp-content\/uploads\/sites\/155\/2019\/04\/MAH-200x300.jpg\" width=\"200\" height=\"300\" alt=\"Berufsinformationstag an der GSH\" \/><\/a><\/div><div class=\"rl-gallery-item\"><a href=\"https:\/\/goethe-schule-harburg.hamburg.de\/wp-content\/uploads\/sites\/155\/2019\/04\/Magoo.jpg\" title=\"\" data-rl_title=\"\" class=\"rl-gallery-link\" data-rl_caption=\"\" data-rel=\"lightbox-gallery-1\"><img loading=\"lazy\" decoding=\"async\" src=\"https:\/\/goethe-schule-harburg.hamburg.de\/wp-content\/uploads\/sites\/155\/2019\/04\/Magoo-200x300.jpg\" width=\"200\" height=\"300\" alt=\"Berufsinformationstag an der GSH\" \/><\/a><\/div><div class=\"rl-gallery-item\"><a href=\"https:\/\/goethe-schule-harburg.hamburg.de\/wp-content\/uploads\/sites\/155\/2019\/04\/Grewe_Fachverband.jpg\" title=\"\" data-rl_title=\"\" class=\"rl-gallery-link\" data-rl_caption=\"\" data-rel=\"lightbox-gallery-1\"><img loading=\"lazy\" decoding=\"async\" src=\"https:\/\/goethe-schule-harburg.hamburg.de\/wp-content\/uploads\/sites\/155\/2019\/04\/Grewe_Fachverband-200x300.jpg\" width=\"200\" height=\"300\" alt=\"Berufsinformationstag an der GSH\" \/><\/a><\/div><div class=\"rl-gallery-item\"><a href=\"https:\/\/goethe-schule-harburg.hamburg.de\/wp-content\/uploads\/sites\/155\/2019\/04\/Eurogate.jpg\" title=\"\" data-rl_title=\"\" class=\"rl-gallery-link\" data-rl_caption=\"\" data-rel=\"lightbox-gallery-1\"><img loading=\"lazy\" decoding=\"async\" src=\"https:\/\/goethe-schule-harburg.hamburg.de\/wp-content\/uploads\/sites\/155\/2019\/04\/Eurogate-300x200.jpg\" width=\"300\" height=\"200\" alt=\"Berufsinformationstag an der GSH\" \/><\/a><\/div><div class=\"rl-gallery-item\"><a href=\"https:\/\/goethe-schule-harburg.hamburg.de\/wp-content\/uploads\/sites\/155\/2019\/04\/PS-Harburg_SAE.jpg\" title=\"\" data-rl_title=\"\" class=\"rl-gallery-link\" data-rl_caption=\"\" data-rel=\"lightbox-gallery-1\"><img loading=\"lazy\" decoding=\"async\" src=\"https:\/\/goethe-schule-harburg.hamburg.de\/wp-content\/uploads\/sites\/155\/2019\/04\/PS-Harburg_SAE-300x200.jpg\" width=\"300\" height=\"200\" alt=\"Berufsinformationstag an der GSH\" \/><\/a><\/div><div class=\"rl-gallery-item\"><a href=\"https:\/\/goethe-schule-harburg.hamburg.de\/wp-content\/uploads\/sites\/155\/2019\/04\/Paul_Z.jpg\" title=\"\" data-rl_title=\"\" class=\"rl-gallery-link\" data-rl_caption=\"\" data-rel=\"lightbox-gallery-1\"><img loading=\"lazy\" decoding=\"async\" src=\"https:\/\/goethe-schule-harburg.hamburg.de\/wp-content\/uploads\/sites\/155\/2019\/04\/Paul_Z-225x300.jpg\" width=\"225\" height=\"300\" alt=\"Berufsinformationstag an der GSH\" \/><\/a><\/div><div class=\"rl-gallery-item\"><a href=\"https:\/\/goethe-schule-harburg.hamburg.de\/wp-content\/uploads\/sites\/155\/2019\/04\/Fielmann.jpg\" title=\"\" data-rl_title=\"\" class=\"rl-gallery-link\" data-rl_caption=\"\" data-rel=\"lightbox-gallery-1\"><img loading=\"lazy\" decoding=\"async\" src=\"https:\/\/goethe-schule-harburg.hamburg.de\/wp-content\/uploads\/sites\/155\/2019\/04\/Fielmann-200x300.jpg\" width=\"200\" height=\"300\" alt=\"Berufsinformationstag an der GSH\" \/><\/a><\/div><div class=\"rl-gallery-item\"><a href=\"https:\/\/goethe-schule-harburg.hamburg.de\/wp-content\/uploads\/sites\/155\/2019\/04\/August_Prien.jpg\" title=\"\" data-rl_title=\"\" class=\"rl-gallery-link\" data-rl_caption=\"\" data-rel=\"lightbox-gallery-1\"><img loading=\"lazy\" decoding=\"async\" src=\"https:\/\/goethe-schule-harburg.hamburg.de\/wp-content\/uploads\/sites\/155\/2019\/04\/August_Prien-266x300.jpg\" width=\"266\" height=\"300\" alt=\"Berufsinformationstag an der GSH\" \/><\/a><\/div><div class=\"rl-gallery-item\"><a href=\"https:\/\/goethe-schule-harburg.hamburg.de\/wp-content\/uploads\/sites\/155\/2019\/04\/Apotheke.jpg\" title=\"\" data-rl_title=\"\" class=\"rl-gallery-link\" data-rl_caption=\"\" data-rel=\"lightbox-gallery-1\"><img loading=\"lazy\" decoding=\"async\" src=\"https:\/\/goethe-schule-harburg.hamburg.de\/wp-content\/uploads\/sites\/155\/2019\/04\/Apotheke-200x300.jpg\" width=\"200\" height=\"300\" alt=\"Berufsinformationstag an der GSH\" \/><\/a><\/div><div class=\"rl-gallery-item\"><a href=\"https:\/\/goethe-schule-harburg.hamburg.de\/wp-content\/uploads\/sites\/155\/2019\/04\/BS_18_klein.jpg\" title=\"\" data-rl_title=\"\" class=\"rl-gallery-link\" data-rl_caption=\"\" data-rel=\"lightbox-gallery-1\"><img loading=\"lazy\" decoding=\"async\" src=\"https:\/\/goethe-schule-harburg.hamburg.de\/wp-content\/uploads\/sites\/155\/2019\/04\/BS_18_klein-300x225.jpg\" width=\"300\" height=\"225\" alt=\"Berufsinformationstag an der GSH\" \/><\/a><\/div><div class=\"rl-gallery-item\"><a href=\"https:\/\/goethe-schule-harburg.hamburg.de\/wp-content\/uploads\/sites\/155\/2019\/04\/Fetai.jpg\" title=\"\" data-rl_title=\"\" class=\"rl-gallery-link\" data-rl_caption=\"\" data-rel=\"lightbox-gallery-1\"><img loading=\"lazy\" decoding=\"async\" src=\"https:\/\/goethe-schule-harburg.hamburg.de\/wp-content\/uploads\/sites\/155\/2019\/04\/Fetai-227x300.jpg\" width=\"227\" height=\"300\" alt=\"Berufsinformationstag an der GSH\" \/><\/a><\/div> <\/div> <\/div>\n","protected":false},"excerpt":{"rendered":"<p>BERUFSINFORMATIONSTAG (BIT) IN NEUEM GEWAND Der BIT der Goethe Schule Harburg, der in diesem Schuljahr am 21.11.18 stattfand, wurde nach aufwendigen organisatorischen Ver\u00e4nderungen ein voller Erfolg. Das neue Gewand des Berufsinformationstages der GSH &#8211; es steht ihm ausgezeichnet gut, so die einhellige Meinung aller Beteiligten. Aber was hat sich genau ge\u00e4ndert? Besonders gefallen hat Sch\u00fclern&hellip; <br \/> <a class=\"read-more\" href=\"https:\/\/goethe-schule-harburg.hamburg.de\/?page_id=5069\">Weiterlesen<\/a><\/p>\n","protected":false},"author":889,"featured_media":0,"parent":0,"menu_order":0,"comment_status":"closed","ping_status":"closed","template":"","meta":{"_acf_changed":false,"footnotes":""},"class_list":["post-5069","page","type-page","status-publish","hentry"],"acf":[],"_links":{"self":[{"href":"https:\/\/goethe-schule-harburg.hamburg.de\/index.php?rest_route=\/wp\/v2\/pages\/5069","targetHints":{"allow":["GET"]}}],"collection":[{"href":"https:\/\/goethe-schule-harburg.hamburg.de\/index.php?rest_route=\/wp\/v2\/pages"}],"about":[{"href":"https:\/\/goethe-schule-harburg.hamburg.de\/index.php?rest_route=\/wp\/v2\/types\/page"}],"author":[{"embeddable":true,"href":"https:\/\/goethe-schule-harburg.hamburg.de\/index.php?rest_route=\/wp\/v2\/users\/889"}],"replies":[{"embeddable":true,"href":"https:\/\/goethe-schule-harburg.hamburg.de\/index.php?rest_route=%2Fwp%2Fv2%2Fcomments&post=5069"}],"version-history":[{"count":0,"href":"https:\/\/goethe-schule-harburg.hamburg.de\/index.php?rest_route=\/wp\/v2\/pages\/5069\/revisions"}],"wp:attachment":[{"href":"https:\/\/goethe-schule-harburg.hamburg.de\/index.php?rest_route=%2Fwp%2Fv2%2Fmedia&parent=5069"}],"curies":[{"name":"wp","href":"https:\/\/api.w.org\/{rel}","templated":true}]}}