{"id":584,"date":"2015-07-04T13:17:14","date_gmt":"2015-07-04T11:17:14","guid":{"rendered":"http:\/\/goethe-schule-harburg.schulhomepages.hamburg.de\/?page_id=584"},"modified":"2015-08-21T13:27:51","modified_gmt":"2015-08-21T11:27:51","slug":"schliessfaecher","status":"publish","type":"page","link":"https:\/\/goethe-schule-harburg.hamburg.de\/?page_id=584","title":{"rendered":"Schlie\u00dff\u00e4cher"},"content":{"rendered":"<h1>SCHLIESSF\u00c4CHER F\u00dcR SCH\u00dcLER<\/h1>\n<p>&nbsp;<\/p>\n<p>In der GSH k\u00f6nnen \u00fcber die Firma AstraDirekt Leasing &amp; Service GmbH Schlie\u00dff\u00e4cher f\u00fcr Sch\u00fcler gemietet werden.<\/p>\n<p>Antr\u00e4ge f\u00fcr die Nutzung eines Schlie\u00dffaches, \u00c4nderungen der pers\u00f6nlichen Daten, K\u00fcndigung von Vertr\u00e4gen usw. k\u00f6nnen \u00fcber das Internet unter folgender Adresse \u00fcbermittelt werden.<\/p>\n<p>Zur Online-Verwaltung der Schlie\u00dff\u00e4cher f\u00fcr Sch\u00fcler:<\/p>\n<p><a href=\"http:\/\/www.astradirekt.de\" target=\"_blank\">www.astradirekt.de<\/a><\/p>\n","protected":false},"excerpt":{"rendered":"<p>SCHLIESSF\u00c4CHER F\u00dcR SCH\u00dcLER &nbsp; In der GSH k\u00f6nnen \u00fcber die Firma AstraDirekt Leasing &amp; Service GmbH Schlie\u00dff\u00e4cher f\u00fcr Sch\u00fcler gemietet werden. Antr\u00e4ge f\u00fcr die Nutzung eines Schlie\u00dffaches, \u00c4nderungen der pers\u00f6nlichen Daten, K\u00fcndigung von Vertr\u00e4gen usw. k\u00f6nnen \u00fcber das Internet unter folgender Adresse \u00fcbermittelt werden. Zur Online-Verwaltung der Schlie\u00dff\u00e4cher f\u00fcr Sch\u00fcler: www.astradirekt.de<\/p>\n","protected":false},"author":275,"featured_media":0,"parent":376,"menu_order":0,"comment_status":"closed","ping_status":"closed","template":"","meta":{"_acf_changed":false,"footnotes":""},"class_list":["post-584","page","type-page","status-publish","hentry"],"acf":[],"_links":{"self":[{"href":"https:\/\/goethe-schule-harburg.hamburg.de\/index.php?rest_route=\/wp\/v2\/pages\/584","targetHints":{"allow":["GET"]}}],"collection":[{"href":"https:\/\/goethe-schule-harburg.hamburg.de\/index.php?rest_route=\/wp\/v2\/pages"}],"about":[{"href":"https:\/\/goethe-schule-harburg.hamburg.de\/index.php?rest_route=\/wp\/v2\/types\/page"}],"author":[{"embeddable":true,"href":"https:\/\/goethe-schule-harburg.hamburg.de\/index.php?rest_route=\/wp\/v2\/users\/275"}],"replies":[{"embeddable":true,"href":"https:\/\/goethe-schule-harburg.hamburg.de\/index.php?rest_route=%2Fwp%2Fv2%2Fcomments&post=584"}],"version-history":[{"count":0,"href":"https:\/\/goethe-schule-harburg.hamburg.de\/index.php?rest_route=\/wp\/v2\/pages\/584\/revisions"}],"up":[{"embeddable":true,"href":"https:\/\/goethe-schule-harburg.hamburg.de\/index.php?rest_route=\/wp\/v2\/pages\/376"}],"wp:attachment":[{"href":"https:\/\/goethe-schule-harburg.hamburg.de\/index.php?rest_route=%2Fwp%2Fv2%2Fmedia&parent=584"}],"curies":[{"name":"wp","href":"https:\/\/api.w.org\/{rel}","templated":true}]}}