{"id":599,"date":"2015-07-04T16:28:30","date_gmt":"2015-07-04T14:28:30","guid":{"rendered":"http:\/\/goethe-schule-harburg.schulhomepages.hamburg.de\/?page_id=599"},"modified":"2023-02-09T22:25:01","modified_gmt":"2023-02-09T21:25:01","slug":"partner","status":"publish","type":"page","link":"https:\/\/goethe-schule-harburg.hamburg.de\/?page_id=599","title":{"rendered":"Partner"},"content":{"rendered":"<h1>UNSERE PARTNER<\/h1>\n<p>&nbsp;<\/p>\n<p><strong>&#8230; im naturwissenschaftlichen Bereich<br \/>\n<\/strong><\/p>\n<table style=\"height: 92px;border-color: #ffffff\" width=\"100%\">\n<tbody>\n<tr>\n<td style=\"width: 30%;height: 80px;text-align: left;vertical-align: middle\"><img loading=\"lazy\" decoding=\"async\" class=\"size-full wp-image-911 aligncenter\" src=\"https:\/\/goethe-schule-harburg.hamburg.de\/wp-content\/uploads\/sites\/155\/2015\/07\/logo-tuhh.jpg\" alt=\"logo - tuhh\" width=\"204\" height=\"71\"><\/td>\n<td style=\"width: 70%;height: 80px;text-align: left;vertical-align: middle\">Die Berufs- und Studienorientierung in der Oberstufe erfolgt u.a. an der Technischen Universit\u00e4t Hamburg-Harburg.<br \/>\n<a href=\"http:\/\/www.tuhh.de\/tuhh\/startseite.html\">www.tuhh.de<\/a><\/td>\n<\/tr>\n<tr>\n<td style=\"width: 30%;height: 80px;text-align: left;vertical-align: middle\">&nbsp;<img loading=\"lazy\" decoding=\"async\" class=\"aligncenter size-full wp-image-928\" src=\"https:\/\/goethe-schule-harburg.hamburg.de\/wp-content\/uploads\/sites\/155\/2015\/07\/logo-kinderforscher.jpg\" alt=\"logo - kinderforscher\" width=\"200\" height=\"61\"><\/td>\n<td style=\"width: 70%;height: 80px;text-align: left;vertical-align: middle\">Die Kinderforscher entwickeln und organisieren Projekte f\u00fcr Sch\u00fclerinnen und Sch\u00fcler, damit diese beispielsweise im Nachwuchscampus passende Berufsfelder kennen lernen, um vielleicht die Forscher oder Fachkr\u00e4fte von morgen zu werden.<br \/>\n<a href=\"http:\/\/www.tuhh.de\/kinderforscher\/angebote\/projekte\/nachwuchscampus.html\">www.tuhh.de\/kinderforscher\/<\/a><\/td>\n<\/tr>\n<tr>\n<td style=\"width: 30%;height: 80px;text-align: left;vertical-align: middle\"><img loading=\"lazy\" decoding=\"async\" class=\"size-full wp-image-915 aligncenter\" src=\"https:\/\/goethe-schule-harburg.hamburg.de\/wp-content\/uploads\/sites\/155\/2015\/07\/logo-nabu.jpg\" alt=\"logo - nabu\" width=\"160\" height=\"105\"><\/td>\n<td style=\"width: 70%;height: 80px;text-align: left;vertical-align: middle\">Die GSH unterst\u00fctzt Projekte des NABU durch aktive Mitarbeit der Sch\u00fclerinnen und Sch\u00fcler. Hierzu z\u00e4hlen der Bau von Nistk\u00e4sten zur Ansiedlung des in Harburg bedrohten Mauerseglers oder die Betreuung des Amphibienschutzzaunes in Neuland.<br \/>\n<a href=\"https:\/\/hamburg.nabu.de\/\">hamburg.nabu.de<\/a><\/td>\n<\/tr>\n<\/tbody>\n<\/table>\n<p>&nbsp;<\/p>\n<p><strong>&#8230; im kulturellen Bereich<\/strong><\/p>\n<table style=\"height: 92px;border-color: #ffffff\" width=\"100%\">\n<tbody>\n<tr>\n<td style=\"width: 30%;height: 80px;text-align: left;vertical-align: middle\"><img loading=\"lazy\" decoding=\"async\" class=\"aligncenter size-full wp-image-1413\" src=\"https:\/\/goethe-schule-harburg.hamburg.de\/wp-content\/uploads\/sites\/155\/2018\/11\/08-11-18_neumeier_tusch.jpg\" alt=\"logo-hamburg_ballett\" width=\"400\" height=\"101\"><\/td>\n<td style=\"width: 70%;height: 80px;text-align: left;vertical-align: middle\">Im Rahmen des Programms TUSCH erhalten ausgew\u00e4hlte Hamburger Schulen f\u00fcr zwei Jahre eine Partnerschaft mit einem gro\u00dfen Theater. Die GSH kooperiert mit Hamburg-Ballett John Neumeier.<br \/>\n<a href=\"http:\/\/www.tusch-hamburg.de\">www.tusch-hamburg.de<\/a> <span style=\"color: #99ccff\">|<\/span> <a href=\"http:\/\/www.hamburgballett.de\">www.hamburgballett.de<\/a><\/td>\n<\/tr>\n<tr>\n<td style=\"width: 30%;height: 80px;text-align: left;vertical-align: middle\"><img loading=\"lazy\" decoding=\"async\" class=\"alignnone wp-image-8546 size-medium\" src=\"https:\/\/goethe-schule-harburg.hamburg.de\/wp-content\/uploads\/sites\/155\/2023\/02\/TYC_Logo_RGB-300x174.png\" alt=\"\" width=\"300\" height=\"174\" srcset=\"https:\/\/goethe-schule-harburg.hamburg.de\/wp-content\/uploads\/sites\/155\/2023\/02\/TYC_Logo_RGB-300x174.png 300w, https:\/\/goethe-schule-harburg.hamburg.de\/wp-content\/uploads\/sites\/155\/2023\/02\/TYC_Logo_RGB-1024x595.png 1024w, https:\/\/goethe-schule-harburg.hamburg.de\/wp-content\/uploads\/sites\/155\/2023\/02\/TYC_Logo_RGB-768x446.png 768w, https:\/\/goethe-schule-harburg.hamburg.de\/wp-content\/uploads\/sites\/155\/2023\/02\/TYC_Logo_RGB-1536x893.png 1536w, https:\/\/goethe-schule-harburg.hamburg.de\/wp-content\/uploads\/sites\/155\/2023\/02\/TYC_Logo_RGB.png 2044w\" sizes=\"auto, (max-width: 300px) 100vw, 300px\" \/><\/td>\n<td style=\"width: 70%;height: 80px;text-align: left;vertical-align: middle\">Als eine der ersten Schulen ist die Goethe-Schule-Harburg seit 2009 Teil des Chormoduls von The Young ClassX. Die Leitung haben Michael Zlanabitnig und Maria Ludwig-Petersen.<br \/>\n<a href=\"http:\/\/www.theyoungclassx.de\/\">www.theyoungclassx.de<\/a><\/td>\n<\/tr>\n<tr>\n<td style=\"width: 30%;height: 80px;text-align: left;vertical-align: middle\"><img loading=\"lazy\" decoding=\"async\" class=\"size-full wp-image-914 aligncenter\" src=\"https:\/\/goethe-schule-harburg.hamburg.de\/wp-content\/uploads\/sites\/155\/2015\/07\/logo-kulturagenten.jpg\" alt=\"logo - kulturagenten\" width=\"137\" height=\"82\"><\/td>\n<td style=\"width: 70%;height: 80px;text-align: left;vertical-align: middle\">Die GSH nimmt teil am Kulturagentenprogramm f\u00fcr kreative Schulen.<br \/>\n<a href=\"http:\/\/www.kulturagenten-programm.de\/laender\/land\/5\">www.kulturagenten-programm.de<\/a><\/td>\n<\/tr>\n<\/tbody>\n<\/table>\n<p>&nbsp;<\/p>\n<p><strong>&#8230; im sozialen Bereich<\/strong><\/p>\n<table style=\"height: 92px;border-color: #ffffff\" width=\"100%\">\n<tbody>\n<tr>\n<td style=\"width: 30%;height: 80px;text-align: left;vertical-align: middle\"><img loading=\"lazy\" decoding=\"async\" class=\"aligncenter size-full wp-image-926\" src=\"https:\/\/goethe-schule-harburg.hamburg.de\/wp-content\/uploads\/sites\/155\/2015\/07\/logo-dolle-deerns.jpg\" alt=\"logo - dolle deerns\" width=\"200\" height=\"69\"><\/td>\n<td style=\"width: 70%;height: 80px;text-align: left;vertical-align: middle\">\u201eWer M\u00e4dchen st\u00e4rkt, ver\u00e4ndert die Welt!\u201c<br \/>\n<a href=\"http:\/\/www.dolledeerns.de\/index.html\">www.dolledeerns.de<\/a><\/td>\n<\/tr>\n<tr>\n<td style=\"width: 30%;height: 80px;text-align: left;vertical-align: middle\"><img loading=\"lazy\" decoding=\"async\" class=\"aligncenter size-full wp-image-927\" src=\"https:\/\/goethe-schule-harburg.hamburg.de\/wp-content\/uploads\/sites\/155\/2015\/07\/logo-margaretenhort.jpg\" alt=\"logo - margaretenhort\" width=\"200\" height=\"65\"><\/td>\n<td style=\"width: 70%;height: 80px;text-align: left;vertical-align: middle\">Geraten Eltern und Kinder in Not, hilft der Margaretenhort.<br \/>\n<a href=\"http:\/\/margaretenhort.de\/\">www.margaretenhort.de<\/a><\/td>\n<\/tr>\n<\/tbody>\n<\/table>\n<p>&nbsp;<\/p>\n<p style=\"padding-left: 390px\"><strong>&#8230;und viele weitere mehr.<\/strong><\/p>\n","protected":false},"excerpt":{"rendered":"<p>UNSERE PARTNER &nbsp; &#8230; im naturwissenschaftlichen Bereich Die Berufs- und Studienorientierung in der Oberstufe erfolgt u.a. an der Technischen Universit\u00e4t Hamburg-Harburg. www.tuhh.de &nbsp; Die Kinderforscher entwickeln und organisieren Projekte f\u00fcr Sch\u00fclerinnen und Sch\u00fcler, damit diese beispielsweise im Nachwuchscampus passende Berufsfelder kennen lernen, um vielleicht die Forscher oder Fachkr\u00e4fte von morgen zu werden. www.tuhh.de\/kinderforscher\/ Die GSH&hellip; <br \/> <a class=\"read-more\" href=\"https:\/\/goethe-schule-harburg.hamburg.de\/?page_id=599\">Weiterlesen<\/a><\/p>\n","protected":false},"author":275,"featured_media":0,"parent":723,"menu_order":0,"comment_status":"closed","ping_status":"closed","template":"","meta":{"_acf_changed":false,"footnotes":""},"class_list":["post-599","page","type-page","status-publish","hentry"],"acf":[],"_links":{"self":[{"href":"https:\/\/goethe-schule-harburg.hamburg.de\/index.php?rest_route=\/wp\/v2\/pages\/599","targetHints":{"allow":["GET"]}}],"collection":[{"href":"https:\/\/goethe-schule-harburg.hamburg.de\/index.php?rest_route=\/wp\/v2\/pages"}],"about":[{"href":"https:\/\/goethe-schule-harburg.hamburg.de\/index.php?rest_route=\/wp\/v2\/types\/page"}],"author":[{"embeddable":true,"href":"https:\/\/goethe-schule-harburg.hamburg.de\/index.php?rest_route=\/wp\/v2\/users\/275"}],"replies":[{"embeddable":true,"href":"https:\/\/goethe-schule-harburg.hamburg.de\/index.php?rest_route=%2Fwp%2Fv2%2Fcomments&post=599"}],"version-history":[{"count":4,"href":"https:\/\/goethe-schule-harburg.hamburg.de\/index.php?rest_route=\/wp\/v2\/pages\/599\/revisions"}],"predecessor-version":[{"id":8548,"href":"https:\/\/goethe-schule-harburg.hamburg.de\/index.php?rest_route=\/wp\/v2\/pages\/599\/revisions\/8548"}],"up":[{"embeddable":true,"href":"https:\/\/goethe-schule-harburg.hamburg.de\/index.php?rest_route=\/wp\/v2\/pages\/723"}],"wp:attachment":[{"href":"https:\/\/goethe-schule-harburg.hamburg.de\/index.php?rest_route=%2Fwp%2Fv2%2Fmedia&parent=599"}],"curies":[{"name":"wp","href":"https:\/\/api.w.org\/{rel}","templated":true}]}}