{"id":684,"date":"2015-07-09T12:16:36","date_gmt":"2015-07-09T10:16:36","guid":{"rendered":"http:\/\/goethe-schule-harburg.schulhomepages.hamburg.de\/?page_id=684"},"modified":"2023-10-04T21:45:47","modified_gmt":"2023-10-04T19:45:47","slug":"dorfplatz","status":"publish","type":"page","link":"https:\/\/goethe-schule-harburg.hamburg.de\/?page_id=684","title":{"rendered":"Kantine"},"content":{"rendered":"<h1>KANTINE &#8211; PAUSENVERPFLEGUNG UND MITTAGESSEN<\/h1>\n<p>&nbsp;<\/p>\n<p><img loading=\"lazy\" decoding=\"async\" class=\" wp-image-265 alignleft\" src=\"https:\/\/goethe-schule-harburg.hamburg.de\/wp-content\/uploads\/sites\/155\/2015\/03\/mammas-300x212.png\" alt=\"mammas\" width=\"194\" height=\"137\" srcset=\"https:\/\/goethe-schule-harburg.hamburg.de\/wp-content\/uploads\/sites\/155\/2015\/03\/mammas-300x212.png 300w, https:\/\/goethe-schule-harburg.hamburg.de\/wp-content\/uploads\/sites\/155\/2015\/03\/mammas.png 876w\" sizes=\"auto, (max-width: 194px) 100vw, 194px\" \/>Um an der GSH ein verl\u00e4ssliches Mittagessen bieten zu k\u00f6nnen, liefert ein Cateringunternehmen das Essen und bereitet es in der Kantine der Schule zu. Eine Arbeitsgruppe aus Eltern, Sch\u00fclern und Lehrkr\u00e4ften hat die Schulleitung beraten und Anforderungen an die Preisgestaltung, die Qualit\u00e4t des Essens und die Organisation formuliert. Nach diesen Vorgaben wurde der Caterer <a href=\"http:\/\/mammascanteen.de\/\">mammas canteen <\/a>ausgew\u00e4hlt.<\/p>\n<p>Die Abrechnung und Bestellung des Essens erfolgt \u00fcber <a href=\"https:\/\/mensawelten.de\/login.aspx\">MensaMax<\/a>. Eine ausf\u00fchrliche Anleitung zur Nutzung dieses Services finden Sie <a href=\"https:\/\/goethe-schule-harburg.hamburg.de\/wp-content\/uploads\/sites\/155\/2020\/01\/Goethe_WFS_cokg_2020_21.pdf\">hier<\/a>.<\/p>\n<p>Antwort auf h\u00e4ufige Fragen rund um die Einrichtung des MensaMax-Kontos gibt eine \u00dcbersicht, die Sie <a href=\"https:\/\/goethe-schule-harburg.hamburg.de\/wp-content\/uploads\/sites\/155\/2017\/07\/dorfplatz_mensamax_faqs.pdf\">hier<\/a> einsehen k\u00f6nnen.<\/p>\n<p>Eine Befreiung von den Kosten f\u00fcr das Mittagessen ist bei Vorlage eines aktuellen Leistungsnachweises nach dem Bildungs- und Teilhabepaket im Schulb\u00fcro m\u00f6glich. Dazu muss ein Antrag auf Kostenbefreiung ausgef\u00fcllt und unterzeichnet zusammen mit dem aktuellen F\u00f6rdernachweis (Leistungsbescheid) im Sekretariat abgegeben werden: <a href=\"https:\/\/goethe-schule-harburg.hamburg.de\/wp-content\/uploads\/sites\/155\/2017\/07\/dorfplatz_kosten\u00fcbernahme.pdf\">Antrag auf Kosten\u00fcbernahme f\u00fcr Mittagessen<\/a>.<br \/>\nDieses Formular kann aber auch durch die Erziehungsberechtigten direkt im Sekretariat abgefordert und ausgef\u00fcllt werden.<\/p>\n<p>&nbsp;<\/p>\n","protected":false},"excerpt":{"rendered":"<p>KANTINE &#8211; PAUSENVERPFLEGUNG UND MITTAGESSEN &nbsp; Um an der GSH ein verl\u00e4ssliches Mittagessen bieten zu k\u00f6nnen, liefert ein Cateringunternehmen das Essen und bereitet es in der Kantine der Schule zu. Eine Arbeitsgruppe aus Eltern, Sch\u00fclern und Lehrkr\u00e4ften hat die Schulleitung beraten und Anforderungen an die Preisgestaltung, die Qualit\u00e4t des Essens und die Organisation formuliert. Nach&hellip; <br \/> <a class=\"read-more\" href=\"https:\/\/goethe-schule-harburg.hamburg.de\/?page_id=684\">Weiterlesen<\/a><\/p>\n","protected":false},"author":275,"featured_media":0,"parent":376,"menu_order":0,"comment_status":"closed","ping_status":"closed","template":"","meta":{"_acf_changed":false,"footnotes":""},"class_list":["post-684","page","type-page","status-publish","hentry"],"acf":[],"_links":{"self":[{"href":"https:\/\/goethe-schule-harburg.hamburg.de\/index.php?rest_route=\/wp\/v2\/pages\/684","targetHints":{"allow":["GET"]}}],"collection":[{"href":"https:\/\/goethe-schule-harburg.hamburg.de\/index.php?rest_route=\/wp\/v2\/pages"}],"about":[{"href":"https:\/\/goethe-schule-harburg.hamburg.de\/index.php?rest_route=\/wp\/v2\/types\/page"}],"author":[{"embeddable":true,"href":"https:\/\/goethe-schule-harburg.hamburg.de\/index.php?rest_route=\/wp\/v2\/users\/275"}],"replies":[{"embeddable":true,"href":"https:\/\/goethe-schule-harburg.hamburg.de\/index.php?rest_route=%2Fwp%2Fv2%2Fcomments&post=684"}],"version-history":[{"count":16,"href":"https:\/\/goethe-schule-harburg.hamburg.de\/index.php?rest_route=\/wp\/v2\/pages\/684\/revisions"}],"predecessor-version":[{"id":9348,"href":"https:\/\/goethe-schule-harburg.hamburg.de\/index.php?rest_route=\/wp\/v2\/pages\/684\/revisions\/9348"}],"up":[{"embeddable":true,"href":"https:\/\/goethe-schule-harburg.hamburg.de\/index.php?rest_route=\/wp\/v2\/pages\/376"}],"wp:attachment":[{"href":"https:\/\/goethe-schule-harburg.hamburg.de\/index.php?rest_route=%2Fwp%2Fv2%2Fmedia&parent=684"}],"curies":[{"name":"wp","href":"https:\/\/api.w.org\/{rel}","templated":true}]}}