{"id":6943,"date":"2020-09-11T18:51:36","date_gmt":"2020-09-11T16:51:36","guid":{"rendered":"https:\/\/goethe-schule-harburg.hamburg.de\/?page_id=6943"},"modified":"2020-09-11T18:51:36","modified_gmt":"2020-09-11T16:51:36","slug":"elternbrief-vom-26-08-2020","status":"publish","type":"page","link":"https:\/\/goethe-schule-harburg.hamburg.de\/?page_id=6943","title":{"rendered":"Elternbrief vom 26.08.2020"},"content":{"rendered":"<h1>ELTERNBRIEF VOM 26.08.2020 <\/h1>\n<p>Liebe Sch\u00fclerinnen und liebe Sch\u00fcler, liebe Eltern der GSH,<\/p>\n<p>nun sind wir drei Wochen wieder im Schulbetrieb und haben an der GSH bisher keine nennenswerten Vorkommnisse hinsichtlich des Infektionsgeschehens zu verzeichnen. Toi, toi, toi! Dar\u00fcber sind wir sehr froh. \u00dcber die gute Zusammenarbeit mit Ihnen und euch m\u00f6chte ich mich an dieser Stelle sehr herzlich bedanken.<\/p>\n<p>Es ist sehr hilfreich, dass Sie uns \u00fcber vorsorgliche Quarant\u00e4nema\u00dfnahmen umgehend informieren und auch Ihre Kinder zu Hause lassen, wenn Sie sich nicht sicher sind, woher eine Erk\u00e4ltung beispielsweise kommt. Vielen Dank!<\/p>\n<p>Die Beh\u00f6rde hat nun in Absprache mit der Gesundheitsbeh\u00f6rde einen Ablauf erstellt, wie wir uns alle bei Erk\u00e4ltungs- und Krankheitssymptomen verhalten sollen. Sie finden ihn im Anhang und auf unserer Homepage. Ich bitte um Beachtung.<\/p>\n<p>W\u00e4hrend der hei\u00dfen Tage war es f\u00fcr die Sch\u00fclerinnen und Sch\u00fcler verst\u00e4ndlicherweise nicht einfach, die Maske zu tragen, dennoch hat es gut geklappt, und nun ist es hoffentlich nicht mehr so beschwerlich. Bitte erinnern Sie Ihre Kinder auch immer wieder zu Hause daran, dass sie eine Maske dabei haben, dass die Maskenpflicht au\u00dferhalb des Klassenraums gilt und die Masken korrekt \u00fcber Mund und Nase aufzusetzen sind. Damit unterst\u00fctzen Sie uns in dem gro\u00dfen Anliegen, den Pr\u00e4senzunterricht f\u00fcr alle Kinder aufrechterhalten zu k\u00f6nnen. F\u00fcr das Essen und Trinken in der Pause k\u00f6nnen die Kinder die Maske selbstverst\u00e4ndlich abnehmen.<\/p>\n<p>Der Kioskbetrieb kann leider nach wie vor wegen der Kohortentrennung der Jahrg\u00e4nge nicht wieder aufgenommen werden. Bitte denken Sie daran, Ihre Kinder mit Pausensnacks und Getr\u00e4nken zu versorgen. Der Kantinenbetrieb l\u00e4uft zwar, allerdings mit Einschr\u00e4nkungen. Durch die Jahrgangstrennung k\u00f6nnen nicht an allen Tagen alle Kinder mit warmem Essen versorgt werden, sodass der Caterer zwischen warmem Essen, Essen to go (kann aufgew\u00e4rmt werden) und Lunchpaketen wechselt. Wir achten darauf, dass die Jahrg\u00e4nge 5 und 6 mit warmem Essen versorgt werden.<\/p>\n<p>Unsere Ganztagsangebote im ErwAn-Bereich laufen nun an, die Angebote werden zum Teil auf einzelne Jahrg\u00e4nge beschr\u00e4nkt, um die Kohortentrennung einzuhalten oder die Teilnehmerzahl wird begrenzt und die Abstandsregeln eingesetzt. Einige traditionelle Angebote wie z.B. Klettern d\u00fcrfen derzeit noch nicht stattfinden. Das Betreuungsangebot f\u00fcr Kinder bis 14 Jahre findet nach wie vor im Jugendhaus statt, auch dort wird das Kohortenprinzip umgesetzt und jahrgangsbezogene Gruppen gebildet.<\/p>\n<p>Die Elternabende haben zum Teil schon stattgefunden und finden zum Teil noch statt. Mit der ersten Schulkonferenz warten wir, bis alle neuen Mitglieder der Gremien auch feststehen und sie sich in neuer Formation konstituieren kann.<\/p>\n<p>Am vergangenen Wochenende ist eine kleine Gruppe unseres Gospel Train beim Sommerfest im Park unter hohen Auflagen zum Gesundheitsschutz erstmals wieder aufgetreten. Sch\u00f6n, dass das m\u00f6glich war!<\/p>\n<p>\u00dcber \u00c4nderungen informieren wir Sie umgehend, bleiben Sie gesund.<\/p>\n<p>Mit herzlichen Gr\u00fc\u00dfen<\/p>\n<p>Vicky-Marina Schmidt<\/p>\n<p>(Schulleiterin)<\/p>\n","protected":false},"excerpt":{"rendered":"<p>ELTERNBRIEF VOM 26.08.2020 Liebe Sch\u00fclerinnen und liebe Sch\u00fcler, liebe Eltern der GSH, nun sind wir drei Wochen wieder im Schulbetrieb und haben an der GSH bisher keine nennenswerten Vorkommnisse hinsichtlich des Infektionsgeschehens zu verzeichnen. Toi, toi, toi! Dar\u00fcber sind wir sehr froh. \u00dcber die gute Zusammenarbeit mit Ihnen und euch m\u00f6chte ich mich an dieser&hellip; <br \/> <a class=\"read-more\" href=\"https:\/\/goethe-schule-harburg.hamburg.de\/?page_id=6943\">Weiterlesen<\/a><\/p>\n","protected":false},"author":889,"featured_media":0,"parent":0,"menu_order":0,"comment_status":"closed","ping_status":"closed","template":"","meta":{"_acf_changed":false,"footnotes":""},"class_list":["post-6943","page","type-page","status-publish","hentry"],"acf":[],"_links":{"self":[{"href":"https:\/\/goethe-schule-harburg.hamburg.de\/index.php?rest_route=\/wp\/v2\/pages\/6943","targetHints":{"allow":["GET"]}}],"collection":[{"href":"https:\/\/goethe-schule-harburg.hamburg.de\/index.php?rest_route=\/wp\/v2\/pages"}],"about":[{"href":"https:\/\/goethe-schule-harburg.hamburg.de\/index.php?rest_route=\/wp\/v2\/types\/page"}],"author":[{"embeddable":true,"href":"https:\/\/goethe-schule-harburg.hamburg.de\/index.php?rest_route=\/wp\/v2\/users\/889"}],"replies":[{"embeddable":true,"href":"https:\/\/goethe-schule-harburg.hamburg.de\/index.php?rest_route=%2Fwp%2Fv2%2Fcomments&post=6943"}],"version-history":[{"count":1,"href":"https:\/\/goethe-schule-harburg.hamburg.de\/index.php?rest_route=\/wp\/v2\/pages\/6943\/revisions"}],"predecessor-version":[{"id":6944,"href":"https:\/\/goethe-schule-harburg.hamburg.de\/index.php?rest_route=\/wp\/v2\/pages\/6943\/revisions\/6944"}],"wp:attachment":[{"href":"https:\/\/goethe-schule-harburg.hamburg.de\/index.php?rest_route=%2Fwp%2Fv2%2Fmedia&parent=6943"}],"curies":[{"name":"wp","href":"https:\/\/api.w.org\/{rel}","templated":true}]}}