{"id":7121,"date":"2020-12-10T19:30:26","date_gmt":"2020-12-10T18:30:26","guid":{"rendered":"https:\/\/goethe-schule-harburg.hamburg.de\/?page_id=7121"},"modified":"2020-12-13T18:26:30","modified_gmt":"2020-12-13T17:26:30","slug":"weihnachtsgruss","status":"publish","type":"page","link":"https:\/\/goethe-schule-harburg.hamburg.de\/?page_id=7121","title":{"rendered":"Weihnachtsgru\u00df"},"content":{"rendered":"<h1>Dat Joahr geiht to Ind<\/h1>\n<h2>Ein musikalischer Weihnachtsgru\u00df der GSH<\/h2>\n<p>Wenn alle Konzerte abgesagt sind, wenn im Unterricht unter gro\u00dfen Abstandsauflagen nur noch in der Aula und der Sporthalle musiziert werden kann, wenn Weihnachten naht und die GSH-Gro\u00dffamilie sich nicht in der Friedrich-Ebert-Halle zu den traditionellen Weihnachtskonzerten treffen kann \u2013 dann macht die GSH Musik! Mit m\u00f6glichst vielen Sch\u00fclerinnen und Sch\u00fclern. Da das nicht zeitgleich mit allen gemeinsam in Coronazeiten geht, war die Idee schnell geboren: Ein Film sollte entstehen als musikalischer Weihnachtsgru\u00df.<\/p>\n<p>Rolf Zuckowski wurde f\u00fcr das Projekt gewonnen und musizierte mit uns sein Lied \u201eDat Joahr geiht to Ind\u201c, das Herzst\u00fcck aus jedem Weihnachtsliederfinale der Konzerte, bei dem der ganze Saal gew\u00f6hnlich gl\u00fcckselig mitsingt und auf den R\u00e4ngen die Handylichter geschwungen werden.<\/p>\n<p>Bis dahin war es ein weiter Weg: Peter Schuldt schrieb das umfangreiche Arrangement f\u00fcr alle Instrumente und Ch\u00f6re, es wurde in den Musikprofilen und Ensembles flei\u00dfig geprobt und die Audioaufnahmen wurden unter Einhaltung der Abstands- und Hygieneregeln in der Aula der Schule angefertigt. Vorher gab es noch ein nach Kohorten getrenntes Einsingen in der Kletterhalle, und dann ging es in die gut durchl\u00fcftete und eiskalte Aula, in der f\u00fcr jede und jeden aus einer Gruppe ein eigenes Mikrofon aufgebaut war und immer zwischendurch desinfiziert wurde. Timo Czech, ehemaliger Sch\u00fcler der GSH und bis heute treuer Unterst\u00fctzer und Begleiter diverser musikalischer Aktivit\u00e4ten in soundtechnischer Hinsicht, nahm zahlreiche Einzelspuren auf. Im Tonstudio wurden die Solistenaufnahmen erstellt und dann alles von Profis gemixt und gemastert.<\/p>\n<p>Immer in Angst, dass weitere Einschr\u00e4nkungen und Hygienebestimmungen das Projekt noch gef\u00e4hrden k\u00f6nnten, fanden die Dreharbeiten schlie\u00dflich am 1. Adventswochenende statt \u2013 p\u00fcnktlich zum ersten K\u00e4lteeinbruch. Aufgrund der allgemeinen Maskenpflicht in Schulen zu diesem Zeitpunkt konnte nur unter gro\u00dfem Abstand der Schutz abgenommen werden. Drinnen mussten 2,5 m eingehalten werden, drau\u00dfen 1,5 m \u2013 und das bei zwei Grad Celsius. Aber solche Erlebnisse schwei\u00dfen zusammen und es wurde viel gelacht, gemeinsam gezittert und doch gl\u00fcckselig der Refrain gesungen und tats\u00e4chlich Handlichter geschwungen \u2013 daf\u00fcr hat sich das alles gelohnt! Denn unsere Sch\u00fclerinnen und Sch\u00fcler brauchen Ziele, auf die sie hinarbeiten k\u00f6nnen, gemeinschaftliche Erlebnisse und Traditionen, die gerade in diesen Zeiten gepflegt werden.<\/p>\n<p>Wir danken allen Menschen, die dieses Projekt m\u00f6glich gemacht und unterst\u00fctzt haben, den Sponsoren, den Sch\u00fclerinnen und Sch\u00fclern, den Musikkolleginnen und -kollegen, den Eltern sowie der Schulleitung. Kultur in Corona \u2013 ein kleines Wunder!<\/p>\n<div class='embed-container'>\n<div class=\"external_content_blocker_container\" data-content-rel=\"youtube\" data-content-replacement=\"%3Ciframe%20title%3D%22%E2%80%9EDat%20Joahr%20geiht%20to%20Ind%E2%80%9C%20%28Das%20Jahr%20geht%20zu%20Ende%29%20-%20Ein%20Weihnachtsgru%C3%9F%20der%20Goethe%20Schule%20Harburg%202020%22%20width%3D%221920%22%20height%3D%221080%22%20src%3D%22https%3A%2F%2Fwww.youtube-nocookie.com%2Fembed%2Fiqx21kvaRoc%3Ffeature%3Doembed%22%20frameborder%3D%220%22%20allow%3D%22accelerometer%3B%20autoplay%3B%20clipboard-write%3B%20encrypted-media%3B%20gyroscope%3B%20picture-in-picture%3B%20web-share%22%20allowfullscreen%3E%3C%2Fiframe%3E\" data-content-domain=\"www.youtube-nocookie.com\" data-content-site-id=\"155\" data-additional-tags=\"false\"style=\"padding:24px 12px;color:#0f0f0f;border-radius:0px;background-color:#ececec;\">\n<div class=\"external_content_blocker_wrapper\">\n<div class=\"external_content_blocker_content\">\n<div class=\"external_content_blocker_text\" style=\"\">\n<p>Bei Aktivierung des Videos werden Daten an Google \u00fcbermittelt. <br \/><a href=\"https:\/\/policies.google.com\/privacy?hl=de&amp;gl=de\" target=\"_blank\" rel=\"noopener\">Datenschutzerkl\u00e4rung von Google<\/a><\/p>\n<\/p><\/div>\n<div class=\"external_content_blocker_button\"><a class=\"enable-external-content\" href=\"#enable_external_content\" style=\"padding:5px 15px;border-radius:3px;background-color:#ff0000;color:#ffffff;\" >YouTube-Video laden<\/a><a class=\"enable-all-external-content\" href=\"#enable_all_external_content\" data-content-rel=\"youtube\" style=\"padding:5px 15px;border-radius:3px;background-color:#ff0000;color:#ffffff;\">YouTube-Videos immer laden<\/a><\/div>\n<div class=\"external_content_blocker_global_link\"><a href=\"#enable_global_external_content\" style=\"color:#0f0f0f;\">Externen Inhalte immer anzeigen<\/a><\/div>\n<\/div>\n<\/div>\n<\/div>\n<\/div>\n<p>&nbsp;<\/p>\n<p>&nbsp;<\/p>\n<h2>Gru\u00dfworte von Rolf Zuckowski<\/h2>\n<p>Ick frei mi bannig, dat mien Leed \u201eDat Joahr geiht to Ind\u201c nu ok as Video in\u2019t Internet to sehen ist. Mit Chor un Orchester von de Harborger Goethe School kriegt de Botschaft ne Kraft f\u00f6r jede Generation, ook f\u00f6r der Kinners.<\/p>\n<p>Eine plattdeutsche Hymne in die Welt zu setzen, war 1977 nicht mein Ziel, als wir \u201eDat Joahr geiht to Ind\u201c zum ersten Mal mit der der Finkwarder Speeldeel sangen. Chor und Orchester der Harburger Goethe Schule haben dem Lied mit dem Arrangement von Peter Schuldt ein wundervolles neues Gewand gegeben, mit dem es nun tats\u00e4chlich wie eine Hymne klingt. Gl\u00fccklicher kann ein Hamburger Komponist nicht sein. Danke!<\/p>\n<div class=\"rl-gallery-container rl-loading\" id=\"rl-gallery-container-1\" data-gallery_id=\"7120\"> <div class=\"rl-gallery rl-basicgrid-gallery rl-hover-effect-4\" id=\"rl-gallery-1\" data-gallery_no=\"1\"> <div class=\"rl-gallery-item\"><a href=\"https:\/\/goethe-schule-harburg.hamburg.de\/wp-content\/uploads\/sites\/155\/2020\/12\/IMG_8835.jpg\" title=\"\" data-rl_title=\"\" class=\"rl-gallery-link\" data-rl_caption=\"\" data-rel=\"lightbox-gallery-1\"><img loading=\"lazy\" decoding=\"async\" src=\"https:\/\/goethe-schule-harburg.hamburg.de\/wp-content\/uploads\/sites\/155\/2020\/12\/IMG_8835-300x225.jpg\" width=\"300\" height=\"225\" alt=\"\" \/><\/a><\/div><div class=\"rl-gallery-item\"><a href=\"https:\/\/goethe-schule-harburg.hamburg.de\/wp-content\/uploads\/sites\/155\/2020\/12\/CLZ2077-klein.jpg\" title=\"\" data-rl_title=\"\" class=\"rl-gallery-link\" data-rl_caption=\"\" data-rel=\"lightbox-gallery-1\"><img loading=\"lazy\" decoding=\"async\" src=\"https:\/\/goethe-schule-harburg.hamburg.de\/wp-content\/uploads\/sites\/155\/2020\/12\/CLZ2077-klein-300x200.jpg\" width=\"300\" height=\"200\" alt=\"\" \/><\/a><\/div><div class=\"rl-gallery-item\"><a href=\"https:\/\/goethe-schule-harburg.hamburg.de\/wp-content\/uploads\/sites\/155\/2020\/12\/CLZ01212.jpg\" title=\"\" data-rl_title=\"\" class=\"rl-gallery-link\" data-rl_caption=\"\" data-rel=\"lightbox-gallery-1\"><img loading=\"lazy\" decoding=\"async\" src=\"https:\/\/goethe-schule-harburg.hamburg.de\/wp-content\/uploads\/sites\/155\/2020\/12\/CLZ01212-300x200.jpg\" width=\"300\" height=\"200\" alt=\"\" \/><\/a><\/div><div class=\"rl-gallery-item\"><a href=\"https:\/\/goethe-schule-harburg.hamburg.de\/wp-content\/uploads\/sites\/155\/2020\/12\/CLZ01056-klein.jpg\" title=\"\" data-rl_title=\"\" class=\"rl-gallery-link\" data-rl_caption=\"\" data-rel=\"lightbox-gallery-1\"><img loading=\"lazy\" decoding=\"async\" src=\"https:\/\/goethe-schule-harburg.hamburg.de\/wp-content\/uploads\/sites\/155\/2020\/12\/CLZ01056-klein-300x200.jpg\" width=\"300\" height=\"200\" alt=\"\" \/><\/a><\/div> <\/div> <\/div>\n","protected":false},"excerpt":{"rendered":"<p>Dat Joahr geiht to Ind Ein musikalischer Weihnachtsgru\u00df der GSH Wenn alle Konzerte abgesagt sind, wenn im Unterricht unter gro\u00dfen Abstandsauflagen nur noch in der Aula und der Sporthalle musiziert werden kann, wenn Weihnachten naht und die GSH-Gro\u00dffamilie sich nicht in der Friedrich-Ebert-Halle zu den traditionellen Weihnachtskonzerten treffen kann \u2013 dann macht die GSH Musik!&hellip; <br \/> <a class=\"read-more\" href=\"https:\/\/goethe-schule-harburg.hamburg.de\/?page_id=7121\">Weiterlesen<\/a><\/p>\n","protected":false},"author":889,"featured_media":0,"parent":0,"menu_order":0,"comment_status":"closed","ping_status":"closed","template":"","meta":{"_acf_changed":false,"footnotes":""},"class_list":["post-7121","page","type-page","status-publish","hentry"],"acf":[],"_links":{"self":[{"href":"https:\/\/goethe-schule-harburg.hamburg.de\/index.php?rest_route=\/wp\/v2\/pages\/7121","targetHints":{"allow":["GET"]}}],"collection":[{"href":"https:\/\/goethe-schule-harburg.hamburg.de\/index.php?rest_route=\/wp\/v2\/pages"}],"about":[{"href":"https:\/\/goethe-schule-harburg.hamburg.de\/index.php?rest_route=\/wp\/v2\/types\/page"}],"author":[{"embeddable":true,"href":"https:\/\/goethe-schule-harburg.hamburg.de\/index.php?rest_route=\/wp\/v2\/users\/889"}],"replies":[{"embeddable":true,"href":"https:\/\/goethe-schule-harburg.hamburg.de\/index.php?rest_route=%2Fwp%2Fv2%2Fcomments&post=7121"}],"version-history":[{"count":5,"href":"https:\/\/goethe-schule-harburg.hamburg.de\/index.php?rest_route=\/wp\/v2\/pages\/7121\/revisions"}],"predecessor-version":[{"id":7135,"href":"https:\/\/goethe-schule-harburg.hamburg.de\/index.php?rest_route=\/wp\/v2\/pages\/7121\/revisions\/7135"}],"wp:attachment":[{"href":"https:\/\/goethe-schule-harburg.hamburg.de\/index.php?rest_route=%2Fwp%2Fv2%2Fmedia&parent=7121"}],"curies":[{"name":"wp","href":"https:\/\/api.w.org\/{rel}","templated":true}]}}