{"id":7750,"date":"2021-05-28T11:23:19","date_gmt":"2021-05-28T09:23:19","guid":{"rendered":"https:\/\/goethe-schule-harburg.hamburg.de\/?page_id=7750"},"modified":"2021-05-28T11:23:19","modified_gmt":"2021-05-28T09:23:19","slug":"antirassismus-ag","status":"publish","type":"page","link":"https:\/\/goethe-schule-harburg.hamburg.de\/?page_id=7750","title":{"rendered":"Antirassismus AG"},"content":{"rendered":"<h1>ANTIRASSISMUS AG<\/h1>\n<p><div id=\"attachment_1576\" style=\"width: 310px\" class=\"wp-caption alignleft\"><a href=\"https:\/\/goethe-schule-harburg.hamburg.de\/wp-content\/uploads\/sites\/155\/2021\/05\/Fluechtlingssport.jpeg\" data-rel=\"lightbox\" data-rl_title=\"\" data-rl_caption=\"\" title=\"\"><img loading=\"lazy\" decoding=\"async\" aria-describedby=\"caption-attachment-1576\" class=\"wp-image-1576 size-medium\" src=\"https:\/\/goethe-schule-harburg.hamburg.de\/wp-content\/uploads\/sites\/155\/2021\/05\/Fluechtlingssport.jpeg\" width=\"300\" height=\"200\" \/><\/a><p id=\"caption-attachment-1576\" class=\"wp-caption-text\">Fl\u00fcchtlingssport<\/p><\/div>Die Antirassismus AG, seit 2013 aus interessierten Sch\u00fclerinnen und Sch\u00fclern und zwei Lehrerinnen bestehend, setzt sich besonders f\u00fcr die Vielfalt, Respekt und Toleranz an der GSH ein. Dieses Ziel anvisierend wurden schon einige Projekte umgesetzt:<br \/>\nSo wurden zu Beginn Workshops in den f\u00fcnften, sechsten und elften Klassen zu diskriminierenden Spr\u00fcchen auf dem Schulhof gemacht, um diese kritisch zu reflektieren und zu vermeiden. Alltagsrassismus wurde mithilfe von Plakaten in der Pausenhalle sichtbar gemacht. Ausgeweitet wurde die Workshop Arbeit der AG auf die j\u00e4hrlich stattfindenden Antirassismus-Workshops der GSH f\u00fcr den 8. Jahrgang, bei denen die Sch\u00fclerinnen und Sch\u00fcler als Teamer eigene Workshops anboten. Hier wurden z.B. folgende Fragen beleuchtet:<\/p>\n<p><div id=\"attachment_1576\" style=\"width: 310px\" class=\"wp-caption alignleft\"><a href=\"https:\/\/goethe-schule-harburg.hamburg.de\/wp-content\/uploads\/sites\/155\/2021\/05\/Antira_1.jpeg\" data-rel=\"lightbox\" data-rl_title=\"\" data-rl_caption=\"\" title=\"\"><img loading=\"lazy\" decoding=\"async\" aria-describedby=\"caption-attachment-1576\" class=\"wp-image-1576 size-medium\" src=\"https:\/\/goethe-schule-harburg.hamburg.de\/wp-content\/uploads\/sites\/155\/2021\/05\/Antira_1.jpeg\" width=\"300\" height=\"200\" \/><\/a><p id=\"caption-attachment-1576\" class=\"wp-caption-text\">(Noa Dommagent, Hannah Augstein und Mariele M\u00fcller beim Antira workshop)<\/p><\/div>Was sind Jungs und was sind M\u00e4dchen, was ist normal und wer legt das fest? Warum muss ich mich eigentlich zuordnen und wie kann man Rollenbilder aufbrechen? Inwiefern gibt es Gleichberechtigung zwischen den Geschlechtern? Was ist \u201eSexismus\u201c, was hat das mit mir zu tun und was kann dagegen getan werden? Hast du selbst schon im Alltag Diskriminierungen erlebt? Was ist Rassismus und gruppenbezogene Menschenfeindlichkeit? Wieso gibt es so viel \u201ehate speech\u201c, also menschenverachtende Kommentare, im Internet?<\/p>\n<p>In den Workshops ging es um eine Auseinandersetzung mit diesen und weiteren Fragen und auch um ein Hinterfragen von scheinbar feststehenden Tatsachen oder oft geh\u00f6rten \u00c4u\u00dferungen und Handlungsm\u00f6glichkeiten. <\/p>\n<p>Zuk\u00fcnftig plant die jetzige Besetzung der AG einen regelm\u00e4\u00dfigen Beitrag im GSH Info zu aktuellen Themen bezgl. Antirassismus zu ver\u00f6ffentlichen.<\/p>\n<p><div id=\"attachment_1576\" style=\"width: 310px\" class=\"wp-caption alignleft\"><a href=\"https:\/\/goethe-schule-harburg.hamburg.de\/wp-content\/uploads\/sites\/155\/2021\/05\/Antira_2-e1622191397372.jpeg\" data-rel=\"lightbox\" data-rl_title=\"\" data-rl_caption=\"\" title=\"\"><img loading=\"lazy\" decoding=\"async\" aria-describedby=\"caption-attachment-1576\" class=\"wp-image-1576 size-medium\" src=\"https:\/\/goethe-schule-harburg.hamburg.de\/wp-content\/uploads\/sites\/155\/2021\/05\/Antira_2-e1622191397372.jpeg\" width=\"300\" height=\"200\" \/><\/a><p id=\"caption-attachment-1576\" class=\"wp-caption-text\">(Ismail S\u00f6zen, Noa Dommagent, Hannah Augstein und Mariele M\u00fcller beim Antira workshop)<br \/><\/p><\/div>Au\u00dferschulisch war die AG besonders in der Fl\u00fcchtlingshilfe aktiv: So wurden Kleider- und Geldspenden f\u00fcr Lampedusa-Fl\u00fcchtlinge gesammelt und von 2015-2017 fand in Zusammenarbeit mit dem DRK und dem Caf\u00e9 Refugio in Harburg einmal w\u00f6chentlich an der Schule der Fl\u00fcchtlingssport statt, bei dem Sch\u00fclerinnen und Sch\u00fcler und gefl\u00fcchtete Menschen gemeinsam Sport machten.<\/p>\n<p>Die AG setzte federf\u00fchrend die Unterschriftaktion f\u00fcr das Projekt \u201eSchule ohne Rassismus \u2013 Schule mit Courage\u201c erfolgreich um, so dass die GSH 2017 mit diesem Titel ausgezeichnet wurde. <\/p>\n<div id=\"attachment_1576\" style=\"width: 310px\" class=\"wp-caption alignleft\"><a href=\"https:\/\/goethe-schule-harburg.hamburg.de\/wp-content\/uploads\/sites\/155\/2021\/05\/Antira_3.jpeg\" data-rel=\"lightbox\" data-rl_title=\"\" data-rl_caption=\"\" title=\"\"><img loading=\"lazy\" decoding=\"async\" aria-describedby=\"caption-attachment-1576\" class=\"wp-image-1576 size-medium\" src=\"https:\/\/goethe-schule-harburg.hamburg.de\/wp-content\/uploads\/sites\/155\/2021\/05\/Antira_3.jpeg\" width=\"300\" height=\"200\" \/><\/a><p id=\"caption-attachment-1576\" class=\"wp-caption-text\">Schuljahr 2020\/21: die aktuelle Antirassismus AG (von links nach rechts)<br \/>\nobere Reihe:<br \/>\nAnastasija Cvetanovic, Merita Ethemi, Mardiya Bouliou, Irem Sarikaya, Selim Osman<br \/>\nuntere Reihe:<br \/>\nCemile Eryilmaz, Ey\u00fcpan Bayram<br \/>\nNicht abgebildet:<br \/>\nMerle Dagef\u00f6rde, Florina Erismann<\/p><\/div>\n<p><img decoding=\"async\" class=\"aligncenter wp-image-865\" src=\"https:\/\/goethe-schule-harburg.hamburg.de\/wp-content\/uploads\/sites\/155\/2021\/05\/sprechblase_antira.jpg\" alt=\"\" width=\"400\" \/><\/p>\n","protected":false},"excerpt":{"rendered":"<p>ANTIRASSISMUS AG Die Antirassismus AG, seit 2013 aus interessierten Sch\u00fclerinnen und Sch\u00fclern und zwei Lehrerinnen bestehend, setzt sich besonders f\u00fcr die Vielfalt, Respekt und Toleranz an der GSH ein. Dieses Ziel anvisierend wurden schon einige Projekte umgesetzt: So wurden zu Beginn Workshops in den f\u00fcnften, sechsten und elften Klassen zu diskriminierenden Spr\u00fcchen auf dem Schulhof&hellip; <br \/> <a class=\"read-more\" href=\"https:\/\/goethe-schule-harburg.hamburg.de\/?page_id=7750\">Weiterlesen<\/a><\/p>\n","protected":false},"author":889,"featured_media":0,"parent":0,"menu_order":0,"comment_status":"closed","ping_status":"closed","template":"","meta":{"_acf_changed":false,"footnotes":""},"class_list":["post-7750","page","type-page","status-publish","hentry"],"acf":[],"_links":{"self":[{"href":"https:\/\/goethe-schule-harburg.hamburg.de\/index.php?rest_route=\/wp\/v2\/pages\/7750","targetHints":{"allow":["GET"]}}],"collection":[{"href":"https:\/\/goethe-schule-harburg.hamburg.de\/index.php?rest_route=\/wp\/v2\/pages"}],"about":[{"href":"https:\/\/goethe-schule-harburg.hamburg.de\/index.php?rest_route=\/wp\/v2\/types\/page"}],"author":[{"embeddable":true,"href":"https:\/\/goethe-schule-harburg.hamburg.de\/index.php?rest_route=\/wp\/v2\/users\/889"}],"replies":[{"embeddable":true,"href":"https:\/\/goethe-schule-harburg.hamburg.de\/index.php?rest_route=%2Fwp%2Fv2%2Fcomments&post=7750"}],"version-history":[{"count":8,"href":"https:\/\/goethe-schule-harburg.hamburg.de\/index.php?rest_route=\/wp\/v2\/pages\/7750\/revisions"}],"predecessor-version":[{"id":7763,"href":"https:\/\/goethe-schule-harburg.hamburg.de\/index.php?rest_route=\/wp\/v2\/pages\/7750\/revisions\/7763"}],"wp:attachment":[{"href":"https:\/\/goethe-schule-harburg.hamburg.de\/index.php?rest_route=%2Fwp%2Fv2%2Fmedia&parent=7750"}],"curies":[{"name":"wp","href":"https:\/\/api.w.org\/{rel}","templated":true}]}}