{"id":7766,"date":"2021-05-28T11:33:20","date_gmt":"2021-05-28T09:33:20","guid":{"rendered":"https:\/\/goethe-schule-harburg.hamburg.de\/?page_id=7766"},"modified":"2021-05-28T11:33:20","modified_gmt":"2021-05-28T09:33:20","slug":"schule-ohne-rassismus","status":"publish","type":"page","link":"https:\/\/goethe-schule-harburg.hamburg.de\/?page_id=7766","title":{"rendered":"Schule ohne Rassismus"},"content":{"rendered":"<h1>SCHULE OHNE RASSISMUS &#8211; SCHULE MIT COURAGE<\/h1>\n<p align=\"right\"><em>Gut Ding will Weile haben.<\/em><\/p>\n<p align=\"right\"><em>(aus: Goethe, Wilhelm Meisters Lehrjahre)<\/em><\/p>\n<p>2010 machte sich die GSH langsam auf den Weg, das Projekt \u201eSchule ohne Rassismus &#8211; Schule mit Courage\u201c voranzubringen. Wichtig war in diesem Zusammenhang, dass diese Initiative von einer interessierten Gruppe von Sch\u00fclerinnen und Sch\u00fclern ausging, die von Lehrkr\u00e4ften begleitend unterst\u00fctzt wird. Um das Klima der Wertsch\u00e4tzung des Anderen zu f\u00f6rdern, gab es unterschiedliche Aktionen von Seiten der Antirassismus AG der GSH, auch um das Projekt an der Schule bekannt zu machen.<\/p>\n<p>2017 war es dann endlich soweit! Mehr als 80 Prozent unserer Schulgemeinschaft hatte mit ihrer Unterschrift gezeigt, dass sie sich gegen jegliche Form von Diskriminierung einsetzen wollten. Als Paten f\u00fcr das Projekt konnten wir den Schauspieler und ehemaligen GSH-Sch\u00fcler Fahri Yardim gewinnen. Die offizielle Titelverleihung erfolgte im Rahmen des Sommerfestes am 18.7.2017.<\/p>\n<h2>Was machen wir an unserer Schule, das diesen Titel rechtfertigt?<\/h2>\n<p>Seit 2013 finden jedes Jahr in Zusammenarbeit mit externen Tr\u00e4gern f\u00fcr den Jahrgang 8 Workshops zum Thema Antidiskriminierung statt, bei dem sich Sch\u00fclerinnen und Sch\u00fcler einen Bereich aussuchen k\u00f6nnen, zu dem sie arbeiten m\u00f6chten.<\/p>\n<p>Seit 2014\/2015 gibt es das interkulturelle Elterncaf\u00e9, zu dem alle Eltern am ersten Montag eines Monats eingeladen sind.<\/p>\n<p>Seit 2010 gibt es die Antirassismus AG an der GSH, die vielf\u00e4ltige Aktionen von Seiten der Sch\u00fclerinnen und Sch\u00fcler umsetzt und vor allem den Weg zur Auszeichnung federf\u00fchrend vorangetrieben hat. <\/p>\n<p>In regelm\u00e4\u00dfigen Abst\u00e4nden finden Fortbildungen mit unterschiedlichen interkulturellen Schwerpunkten f\u00fcr interessierte Kolleginnen und Kollegen statt. Zudem haben zehn Kolleginnen und Kollegen ein interkulturelles Kompetenztraining (IKK) absolviert, das rund um die Themen Vielfalt und Inklusion, gleichberechtigte Teilhabe und Chancengerechtigkeit sowie Erziehung zu respektvollem Miteinander im Schulalltag gestaltet wurde. <\/p>\n<p>Daneben soll die t\u00e4gliche Arbeit jeder Einzelnen\/jedes Einzelnen nicht unerw\u00e4hnt bleiben, der sich einsetzt, wenn an der GSH Gewalt, diskriminierende \u00c4u\u00dferungen oder Handlungen ausge\u00fcbt werden. Unser Ziel ist es, dass wir in einer offenen Auseinandersetzung gemeinsam Wege finden, uns auch in Zukunft gegenseitig zu achten und Vielfalt zu sch\u00e4tzen.<\/p>\n<p align=\"right\"><strong>Goethe-Interkulturell AG (Lehrerinnen und Lehrer)<\/strong><\/p>\n<p align=\"right\"><strong>Antirassismus AG (Sch\u00fclerinnen und Sch\u00fcler)<\/strong><\/p>\n<div id=\"attachment_1576\" style=\"width: 410px\" class=\"wp-caption alignleft\"><a href=\"https:\/\/goethe-schule-harburg.hamburg.de\/wp-content\/uploads\/sites\/155\/2021\/05\/schule_ohne_rassismus_1.jpeg\" data-rel=\"lightbox\" data-rl_title=\"\" data-rl_caption=\"\" title=\"\"><img loading=\"lazy\" decoding=\"async\" aria-describedby=\"caption-attachment-1576\" class=\"wp-image-1576 size-medium\" src=\"https:\/\/goethe-schule-harburg.hamburg.de\/wp-content\/uploads\/sites\/155\/2021\/05\/schule_ohne_rassismus_1.jpeg\" width=\"400\" height=\"200\" \/><\/a><p id=\"caption-attachment-1576\" class=\"wp-caption-text\">(von links: Lars Oertzen, Andrea Potinius, Philipp Hefke, Ali Abdelrahim, Vasca Scheppelmann und Kaser Ahmed)<\/p><\/div>\n<div id=\"attachment_1576\" style=\"width: 410px\" class=\"wp-caption alignleft\"><a href=\"https:\/\/goethe-schule-harburg.hamburg.de\/wp-content\/uploads\/sites\/155\/2021\/05\/schule_ohne_rassismus_2.jpeg\" data-rel=\"lightbox\" data-rl_title=\"\" data-rl_caption=\"\" title=\"\"><img loading=\"lazy\" decoding=\"async\" aria-describedby=\"caption-attachment-1576\" class=\"wp-image-1576 size-medium\" src=\"https:\/\/goethe-schule-harburg.hamburg.de\/wp-content\/uploads\/sites\/155\/2021\/05\/schule_ohne_rassismus_2.jpeg\" width=\"400\" height=\"200\" \/><\/a><p id=\"caption-attachment-1576\" class=\"wp-caption-text\">Feierliche \u00dcbergabe des Titels durch Fahri Yardim und Jens Schmidt von Arbeit und Leben e.V<\/p><\/div>\n","protected":false},"excerpt":{"rendered":"<p>SCHULE OHNE RASSISMUS &#8211; SCHULE MIT COURAGE Gut Ding will Weile haben. (aus: Goethe, Wilhelm Meisters Lehrjahre) 2010 machte sich die GSH langsam auf den Weg, das Projekt \u201eSchule ohne Rassismus &#8211; Schule mit Courage\u201c voranzubringen. Wichtig war in diesem Zusammenhang, dass diese Initiative von einer interessierten Gruppe von Sch\u00fclerinnen und Sch\u00fclern ausging, die von&hellip; <br \/> <a class=\"read-more\" href=\"https:\/\/goethe-schule-harburg.hamburg.de\/?page_id=7766\">Weiterlesen<\/a><\/p>\n","protected":false},"author":889,"featured_media":0,"parent":0,"menu_order":0,"comment_status":"closed","ping_status":"closed","template":"","meta":{"_acf_changed":false,"footnotes":""},"class_list":["post-7766","page","type-page","status-publish","hentry"],"acf":[],"_links":{"self":[{"href":"https:\/\/goethe-schule-harburg.hamburg.de\/index.php?rest_route=\/wp\/v2\/pages\/7766","targetHints":{"allow":["GET"]}}],"collection":[{"href":"https:\/\/goethe-schule-harburg.hamburg.de\/index.php?rest_route=\/wp\/v2\/pages"}],"about":[{"href":"https:\/\/goethe-schule-harburg.hamburg.de\/index.php?rest_route=\/wp\/v2\/types\/page"}],"author":[{"embeddable":true,"href":"https:\/\/goethe-schule-harburg.hamburg.de\/index.php?rest_route=\/wp\/v2\/users\/889"}],"replies":[{"embeddable":true,"href":"https:\/\/goethe-schule-harburg.hamburg.de\/index.php?rest_route=%2Fwp%2Fv2%2Fcomments&post=7766"}],"version-history":[{"count":2,"href":"https:\/\/goethe-schule-harburg.hamburg.de\/index.php?rest_route=\/wp\/v2\/pages\/7766\/revisions"}],"predecessor-version":[{"id":7768,"href":"https:\/\/goethe-schule-harburg.hamburg.de\/index.php?rest_route=\/wp\/v2\/pages\/7766\/revisions\/7768"}],"wp:attachment":[{"href":"https:\/\/goethe-schule-harburg.hamburg.de\/index.php?rest_route=%2Fwp%2Fv2%2Fmedia&parent=7766"}],"curies":[{"name":"wp","href":"https:\/\/api.w.org\/{rel}","templated":true}]}}