{"id":7769,"date":"2021-05-28T11:33:02","date_gmt":"2021-05-28T09:33:02","guid":{"rendered":"https:\/\/goethe-schule-harburg.hamburg.de\/?page_id=7769"},"modified":"2021-05-28T11:33:02","modified_gmt":"2021-05-28T09:33:02","slug":"interkulturelle-koordination","status":"publish","type":"page","link":"https:\/\/goethe-schule-harburg.hamburg.de\/?page_id=7769","title":{"rendered":"Interkulturelle Koordination"},"content":{"rendered":"<h1>INTERKULTURELLE KOORDINATION<\/h1>\n<ul>\n<li>Welche Regelung gilt f\u00fcr religi\u00f6se Feiertage und wie gehen wir damit um?<\/li>\n<li>Wie gehen wir mit interkulturellen Konflikten um?<\/li>\n<li>Wie k\u00f6nnen wir das Potenzial der interkulturellen Vielfalt der GSH f\u00f6rdern?<\/li>\n<\/ul>\n<p>Die Interkulturelle Koordination besch\u00e4ftigt sich mit diesen und weiteren Fragen.<br \/>\nSie setzt sich daf\u00fcr ein, das Bewusstsein f\u00fcr die kulturelle, sprachliche und religi\u00f6se Verschiedenheit der Mitglieder unserer Schule zu sensibilisieren. Sie bringt interkulturelle Expertise in laufende Schulentwicklungsprozesse ein und st\u00f6\u00dft Projekte an.<\/p>\n<p>Das zentrale Ziel der Arbeit ist, <strong>Barrieren abzubauen<\/strong>, das <strong>Verst\u00e4ndnis f\u00fcreinander<\/strong> zu f\u00f6rdern und allen Sch\u00fclerinnen und Sch\u00fclern <strong>dieselben Chancen<\/strong> zu bieten.<\/p>\n<p>Gemeinsam mit der <strong><em>AG Goethe Interkulturell<\/em><\/strong> initiiert sie hierf\u00fcr diese Projekte:<\/p>\n<ul>\n<li>Beratungsangebot  f\u00fcr Sch\u00fclerinnen und Sch\u00fcler, Eltern und Lehrerinnen und Lehrer bei interkulturellen Fragen<\/li>\n<li>Unterst\u00fctzung bei Elterngespr\u00e4chen<\/li>\n<li>Fortbildungen f\u00fcr Lehrerinnen und Lehrer zu interkulturellen Themen<\/li>\n<li>Workshops f\u00fcr Sch\u00fclerinnen und Sch\u00fcler zum Thema &#8222;Anti-Diskriminierung \/ Vielfalt&#8220;<\/li>\n<li>Elterncaf\u00e9<\/li>\n<\/ul>\n","protected":false},"excerpt":{"rendered":"<p>INTERKULTURELLE KOORDINATION Welche Regelung gilt f\u00fcr religi\u00f6se Feiertage und wie gehen wir damit um? Wie gehen wir mit interkulturellen Konflikten um? Wie k\u00f6nnen wir das Potenzial der interkulturellen Vielfalt der GSH f\u00f6rdern? Die Interkulturelle Koordination besch\u00e4ftigt sich mit diesen und weiteren Fragen. Sie setzt sich daf\u00fcr ein, das Bewusstsein f\u00fcr die kulturelle, sprachliche und religi\u00f6se&hellip; <br \/> <a class=\"read-more\" href=\"https:\/\/goethe-schule-harburg.hamburg.de\/?page_id=7769\">Weiterlesen<\/a><\/p>\n","protected":false},"author":889,"featured_media":0,"parent":0,"menu_order":0,"comment_status":"closed","ping_status":"closed","template":"","meta":{"_acf_changed":false,"footnotes":""},"class_list":["post-7769","page","type-page","status-publish","hentry"],"acf":[],"_links":{"self":[{"href":"https:\/\/goethe-schule-harburg.hamburg.de\/index.php?rest_route=\/wp\/v2\/pages\/7769","targetHints":{"allow":["GET"]}}],"collection":[{"href":"https:\/\/goethe-schule-harburg.hamburg.de\/index.php?rest_route=\/wp\/v2\/pages"}],"about":[{"href":"https:\/\/goethe-schule-harburg.hamburg.de\/index.php?rest_route=\/wp\/v2\/types\/page"}],"author":[{"embeddable":true,"href":"https:\/\/goethe-schule-harburg.hamburg.de\/index.php?rest_route=\/wp\/v2\/users\/889"}],"replies":[{"embeddable":true,"href":"https:\/\/goethe-schule-harburg.hamburg.de\/index.php?rest_route=%2Fwp%2Fv2%2Fcomments&post=7769"}],"version-history":[{"count":1,"href":"https:\/\/goethe-schule-harburg.hamburg.de\/index.php?rest_route=\/wp\/v2\/pages\/7769\/revisions"}],"predecessor-version":[{"id":7770,"href":"https:\/\/goethe-schule-harburg.hamburg.de\/index.php?rest_route=\/wp\/v2\/pages\/7769\/revisions\/7770"}],"wp:attachment":[{"href":"https:\/\/goethe-schule-harburg.hamburg.de\/index.php?rest_route=%2Fwp%2Fv2%2Fmedia&parent=7769"}],"curies":[{"name":"wp","href":"https:\/\/api.w.org\/{rel}","templated":true}]}}