{"id":7771,"date":"2021-05-28T11:35:01","date_gmt":"2021-05-28T09:35:01","guid":{"rendered":"https:\/\/goethe-schule-harburg.hamburg.de\/?page_id=7771"},"modified":"2021-05-28T11:36:50","modified_gmt":"2021-05-28T09:36:50","slug":"workshop","status":"publish","type":"page","link":"https:\/\/goethe-schule-harburg.hamburg.de\/?page_id=7771","title":{"rendered":"Workshops"},"content":{"rendered":"<h1>WORKSHOPS<\/h1>\n<p align=\"right\"><em>Nicht allein das Angeborene, sondern auch das Erworbene ist der Mensch<\/em><\/p>\n<p align=\"right\"><em>(Johann Wolfgang von Goethe) <\/em><\/p>\n<p>Die aus Lehrkr\u00e4ften der GSH bestehende Arbeitsgruppe \u201eGoethe Interkulturell\u201c organisiert jedes Jahr in Zusammenarbeit mit au\u00dferschulischen Tr\u00e4gern und Einzelpersonen\u00a0f\u00fcr den gesamten 8. Jahrgang zweit\u00e4gige Workshoptage unter dem Motto \u201eSchule ohne Rassismus\u00a0\u2013 Schule mit Courage\u201c. Neben externen Teamerinnen und Teamern leiten auch Lehrkr\u00e4fte aus der Arbeitsgruppe sowie Oberstufensch\u00fclerinnen und Oberstufensch\u00fcler der AG Antirassismus Workshops.<\/p>\n<p>Die Achtkl\u00e4sslerinnen und Achtkl\u00e4ssler w\u00e4hlen nach Interesse aus verschiedenen Workshops rund um das Thema Vielfalt und Antirassismus einen Themenschwerpunkt aus, mit dem sie sich zwei Tage lang intensiv auseinandersetzen, indem sie eigene und gesellschaftlich verankerte Positionen reflektieren und diese zu hinterfragen lernen.<\/p>\n<p>Das Themenspektrum ist jedes Jahr vielf\u00e4ltig: \u201eIch bin ich \u2013 was ist schon \u201anormal\u2018?\u201c,  \u201eHinterfragen und eingreifen\u201c, \u201eAntidiskriminierung\u201c, \u201eFreundschaft, Liebe und \u201aSexismus\u2018\u201c, \u201e\u00dcber Rassismus und Antisemitismus reden und Widerstand entdecken \u2013 Empowerment f\u00fcr Jugendliche\u201c, \u201eIch und meine Welt\u201c sind nur einige Themenbeispiele.<\/p>\n<p>Auch wenn jeder Workshop einen eigenen Schwerpunkt zum Thema setzt, verfolgen alle ein gemeinsames Ziel: die verschiedenen Formen von Rassismus und Diskriminierung in ihren offenen und subtilen Erscheinungsweisen kennenzulernen und aufzudecken, sie sichtbar zu machen sowie Strategien und Handlungsm\u00f6glichkeiten zu entwickeln, wie man den (allt\u00e4glichen) Rassismus und die Diskriminierung durchbrechen kann. Die Devise, nach der gehandelt wird, lautet also: Vielfalt als eine Bereicherung und Chance sowohl unserer Schulgemeinschaft als auch der Gesellschaft zu verstehen und weiterzugeben.<\/p>\n","protected":false},"excerpt":{"rendered":"<p>WORKSHOPS Nicht allein das Angeborene, sondern auch das Erworbene ist der Mensch (Johann Wolfgang von Goethe) Die aus Lehrkr\u00e4ften der GSH bestehende Arbeitsgruppe \u201eGoethe Interkulturell\u201c organisiert jedes Jahr in Zusammenarbeit mit au\u00dferschulischen Tr\u00e4gern und Einzelpersonen\u00a0f\u00fcr den gesamten 8. Jahrgang zweit\u00e4gige Workshoptage unter dem Motto \u201eSchule ohne Rassismus\u00a0\u2013 Schule mit Courage\u201c. Neben externen Teamerinnen und Teamern&hellip; <br \/> <a class=\"read-more\" href=\"https:\/\/goethe-schule-harburg.hamburg.de\/?page_id=7771\">Weiterlesen<\/a><\/p>\n","protected":false},"author":889,"featured_media":0,"parent":0,"menu_order":0,"comment_status":"closed","ping_status":"closed","template":"","meta":{"_acf_changed":false,"footnotes":""},"class_list":["post-7771","page","type-page","status-publish","hentry"],"acf":[],"_links":{"self":[{"href":"https:\/\/goethe-schule-harburg.hamburg.de\/index.php?rest_route=\/wp\/v2\/pages\/7771","targetHints":{"allow":["GET"]}}],"collection":[{"href":"https:\/\/goethe-schule-harburg.hamburg.de\/index.php?rest_route=\/wp\/v2\/pages"}],"about":[{"href":"https:\/\/goethe-schule-harburg.hamburg.de\/index.php?rest_route=\/wp\/v2\/types\/page"}],"author":[{"embeddable":true,"href":"https:\/\/goethe-schule-harburg.hamburg.de\/index.php?rest_route=\/wp\/v2\/users\/889"}],"replies":[{"embeddable":true,"href":"https:\/\/goethe-schule-harburg.hamburg.de\/index.php?rest_route=%2Fwp%2Fv2%2Fcomments&post=7771"}],"version-history":[{"count":3,"href":"https:\/\/goethe-schule-harburg.hamburg.de\/index.php?rest_route=\/wp\/v2\/pages\/7771\/revisions"}],"predecessor-version":[{"id":7776,"href":"https:\/\/goethe-schule-harburg.hamburg.de\/index.php?rest_route=\/wp\/v2\/pages\/7771\/revisions\/7776"}],"wp:attachment":[{"href":"https:\/\/goethe-schule-harburg.hamburg.de\/index.php?rest_route=%2Fwp%2Fv2%2Fmedia&parent=7771"}],"curies":[{"name":"wp","href":"https:\/\/api.w.org\/{rel}","templated":true}]}}