{"id":7773,"date":"2021-05-28T11:35:40","date_gmt":"2021-05-28T09:35:40","guid":{"rendered":"https:\/\/goethe-schule-harburg.hamburg.de\/?page_id=7773"},"modified":"2021-05-28T11:35:40","modified_gmt":"2021-05-28T09:35:40","slug":"elterncafe","status":"publish","type":"page","link":"https:\/\/goethe-schule-harburg.hamburg.de\/?page_id=7773","title":{"rendered":"Elterncafe"},"content":{"rendered":"<h1>ELTERNCAFE<\/h1>\n<h2>Die GSH l\u00e4dt alle Eltern herzlich zum Elterncaf\u00e9 an der Goethe Schule Harburg ein!<\/h2>\n<p>Hier haben Sie die M\u00f6glichkeit, andere Eltern in gem\u00fctlicher Runde bei Kaffee und Kuchen kennenzulernen, miteinander ins Gespr\u00e4ch zu kommen und am Erfahrungs- und Gedankenaustausch teilzunehmen sowie wichtige Informationen rund um Schule zu erfahren.<\/p>\n<p>Bei Bedarf k\u00f6nnen auch Referentinnen und Referenten zu besonderen Themen rund um Erziehung und Schule eingeladen werden.<\/p>\n<p>Au\u00dferdem findet einmal im Schuljahr unser gemeinsames traditionelles Pizza- und Pl\u00e4tzchenbacken mit Eltern und Kindern statt.<\/p>\n<p>Wir freuen uns, Sie im Elterncaf\u00e9 begr\u00fc\u00dfen zu k\u00f6nnen.<\/p>\n","protected":false},"excerpt":{"rendered":"<p>ELTERNCAFE Die GSH l\u00e4dt alle Eltern herzlich zum Elterncaf\u00e9 an der Goethe Schule Harburg ein! Hier haben Sie die M\u00f6glichkeit, andere Eltern in gem\u00fctlicher Runde bei Kaffee und Kuchen kennenzulernen, miteinander ins Gespr\u00e4ch zu kommen und am Erfahrungs- und Gedankenaustausch teilzunehmen sowie wichtige Informationen rund um Schule zu erfahren. Bei Bedarf k\u00f6nnen auch Referentinnen und&hellip; <br \/> <a class=\"read-more\" href=\"https:\/\/goethe-schule-harburg.hamburg.de\/?page_id=7773\">Weiterlesen<\/a><\/p>\n","protected":false},"author":889,"featured_media":0,"parent":0,"menu_order":0,"comment_status":"closed","ping_status":"closed","template":"","meta":{"_acf_changed":false,"footnotes":""},"class_list":["post-7773","page","type-page","status-publish","hentry"],"acf":[],"_links":{"self":[{"href":"https:\/\/goethe-schule-harburg.hamburg.de\/index.php?rest_route=\/wp\/v2\/pages\/7773","targetHints":{"allow":["GET"]}}],"collection":[{"href":"https:\/\/goethe-schule-harburg.hamburg.de\/index.php?rest_route=\/wp\/v2\/pages"}],"about":[{"href":"https:\/\/goethe-schule-harburg.hamburg.de\/index.php?rest_route=\/wp\/v2\/types\/page"}],"author":[{"embeddable":true,"href":"https:\/\/goethe-schule-harburg.hamburg.de\/index.php?rest_route=\/wp\/v2\/users\/889"}],"replies":[{"embeddable":true,"href":"https:\/\/goethe-schule-harburg.hamburg.de\/index.php?rest_route=%2Fwp%2Fv2%2Fcomments&post=7773"}],"version-history":[{"count":1,"href":"https:\/\/goethe-schule-harburg.hamburg.de\/index.php?rest_route=\/wp\/v2\/pages\/7773\/revisions"}],"predecessor-version":[{"id":7774,"href":"https:\/\/goethe-schule-harburg.hamburg.de\/index.php?rest_route=\/wp\/v2\/pages\/7773\/revisions\/7774"}],"wp:attachment":[{"href":"https:\/\/goethe-schule-harburg.hamburg.de\/index.php?rest_route=%2Fwp%2Fv2%2Fmedia&parent=7773"}],"curies":[{"name":"wp","href":"https:\/\/api.w.org\/{rel}","templated":true}]}}