{"id":8088,"date":"2021-11-12T19:45:44","date_gmt":"2021-11-12T18:45:44","guid":{"rendered":"https:\/\/goethe-schule-harburg.hamburg.de\/?page_id=8088"},"modified":"2022-01-26T17:31:45","modified_gmt":"2022-01-26T16:31:45","slug":"anmeldung-jahrgang-5-fuer-das-schuljahr-2022-23","status":"publish","type":"page","link":"https:\/\/goethe-schule-harburg.hamburg.de\/?page_id=8088","title":{"rendered":"Anmeldung Jahrgang 5 f\u00fcr das Schuljahr 2022\/23"},"content":{"rendered":"<h1>Liebe Eltern der 4.-Kl\u00e4ssler und liebe Eltern der 6.-Kl\u00e4ssler,<\/h1>\n<p>in diesem Jahr k\u00f6nnen aufgrund der Corona-Pandemie in der Hamburger Anmeldewoche leider keine Beratungsgespr\u00e4che f\u00fcr alle stattfinden. Das tut uns sehr leid, wir h\u00e4tten Sie alle gerne mit Ihren Kindern bei uns zum Gespr\u00e4ch begr\u00fc\u00dft.<\/p>\n<p>F\u00fcr die Abgabe der Anmeldeunterlagen k\u00f6nnen Sie vom 31.01.2022 bis zum 04.02.2022 in die Schule kommen und die unten aufgelisteten Unterlagen in den Anmeldekasten in der Pausenhalle werfen. Wenn die Schule geschlossen ist k\u00f6nnen Sie die Unterlagen auch au\u00dferhalb der \u00d6ffnungszeiten in unseren Briefkasten am Hauptgeb\u00e4ude in der Ei\u00dfendorfer Stra\u00dfe 26 einwerfen.<\/p>\n<p>F\u00fcr die Anmeldung ben\u00f6tigen Sie:<\/p>\n<ul>\n<li>die Kopie des Halbjahreszeugnis Klasse 4 bzw. 6<\/li>\n<li>den ausgef\u00fcllten Anmeldebogen f\u00fcr die weiterf\u00fchrende Schule<\/li>\n<li>das Empfehlungsschreiben Stadtteilschule oder Gymnasium<\/li>\n<li>eine Kopie Ihres Ausweises (Sorgeberechtigte)<\/li>\n<li>den ausgef\u00fcllten Fragebogen der GSH <a href=\"https:\/\/goethe-schule-harburg.hamburg.de\/wp-content\/uploads\/sites\/155\/2022\/01\/Anmeldung-Fragebogen-Jan22.pdf\">Anmeldung Fragebogen Jan22<\/a><\/li>\n<\/ul>\n<p>Sollten Sie aus besonderen Gr\u00fcnden ein Gespr\u00e4ch unbedingt ben\u00f6tigen, schicken Sie bitte eine Mail an <a href=\"mailto:anmeldung@goethe-schule-harburg.de\">anmeldung@goethe-schule-harburg.de<\/a> oder rufen Sie unsere Abteilungsleiter Thomas Dold f\u00fcr den Jahrgang 5 unter 040 \/ 428871 261 oder Jan-Henning Preu\u00dfe f\u00fcr den Jahrgang 7 unter 040 \/ 428871 222 an, um gegebenenfalls einen pers\u00f6nlichen oder telefonischen Gespr\u00e4chstermin f\u00fcr die Anmeldewoche zu vereinbaren.<\/p>\n<p>Herzliche Gr\u00fc\u00dfe<\/p>\n<p>Thomas Dold und Jan-Henning Preu\u00dfe&nbsp;&nbsp;&nbsp;&nbsp;&nbsp;&nbsp;&nbsp;&nbsp;&nbsp;&nbsp;&nbsp;&nbsp;<\/p>\n<h1>&nbsp;<\/h1>\n<p><strong>Ansprechpartner<\/strong>:<\/p>\n<p>Herr Dold, Abteilungsleiter der Jahrg\u00e4nge 5 und 6<\/p>\n<p>Tel.: 040 \/ 428 871 261<\/p>\n<p>E-Mail:&nbsp;<a href=\"mailto:thomas.dold@goethe-schule-harburg.de\">thomas.dold@goethe-schule-harburg.de<\/a><\/p>\n<p>&nbsp;<\/p>\n<p>Herr Preu\u00dfe, Abteilungsleiter der Jahrg\u00e4nge 7 und 8<\/p>\n<p>Tel.: 040 \/ 428 871 222<\/p>\n<p>E-Mail:&nbsp;<a href=\"mailto:jan-henning.preusse@goethe-schule-harburg.de\">jan-henning.preusse@goethe-schule-harburg.de<\/a><\/p>\n<p>&nbsp;<\/p>\n<p><strong>Anmeldewoche<\/strong>:<\/p>\n<p>Mo, 31.01.2022 bis Fr,04.02.2022<\/p>\n<p>Montag bis Donnerstag von 8-15 Uhr, Freitag von 8-12 Uhr<\/p>\n<p>Das Anmeldeformular erhalten Sie im Sekretariat Ihrer Grundschule.<\/p>\n<p>Hinweis: Die Reihenfolge der Anmeldung entscheidet&nbsp;<strong>nicht<\/strong>&nbsp;\u00fcber die Aufnahme!<\/p>\n<p>&nbsp;<\/p>\n","protected":false},"excerpt":{"rendered":"<p>Liebe Eltern der 4.-Kl\u00e4ssler und liebe Eltern der 6.-Kl\u00e4ssler, in diesem Jahr k\u00f6nnen aufgrund der Corona-Pandemie in der Hamburger Anmeldewoche leider keine Beratungsgespr\u00e4che f\u00fcr alle stattfinden. Das tut uns sehr leid, wir h\u00e4tten Sie alle gerne mit Ihren Kindern bei uns zum Gespr\u00e4ch begr\u00fc\u00dft. F\u00fcr die Abgabe der Anmeldeunterlagen k\u00f6nnen Sie vom 31.01.2022 bis zum&hellip; <br \/> <a class=\"read-more\" href=\"https:\/\/goethe-schule-harburg.hamburg.de\/?page_id=8088\">Weiterlesen<\/a><\/p>\n","protected":false},"author":1320,"featured_media":0,"parent":0,"menu_order":0,"comment_status":"closed","ping_status":"closed","template":"","meta":{"_acf_changed":false,"footnotes":""},"class_list":["post-8088","page","type-page","status-publish","hentry"],"acf":[],"_links":{"self":[{"href":"https:\/\/goethe-schule-harburg.hamburg.de\/index.php?rest_route=\/wp\/v2\/pages\/8088","targetHints":{"allow":["GET"]}}],"collection":[{"href":"https:\/\/goethe-schule-harburg.hamburg.de\/index.php?rest_route=\/wp\/v2\/pages"}],"about":[{"href":"https:\/\/goethe-schule-harburg.hamburg.de\/index.php?rest_route=\/wp\/v2\/types\/page"}],"author":[{"embeddable":true,"href":"https:\/\/goethe-schule-harburg.hamburg.de\/index.php?rest_route=\/wp\/v2\/users\/1320"}],"replies":[{"embeddable":true,"href":"https:\/\/goethe-schule-harburg.hamburg.de\/index.php?rest_route=%2Fwp%2Fv2%2Fcomments&post=8088"}],"version-history":[{"count":23,"href":"https:\/\/goethe-schule-harburg.hamburg.de\/index.php?rest_route=\/wp\/v2\/pages\/8088\/revisions"}],"predecessor-version":[{"id":8225,"href":"https:\/\/goethe-schule-harburg.hamburg.de\/index.php?rest_route=\/wp\/v2\/pages\/8088\/revisions\/8225"}],"wp:attachment":[{"href":"https:\/\/goethe-schule-harburg.hamburg.de\/index.php?rest_route=%2Fwp%2Fv2%2Fmedia&parent=8088"}],"curies":[{"name":"wp","href":"https:\/\/api.w.org\/{rel}","templated":true}]}}