{"id":8252,"date":"2022-03-21T15:42:14","date_gmt":"2022-03-21T14:42:14","guid":{"rendered":"https:\/\/goethe-schule-harburg.hamburg.de\/?page_id=8252"},"modified":"2023-10-03T20:25:22","modified_gmt":"2023-10-03T18:25:22","slug":"leitbild","status":"publish","type":"page","link":"https:\/\/goethe-schule-harburg.hamburg.de\/?page_id=8252","title":{"rendered":"Leitbild"},"content":{"rendered":"<h1>UNSER LEITBILD<\/h1>\n<p>PR\u00c4AMBEL<\/p>\n<p>Wir sind eine gro\u00dfe, bunte Stadtteilschule im Herzen Harburgs, die Interkulturalit\u00e4t und Inklusion verwirklicht.<\/p>\n<p>Wir legen Wert darauf, dass sich Sch\u00fcler:innen, Eltern und Mitarbeiter:innen in ihrer Vielfalt akzeptiert und wohl sowie zur Mitgestaltung aufgerufen f\u00fchlen. Wir schaffen als Schule die Voraussetzungen daf\u00fcr.<\/p>\n<p>Wir f\u00f6rdern das Verm\u00f6gen zur Empathie, pflegen einen respektvollen und freundlichen Umgang miteinander. Wir haben Vertrauen in die F\u00e4higkeiten aller Sch\u00fcler:innen. Ihre Neigungen und Interessen sind uns wichtig, wir m\u00f6chten sie ermutigen und in ihren St\u00e4rken herausfordern. Die Sch\u00fcler:innen stehen im Mittelpunkt unseres p\u00e4dagogischen Handelns.<\/p>\n<p>Unser Ziel ist es, unsere Sch\u00fcler:innen bei der Entfaltung ihrer Pers\u00f6nlichkeit und individuellen Leistungsentwicklung bestm\u00f6glich zu begleiten und zu f\u00f6rdern.<\/p>\n<p>Wir sind eine Kulturschule und verstehen kulturelle Bildung als Schl\u00fcssel f\u00fcr gesellschaftlichen Zusammenhalt und Voraussetzung f\u00fcr Teilhabe.&nbsp;<\/p>\n<p>Wir er\u00f6ffnen Kreativit\u00e4t, das Erleben von Gemeinschaft und Vielfalt in kulturellen Prozessen umfassend allen unseren Sch\u00fcler:innen.<\/p>\n<p>Wir gestalten unsere Schule als einen Ort der Begegnung, der die individuelle Entwicklung von St\u00e4rken besonders f\u00f6rdert und junge Menschen bildet, die mutig, weltoffen, kreativ und urteilsf\u00e4hig die demokratische Gesellschaft von heute und morgen gestalten.<\/p>\n<p>Dabei lassen wir uns von den folgenden Ideen leiten:<br \/>\n1. Unterricht und Leistung<br \/>\n2. Kommunikation<br \/>\n3. Professionalit\u00e4t<br \/>\n4. Sch\u00fclerpartizipation<\/p>\n<p><a href=\"https:\/\/goethe-schule-harburg.hamburg.de\/wp-content\/uploads\/sites\/155\/2022\/03\/Leitbild-03_2022_neu.pdf\"><img loading=\"lazy\" decoding=\"async\" class=\"alignleft size-medium wp-image-8253\" src=\"https:\/\/goethe-schule-harburg.hamburg.de\/wp-content\/uploads\/sites\/155\/2022\/03\/leitbild-210x300.jpg\" alt=\"\" width=\"210\" height=\"300\" srcset=\"https:\/\/goethe-schule-harburg.hamburg.de\/wp-content\/uploads\/sites\/155\/2022\/03\/leitbild-210x300.jpg 210w, https:\/\/goethe-schule-harburg.hamburg.de\/wp-content\/uploads\/sites\/155\/2022\/03\/leitbild-717x1024.jpg 717w, https:\/\/goethe-schule-harburg.hamburg.de\/wp-content\/uploads\/sites\/155\/2022\/03\/leitbild-768x1097.jpg 768w, https:\/\/goethe-schule-harburg.hamburg.de\/wp-content\/uploads\/sites\/155\/2022\/03\/leitbild.jpg 791w\" sizes=\"auto, (max-width: 210px) 100vw, 210px\" \/> <\/a><\/p>\n<p>&nbsp;<\/p>\n<p>&nbsp;<\/p>\n<p>&nbsp;<\/p>\n<p><a href=\"https:\/\/goethe-schule-harburg.hamburg.de\/wp-content\/uploads\/sites\/155\/2022\/03\/Leitbild-03_2022_neu.pdf\" target=\"_blank\" rel=\"noopener\">Das ganze Leitbild im Download: Leitbild<\/a><\/p>\n","protected":false},"excerpt":{"rendered":"<p>UNSER LEITBILD PR\u00c4AMBEL Wir sind eine gro\u00dfe, bunte Stadtteilschule im Herzen Harburgs, die Interkulturalit\u00e4t und Inklusion verwirklicht. Wir legen Wert darauf, dass sich Sch\u00fcler:innen, Eltern und Mitarbeiter:innen in ihrer Vielfalt akzeptiert und wohl sowie zur Mitgestaltung aufgerufen f\u00fchlen. Wir schaffen als Schule die Voraussetzungen daf\u00fcr. Wir f\u00f6rdern das Verm\u00f6gen zur Empathie, pflegen einen respektvollen und&hellip; <br \/> <a class=\"read-more\" href=\"https:\/\/goethe-schule-harburg.hamburg.de\/?page_id=8252\">Weiterlesen<\/a><\/p>\n","protected":false},"author":1320,"featured_media":8253,"parent":0,"menu_order":0,"comment_status":"closed","ping_status":"closed","template":"","meta":{"_acf_changed":false,"footnotes":""},"class_list":["post-8252","page","type-page","status-publish","has-post-thumbnail","hentry"],"acf":[],"_links":{"self":[{"href":"https:\/\/goethe-schule-harburg.hamburg.de\/index.php?rest_route=\/wp\/v2\/pages\/8252","targetHints":{"allow":["GET"]}}],"collection":[{"href":"https:\/\/goethe-schule-harburg.hamburg.de\/index.php?rest_route=\/wp\/v2\/pages"}],"about":[{"href":"https:\/\/goethe-schule-harburg.hamburg.de\/index.php?rest_route=\/wp\/v2\/types\/page"}],"author":[{"embeddable":true,"href":"https:\/\/goethe-schule-harburg.hamburg.de\/index.php?rest_route=\/wp\/v2\/users\/1320"}],"replies":[{"embeddable":true,"href":"https:\/\/goethe-schule-harburg.hamburg.de\/index.php?rest_route=%2Fwp%2Fv2%2Fcomments&post=8252"}],"version-history":[{"count":7,"href":"https:\/\/goethe-schule-harburg.hamburg.de\/index.php?rest_route=\/wp\/v2\/pages\/8252\/revisions"}],"predecessor-version":[{"id":9345,"href":"https:\/\/goethe-schule-harburg.hamburg.de\/index.php?rest_route=\/wp\/v2\/pages\/8252\/revisions\/9345"}],"wp:featuredmedia":[{"embeddable":true,"href":"https:\/\/goethe-schule-harburg.hamburg.de\/index.php?rest_route=\/wp\/v2\/media\/8253"}],"wp:attachment":[{"href":"https:\/\/goethe-schule-harburg.hamburg.de\/index.php?rest_route=%2Fwp%2Fv2%2Fmedia&parent=8252"}],"curies":[{"name":"wp","href":"https:\/\/api.w.org\/{rel}","templated":true}]}}