{"id":8593,"date":"2023-02-21T12:17:09","date_gmt":"2023-02-21T11:17:09","guid":{"rendered":"https:\/\/goethe-schule-harburg.hamburg.de\/?page_id=8593"},"modified":"2026-01-23T09:31:42","modified_gmt":"2026-01-23T08:31:42","slug":"hauptstandort-eissendorfer-strasse","status":"publish","type":"page","link":"https:\/\/goethe-schule-harburg.hamburg.de\/?page_id=8593","title":{"rendered":"Hauptstandort Ei\u00dfendorfer Stra\u00dfe"},"content":{"rendered":"<p style=\"text-align: left\">Schulleitung und Jahrg\u00e4nge 5-8 und 11-13<img loading=\"lazy\" decoding=\"async\" class=\" wp-image-1001 alignright\" src=\"https:\/\/goethe-schule-harburg.hamburg.de\/wp-content\/uploads\/sites\/155\/2015\/03\/eissendorfer-300x200.jpg\" alt=\"\" width=\"431\" height=\"287\"><\/p>\n<p style=\"text-align: left\">Goethe-Schule-Harburg<br>Ei\u00dfendorfer Stra\u00dfe 26<br>21073 Hamburg<\/p>\n<p>Telefon: 040 428 871 0 (ab 07:30 Uhr)<\/p>\n<p style=\"text-align: left\">Leitzahl: 620\/5070<\/p>\n<p style=\"text-align: left\">E-Mail: <a href=\"mailto:goethe-schule-harburg@bsb.hamburg.de\">goethe-schule-harburg@bsfb.hamburg.de<\/a><\/p>\n<p style=\"text-align: left\">Sekretariat:<\/p>\n<p style=\"text-align: left\">Frau Atas, Frau Niedhart, Frau Reinhold, Frau Suyer, Frau T\u00fcrkyilmaz (Leitung)<\/p>\n<p>&nbsp;<\/p>\n<p style=\"text-align: left\">\u00d6ffnungszeiten:<\/p>\n\n\n<table style=\"border-collapse: collapse;width: 100%;height: 90px\">\n<tbody>\n<tr style=\"height: 18px\">\n<td style=\"width: 14.880952%;text-align: right;height: 18px\">Montag:<\/td>\n<td style=\"width: 85.119048%;height: 18px\">08:00 &#8211; 15:00 Uhr<\/td>\n<\/tr>\n<tr style=\"height: 18px\">\n<td style=\"width: 14.880952%;text-align: right;height: 18px\">Dienstag:<\/td>\n<td style=\"width: 85.119048%;height: 18px\">08:00 &#8211; 15:30 Uhr<\/td>\n<\/tr>\n<tr style=\"height: 18px\">\n<td style=\"width: 14.880952%;text-align: right;height: 18px\">Mittwoch:<\/td>\n<td style=\"width: 85.119048%;height: 18px\">08:00 &#8211; 13:30 und 14:30 &#8211; 15:00 Uhr<\/td>\n<\/tr>\n<tr style=\"height: 18px\">\n<td style=\"width: 14.880952%;text-align: right;height: 18px\">Donnerstag:<\/td>\n<td style=\"width: 85.119048%;height: 18px\">08:00 &#8211; 15:30 Uhr<\/td>\n<\/tr>\n<tr style=\"height: 18px\">\n<td style=\"width: 14.880952%;text-align: right;height: 18px\">Freitag:<\/td>\n<td style=\"width: 85.119048%;height: 18px\">08:00 &#8211; 14:00 Uhr<\/td>\n<\/tr>\n<\/tbody>\n<\/table>\n\n\n\n<p>&nbsp;<\/p>\n<p>&nbsp;<\/p>\n\n\n\n<p>Hausmeisterteam: Frau Opitz, Herr Opitz<\/p>\n","protected":false},"excerpt":{"rendered":"<p>Schulleitung und Jahrg\u00e4nge 5-8 und 11-13 Goethe-Schule-HarburgEi\u00dfendorfer Stra\u00dfe 2621073 Hamburg Telefon: 040 428 871 0 (ab 07:30 Uhr) Leitzahl: 620\/5070 E-Mail: goethe-schule-harburg@bsfb.hamburg.de Sekretariat: Frau Atas, Frau Niedhart, Frau Reinhold, Frau Suyer, Frau T\u00fcrkyilmaz (Leitung) &nbsp; \u00d6ffnungszeiten: Montag: 08:00 &#8211; 15:00 Uhr Dienstag: 08:00 &#8211; 15:30 Uhr Mittwoch: 08:00 &#8211; 13:30 und 14:30 &#8211; 15:00 Uhr&hellip; <br \/> <a class=\"read-more\" href=\"https:\/\/goethe-schule-harburg.hamburg.de\/?page_id=8593\">Weiterlesen<\/a><\/p>\n","protected":false},"author":1702,"featured_media":0,"parent":11,"menu_order":0,"comment_status":"closed","ping_status":"closed","template":"","meta":{"_acf_changed":false,"footnotes":""},"class_list":["post-8593","page","type-page","status-publish","hentry"],"acf":[],"_links":{"self":[{"href":"https:\/\/goethe-schule-harburg.hamburg.de\/index.php?rest_route=\/wp\/v2\/pages\/8593","targetHints":{"allow":["GET"]}}],"collection":[{"href":"https:\/\/goethe-schule-harburg.hamburg.de\/index.php?rest_route=\/wp\/v2\/pages"}],"about":[{"href":"https:\/\/goethe-schule-harburg.hamburg.de\/index.php?rest_route=\/wp\/v2\/types\/page"}],"author":[{"embeddable":true,"href":"https:\/\/goethe-schule-harburg.hamburg.de\/index.php?rest_route=\/wp\/v2\/users\/1702"}],"replies":[{"embeddable":true,"href":"https:\/\/goethe-schule-harburg.hamburg.de\/index.php?rest_route=%2Fwp%2Fv2%2Fcomments&post=8593"}],"version-history":[{"count":27,"href":"https:\/\/goethe-schule-harburg.hamburg.de\/index.php?rest_route=\/wp\/v2\/pages\/8593\/revisions"}],"predecessor-version":[{"id":12461,"href":"https:\/\/goethe-schule-harburg.hamburg.de\/index.php?rest_route=\/wp\/v2\/pages\/8593\/revisions\/12461"}],"up":[{"embeddable":true,"href":"https:\/\/goethe-schule-harburg.hamburg.de\/index.php?rest_route=\/wp\/v2\/pages\/11"}],"wp:attachment":[{"href":"https:\/\/goethe-schule-harburg.hamburg.de\/index.php?rest_route=%2Fwp%2Fv2%2Fmedia&parent=8593"}],"curies":[{"name":"wp","href":"https:\/\/api.w.org\/{rel}","templated":true}]}}