{"id":963,"date":"2015-09-28T11:14:15","date_gmt":"2015-09-28T09:14:15","guid":{"rendered":"http:\/\/goethe-schule-harburg.schulhomepages.hamburg.de\/?page_id=963"},"modified":"2026-02-09T12:27:48","modified_gmt":"2026-02-09T11:27:48","slug":"service-bereich-der-oberstufe","status":"publish","type":"page","link":"https:\/\/goethe-schule-harburg.hamburg.de\/?page_id=963","title":{"rendered":"Anmeldung Oberstufe Dokumente"},"content":{"rendered":"<h1>Anmeldung Oberstufe Dokumente<\/h1>\n<p>&nbsp;<\/p>\n<p>Hier finden Sie die wichtigsten Dokumente zur Anmeldung f\u00fcr die Jahrg\u00e4nge 11 oder 12 der Oberstufe der Goethe-Schule-Harburg: Die Wahlen f\u00fcr das Schuljahr 2026\/27 sind abgeschlossen. Wenden Sie sich bei Fragen zu den F\u00e4cherwahlen oder verf\u00fcgbaren Pl\u00e4tzen bitte direkt an sabine.reinhold@goethe-schule-harburg.de<\/p>\n<p style=\"padding-left: 30px\"><a href=\"https:\/\/goethe-schule-harburg.hamburg.de\/wp-content\/uploads\/sites\/155\/2026\/01\/Anmeldeformular.pdf\" rel=\"\">Anmeldebogen f\u00fcr die Oberstufe der GSH<\/a><\/p>\n<p style=\"padding-left: 30px\">&nbsp;<\/p>\n\n\n\n","protected":false},"excerpt":{"rendered":"<p>Anmeldung Oberstufe Dokumente &nbsp; Hier finden Sie die wichtigsten Dokumente zur Anmeldung f\u00fcr die Jahrg\u00e4nge 11 oder 12 der Oberstufe der Goethe-Schule-Harburg: Die Wahlen f\u00fcr das Schuljahr 2026\/27 sind abgeschlossen. Wenden Sie sich bei Fragen zu den F\u00e4cherwahlen oder verf\u00fcgbaren Pl\u00e4tzen bitte direkt an sabine.reinhold@goethe-schule-harburg.de Anmeldebogen f\u00fcr die Oberstufe der GSH &nbsp;<\/p>\n","protected":false},"author":275,"featured_media":0,"parent":37,"menu_order":0,"comment_status":"closed","ping_status":"closed","template":"","meta":{"_acf_changed":false,"footnotes":""},"class_list":["post-963","page","type-page","status-publish","hentry"],"acf":[],"_links":{"self":[{"href":"https:\/\/goethe-schule-harburg.hamburg.de\/index.php?rest_route=\/wp\/v2\/pages\/963","targetHints":{"allow":["GET"]}}],"collection":[{"href":"https:\/\/goethe-schule-harburg.hamburg.de\/index.php?rest_route=\/wp\/v2\/pages"}],"about":[{"href":"https:\/\/goethe-schule-harburg.hamburg.de\/index.php?rest_route=\/wp\/v2\/types\/page"}],"author":[{"embeddable":true,"href":"https:\/\/goethe-schule-harburg.hamburg.de\/index.php?rest_route=\/wp\/v2\/users\/275"}],"replies":[{"embeddable":true,"href":"https:\/\/goethe-schule-harburg.hamburg.de\/index.php?rest_route=%2Fwp%2Fv2%2Fcomments&post=963"}],"version-history":[{"count":48,"href":"https:\/\/goethe-schule-harburg.hamburg.de\/index.php?rest_route=\/wp\/v2\/pages\/963\/revisions"}],"predecessor-version":[{"id":12491,"href":"https:\/\/goethe-schule-harburg.hamburg.de\/index.php?rest_route=\/wp\/v2\/pages\/963\/revisions\/12491"}],"up":[{"embeddable":true,"href":"https:\/\/goethe-schule-harburg.hamburg.de\/index.php?rest_route=\/wp\/v2\/pages\/37"}],"wp:attachment":[{"href":"https:\/\/goethe-schule-harburg.hamburg.de\/index.php?rest_route=%2Fwp%2Fv2%2Fmedia&parent=963"}],"curies":[{"name":"wp","href":"https:\/\/api.w.org\/{rel}","templated":true}]}}