{"id":9994,"date":"2024-02-21T07:49:20","date_gmt":"2024-02-21T06:49:20","guid":{"rendered":"https:\/\/goethe-schule-harburg.hamburg.de\/?page_id=9994"},"modified":"2024-02-21T11:04:31","modified_gmt":"2024-02-21T10:04:31","slug":"berufsinformationstag-2024","status":"publish","type":"page","link":"https:\/\/goethe-schule-harburg.hamburg.de\/?page_id=9994","title":{"rendered":"Berufsinformationstag 2023"},"content":{"rendered":"<p style=\"font-weight: 400;text-align: left\"><img loading=\"lazy\" decoding=\"async\" class=\"size-medium wp-image-9995 alignright\" src=\"https:\/\/goethe-schule-harburg.hamburg.de\/wp-content\/uploads\/sites\/155\/2024\/02\/1-300x249.jpg\" alt=\"\" width=\"300\" height=\"249\" srcset=\"https:\/\/goethe-schule-harburg.hamburg.de\/wp-content\/uploads\/sites\/155\/2024\/02\/1-300x249.jpg 300w, https:\/\/goethe-schule-harburg.hamburg.de\/wp-content\/uploads\/sites\/155\/2024\/02\/1.jpg 592w\" sizes=\"auto, (max-width: 300px) 100vw, 300px\" \/>Ein turbulenter Vormittag unter dem Motto: Schule trifft Wirtschaft \u2026 oder aber: #Nachwuchs vor Ort akquirieren: So fand am 22.11.23 in der Goethe-Schule-Harburg (GSH) der j\u00e4hrliche Berufsinformationstag (BIT) statt.<\/p>\n<p style=\"font-weight: 400;text-align: left\">\u00dcber 60 Unternehmen pr\u00e4sentierten ihre Firma mit den vielf\u00e4ltigen Angeboten den ca. 1000 Sch\u00fcler*innen der GSH und der Beruflichen Schule Hamburg Harburg. Mit Begeisterung und Leidenschaft vermittelten sie: Beruf kommt von Berufung.<\/p>\n<p style=\"font-weight: 400\">Dass unser Nachwuchs tats\u00e4chlich akquiriert wird, zeigen die vielen Ehemaligen, die an diesem Tag durch ein Schild: \u201eIch war an der GSH\u201c zu erkennen waren. Gespr\u00e4che wurden gef\u00fchrt und auch Bewerbungen wurden entweder \u00fcberreicht oder aber dienten als Gespr\u00e4chsgrundlage.<\/p>\n<p style=\"font-weight: 400\">Unser \u201eRund-um-Paket\u201c beginnt mit der freundlichen Begr\u00fc\u00dfung auf dem Parkplatz durch die 10os mit Herrn Ziegler. Die Fahrstuhl-\u201erufer*innen\u201c, Wegweiser*innen, sowie Sch\u00fcler*innen, die 8. kl\u00e4ssler begleiten und bei der Kontaktaufnahme unterst\u00fctzen, \u00fcbernehmen unsere BIT-Navis. Des Weiteren wird eine Cafeteria von der 10vl mit Frau K\u00f6ntges betrieben. Keiner muss verhungern oder verdursten und keiner geht verloren.<\/p>\n<p style=\"font-weight: 400\">Dieses Ziel haben wir als Schule auch, wenn es um unsere Sch\u00fcler*innen geht und so wissen wir am Ende der 10. Klasse von jedem, wo er\/sie Anschluss gefunden hat. Viele von ihnen sehen wir wieder bei der ein oder anderen Reparatur am Haus \u2026 stets ein freudiges Wiedersehen.<img loading=\"lazy\" decoding=\"async\" class=\"size-medium wp-image-9996 alignright\" src=\"https:\/\/goethe-schule-harburg.hamburg.de\/wp-content\/uploads\/sites\/155\/2024\/02\/Unbenannt-300x193.jpg\" alt=\"\" width=\"300\" height=\"193\" srcset=\"https:\/\/goethe-schule-harburg.hamburg.de\/wp-content\/uploads\/sites\/155\/2024\/02\/Unbenannt-300x193.jpg 300w, https:\/\/goethe-schule-harburg.hamburg.de\/wp-content\/uploads\/sites\/155\/2024\/02\/Unbenannt.jpg 565w\" sizes=\"auto, (max-width: 300px) 100vw, 300px\" \/><\/p>\n<p style=\"font-weight: 400\">Bei der diesj\u00e4hrigen Abschlussveranstaltung wurden alle musikalisch von der 10mu unter der Leitung von Herrn Gillmeister begr\u00fc\u00dft, denn wir feierten 25-j\u00e4hriges Jubil\u00e4um des Bit.<\/p>\n<p style=\"font-weight: 400\">Eine lange Tradition, die vom Schulleiter Herrn Preu\u00dfe mit einem gro\u00dfen Dank an die Teilnehmer gew\u00fcrdigt wurde.<\/p>\n<p style=\"font-weight: 400\">Die BIT-Organisatorinnen Frau Zander und Frau Habbert schlie\u00dfen sich dem an und freuen sich auf die n\u00e4chsten \u2026 Jahre.<\/p>\n<p style=\"font-weight: 400\">#save the date 20.11.2024<\/p>\n<p style=\"font-weight: 400\">&nbsp;<\/p>\n<p style=\"font-weight: 400\">&nbsp;<\/p>\n","protected":false},"excerpt":{"rendered":"<p>Ein turbulenter Vormittag unter dem Motto: Schule trifft Wirtschaft \u2026 oder aber: #Nachwuchs vor Ort akquirieren: So fand am 22.11.23 in der Goethe-Schule-Harburg (GSH) der j\u00e4hrliche Berufsinformationstag (BIT) statt. \u00dcber 60 Unternehmen pr\u00e4sentierten ihre Firma mit den vielf\u00e4ltigen Angeboten den ca. 1000 Sch\u00fcler*innen der GSH und der Beruflichen Schule Hamburg Harburg. Mit Begeisterung und Leidenschaft&hellip; <br \/> <a class=\"read-more\" href=\"https:\/\/goethe-schule-harburg.hamburg.de\/?page_id=9994\">Weiterlesen<\/a><\/p>\n","protected":false},"author":1702,"featured_media":0,"parent":0,"menu_order":0,"comment_status":"closed","ping_status":"closed","template":"","meta":{"_acf_changed":false,"footnotes":""},"class_list":["post-9994","page","type-page","status-publish","hentry"],"acf":[],"_links":{"self":[{"href":"https:\/\/goethe-schule-harburg.hamburg.de\/index.php?rest_route=\/wp\/v2\/pages\/9994","targetHints":{"allow":["GET"]}}],"collection":[{"href":"https:\/\/goethe-schule-harburg.hamburg.de\/index.php?rest_route=\/wp\/v2\/pages"}],"about":[{"href":"https:\/\/goethe-schule-harburg.hamburg.de\/index.php?rest_route=\/wp\/v2\/types\/page"}],"author":[{"embeddable":true,"href":"https:\/\/goethe-schule-harburg.hamburg.de\/index.php?rest_route=\/wp\/v2\/users\/1702"}],"replies":[{"embeddable":true,"href":"https:\/\/goethe-schule-harburg.hamburg.de\/index.php?rest_route=%2Fwp%2Fv2%2Fcomments&post=9994"}],"version-history":[{"count":2,"href":"https:\/\/goethe-schule-harburg.hamburg.de\/index.php?rest_route=\/wp\/v2\/pages\/9994\/revisions"}],"predecessor-version":[{"id":10042,"href":"https:\/\/goethe-schule-harburg.hamburg.de\/index.php?rest_route=\/wp\/v2\/pages\/9994\/revisions\/10042"}],"wp:attachment":[{"href":"https:\/\/goethe-schule-harburg.hamburg.de\/index.php?rest_route=%2Fwp%2Fv2%2Fmedia&parent=9994"}],"curies":[{"name":"wp","href":"https:\/\/api.w.org\/{rel}","templated":true}]}}